{"id":1007,"date":"2017-03-23T10:46:53","date_gmt":"2017-03-23T08:46:53","guid":{"rendered":"http:\/\/ornet.eu\/?page_id=1007"},"modified":"2023-01-24T12:25:50","modified_gmt":"2023-01-24T10:25:50","slug":"patient-data-and-patient-image-archives","status":"publish","type":"page","link":"https:\/\/ornet.eu\/da\/ornet-surgery-2\/patient-data-and-patient-image-archives\/","title":{"rendered":"Patientdata og patientbilledarkiver"},"content":{"rendered":"<div id=\"pl-1007\"  class=\"panel-layout\" ><div id=\"pg-1007-0\"  class=\"panel-grid panel-has-style\" ><div style=\"padding: 0px 0; \" data-overlay=\"true\" data-overlay-color=\"#000000\" class=\"panel-row-style panel-row-style-for-1007-0\" ><div id=\"pgc-1007-0-0\"  class=\"panel-grid-cell\" ><div id=\"panel-1007-0-0-0\" class=\"so-panel widget widget_text panel-first-child panel-last-child\" data-index=\"0\" ><div style=\"text-align: left;\" data-title-color=\"#443f3f\" data-headings-color=\"#443f3f\" class=\"panel-widget-style panel-widget-style-for-1007-0-0-0\" ><h3 class=\"widget-title\">Patientdata og patientbilledarkiver<\/h3>\t\t\t<div class=\"textwidget\"><p>ORNet Surgery kan integreres med hospitalssystemer for at hente oplysninger s\u00e5som patientidentifikationsdata, planlagt drift og procedureoplysninger fra hospitalets eget patientinformationssystem. Patientfilen kan v\u00e6lges ved hj\u00e6lp af en r\u00e6kke forskellige filtre, herunder ID, patientnavn, dato osv.  Det er ogs\u00e5 muligt at tilf\u00f8je nye patienter eller nye procedurer manuelt.<\/p>\n<p>Efter valg af procedure giver afsnittet Procedureinfo et detaljeret overblik over den valgte procedure, herunder patientoplysninger, hvem der er ansvarlig for proceduren, tid og varighed, antal videoer, billeder og lydoptagelser, der er gemt under proceduren, og antallet af arkiverede mediefiler.<\/p>\n<p>Kirurgiske hold kan se pr\u00e6-procedurem\u00e6ssige billeder, r\u00f8ntgen, MR, CR eller ultralyd p\u00e5 sk\u00e6rme p\u00e5 OR. Knappen \"Media\" p\u00e5 ORNet Surgery-startsk\u00e6rmen giver adgang til alle de mediefiler, der er knyttet til den valgte procedure. Brugere kan ogs\u00e5 bruge filtre til billeder, videoer, lyd, favoritter og arkiveret til at se specifikke mediefiler fra disse kategorier. Billeder og videoer med patientdata kan gemmes i billedarkiver. I den nyeste version kan billeder udtr\u00e6kkes fra arkiverne og kan ogs\u00e5 sammenlignes side om side under analyse f\u00f8r og efter proceduren.<\/p>\n<\/div>\n\t\t<\/div><\/div><\/div><div id=\"pgc-1007-0-1\"  class=\"panel-grid-cell\" ><div id=\"panel-1007-0-1-0\" class=\"so-panel widget widget_sow-image panel-first-child panel-last-child\" data-index=\"1\" ><div style=\"text-align: left;\" data-title-color=\"#443f3f\" data-headings-color=\"#443f3f\" class=\"panel-widget-style panel-widget-style-for-1007-0-1-0\" ><div\n\t\t\t\n\t\t\tclass=\"so-widget-sow-image so-widget-sow-image-default-c4f6304fc136-1007\"\n\t\t\t\n\t\t>\n<div class=\"sow-image-container\">\n\t\t<img fetchpriority=\"high\" \n\tsrc=\"https:\/\/ornet.eu\/wp-content\/uploads\/2017\/03\/patient-data-and-patient-image-archives.png\" width=\"628\" height=\"720\" srcset=\"https:\/\/ornet.eu\/wp-content\/uploads\/2017\/03\/patient-data-and-patient-image-archives.png 628w, https:\/\/ornet.eu\/wp-content\/uploads\/2017\/03\/patient-data-and-patient-image-archives-262x300.png 262w, https:\/\/ornet.eu\/wp-content\/uploads\/2017\/03\/patient-data-and-patient-image-archives-230x264.png 230w, https:\/\/ornet.eu\/wp-content\/uploads\/2017\/03\/patient-data-and-patient-image-archives-350x401.png 350w, https:\/\/ornet.eu\/wp-content\/uploads\/2017\/03\/patient-data-and-patient-image-archives-480x550.png 480w\" sizes=\"(max-width: 628px) 100vw, 628px\" title=\"patient data and patient image archives\" alt=\"\" \t\tclass=\"so-widget-image\"\/>\n\t<\/div>\n\n<\/div><\/div><\/div><\/div><\/div><\/div><\/div>","protected":false},"excerpt":{"rendered":"<p>ORNet Surgery can be integrated with hospital systems to retrieve information such as Patient identification<\/p>","protected":false},"author":1,"featured_media":0,"parent":473,"menu_order":0,"comment_status":"closed","ping_status":"closed","template":"page-templates\/page_fullwidth.php","meta":{"_eb_attr":"","om_disable_all_campaigns":false,"_uf_show_specific_survey":0,"_uf_disable_surveys":false,"two_page_speed":[],"footnotes":""},"class_list":["post-1007","page","type-page","status-publish","hentry"],"yoast_head":"<!-- This site is optimized with the Yoast SEO plugin v27.4 - https:\/\/yoast.com\/product\/yoast-seo-wordpress\/ -->\n<title>Patient data and patient image archives &#8211; ORNet<\/title>\n<meta name=\"robots\" content=\"index, follow, max-snippet:-1, max-image-preview:large, max-video-preview:-1\" \/>\n<link rel=\"canonical\" href=\"https:\/\/ornet.eu\/da\/ornet-surgery-2\/patient-data-and-patient-image-archives\/\" \/>\n<meta property=\"og:locale\" content=\"da_DK\" \/>\n<meta property=\"og:type\" content=\"article\" \/>\n<meta property=\"og:title\" content=\"Patient data and patient image archives &#8211; ORNet\" \/>\n<meta property=\"og:description\" content=\"ORNet Surgery can be integrated with hospital systems to retrieve information such as Patient identification\" \/>\n<meta property=\"og:url\" content=\"https:\/\/ornet.eu\/da\/ornet-surgery-2\/patient-data-and-patient-image-archives\/\" \/>\n<meta property=\"og:site_name\" content=\"ORNet\" \/>\n<meta property=\"article:publisher\" content=\"https:\/\/www.facebook.com\/baitpartner\" \/>\n<meta property=\"article:modified_time\" content=\"2023-01-24T10:25:50+00:00\" \/>\n<meta name=\"twitter:card\" content=\"summary_large_image\" \/>\n<meta name=\"twitter:site\" content=\"@BaitPartner\" \/>\n<meta name=\"twitter:label1\" content=\"Estimeret l\u00e6setid\" \/>\n\t<meta name=\"twitter:data1\" content=\"2 minutter\" \/>\n<script type=\"application\/ld+json\" class=\"yoast-schema-graph\">{\"@context\":\"https:\\\/\\\/schema.org\",\"@graph\":[{\"@type\":\"WebPage\",\"@id\":\"https:\\\/\\\/ornet.eu\\\/fi\\\/ornet-surgery-2\\\/patient-data-and-patient-image-archives\\\/\",\"url\":\"https:\\\/\\\/ornet.eu\\\/fi\\\/ornet-surgery-2\\\/patient-data-and-patient-image-archives\\\/\",\"name\":\"Patient data and patient image archives &#8211; ORNet\",\"isPartOf\":{\"@id\":\"https:\\\/\\\/www.ornet.eu\\\/fi\\\/#website\"},\"datePublished\":\"2017-03-23T08:46:53+00:00\",\"dateModified\":\"2023-01-24T10:25:50+00:00\",\"breadcrumb\":{\"@id\":\"https:\\\/\\\/ornet.eu\\\/fi\\\/ornet-surgery-2\\\/patient-data-and-patient-image-archives\\\/#breadcrumb\"},\"inLanguage\":\"da-DK\",\"potentialAction\":[{\"@type\":\"ReadAction\",\"target\":[\"https:\\\/\\\/ornet.eu\\\/fi\\\/ornet-surgery-2\\\/patient-data-and-patient-image-archives\\\/\"]}]},{\"@type\":\"BreadcrumbList\",\"@id\":\"https:\\\/\\\/ornet.eu\\\/fi\\\/ornet-surgery-2\\\/patient-data-and-patient-image-archives\\\/#breadcrumb\",\"itemListElement\":[{\"@type\":\"ListItem\",\"position\":1,\"name\":\"Home\",\"item\":\"https:\\\/\\\/www.ornet.eu\\\/fi\\\/\"},{\"@type\":\"ListItem\",\"position\":2,\"name\":\"ORNet Surgery\",\"item\":\"https:\\\/\\\/ornet.eu\\\/ornet-surgery-2\\\/\"},{\"@type\":\"ListItem\",\"position\":3,\"name\":\"Patient data and patient image archives\"}]},{\"@type\":\"WebSite\",\"@id\":\"https:\\\/\\\/www.ornet.eu\\\/fi\\\/#website\",\"url\":\"https:\\\/\\\/www.ornet.eu\\\/fi\\\/\",\"name\":\"ORNet\",\"description\":\"Medical Imaging &amp; Device Management Solutions\",\"publisher\":{\"@id\":\"https:\\\/\\\/www.ornet.eu\\\/fi\\\/#organization\"},\"potentialAction\":[{\"@type\":\"SearchAction\",\"target\":{\"@type\":\"EntryPoint\",\"urlTemplate\":\"https:\\\/\\\/www.ornet.eu\\\/fi\\\/?s={search_term_string}\"},\"query-input\":{\"@type\":\"PropertyValueSpecification\",\"valueRequired\":true,\"valueName\":\"search_term_string\"}}],\"inLanguage\":\"da-DK\"},{\"@type\":\"Organization\",\"@id\":\"https:\\\/\\\/www.ornet.eu\\\/fi\\\/#organization\",\"name\":\"Bait Partner O\u00dc\",\"url\":\"https:\\\/\\\/www.ornet.eu\\\/fi\\\/\",\"logo\":{\"@type\":\"ImageObject\",\"inLanguage\":\"da-DK\",\"@id\":\"https:\\\/\\\/www.ornet.eu\\\/fi\\\/#\\\/schema\\\/logo\\\/image\\\/\",\"url\":\"https:\\\/\\\/ornet.eu\\\/wp-content\\\/uploads\\\/2022\\\/03\\\/BAIT-PARTNER-logo-in-square-format.jpg\",\"contentUrl\":\"https:\\\/\\\/ornet.eu\\\/wp-content\\\/uploads\\\/2022\\\/03\\\/BAIT-PARTNER-logo-in-square-format.jpg\",\"width\":520,\"height\":520,\"caption\":\"Bait Partner O\u00dc\"},\"image\":{\"@id\":\"https:\\\/\\\/www.ornet.eu\\\/fi\\\/#\\\/schema\\\/logo\\\/image\\\/\"},\"sameAs\":[\"https:\\\/\\\/www.facebook.com\\\/baitpartner\",\"https:\\\/\\\/x.com\\\/BaitPartner\",\"https:\\\/\\\/www.instagram.com\\\/baitpartner\\\/\",\"https:\\\/\\\/www.linkedin.com\\\/company\\\/bait-partner-o-\\\/\"]}]}<\/script>\n<!-- \/ Yoast SEO plugin. -->","yoast_head_json":{"title":"Patient data and patient image archives &#8211; ORNet","robots":{"index":"index","follow":"follow","max-snippet":"max-snippet:-1","max-image-preview":"max-image-preview:large","max-video-preview":"max-video-preview:-1"},"canonical":"https:\/\/ornet.eu\/da\/ornet-surgery-2\/patient-data-and-patient-image-archives\/","og_locale":"da_DK","og_type":"article","og_title":"Patient data and patient image archives &#8211; ORNet","og_description":"ORNet Surgery can be integrated with hospital systems to retrieve information such as Patient identification","og_url":"https:\/\/ornet.eu\/da\/ornet-surgery-2\/patient-data-and-patient-image-archives\/","og_site_name":"ORNet","article_publisher":"https:\/\/www.facebook.com\/baitpartner","article_modified_time":"2023-01-24T10:25:50+00:00","twitter_card":"summary_large_image","twitter_site":"@BaitPartner","twitter_misc":{"Estimeret l\u00e6setid":"2 minutter"},"schema":{"@context":"https:\/\/schema.org","@graph":[{"@type":"WebPage","@id":"https:\/\/ornet.eu\/fi\/ornet-surgery-2\/patient-data-and-patient-image-archives\/","url":"https:\/\/ornet.eu\/fi\/ornet-surgery-2\/patient-data-and-patient-image-archives\/","name":"Patient data and patient image archives &#8211; ORNet","isPartOf":{"@id":"https:\/\/www.ornet.eu\/fi\/#website"},"datePublished":"2017-03-23T08:46:53+00:00","dateModified":"2023-01-24T10:25:50+00:00","breadcrumb":{"@id":"https:\/\/ornet.eu\/fi\/ornet-surgery-2\/patient-data-and-patient-image-archives\/#breadcrumb"},"inLanguage":"da-DK","potentialAction":[{"@type":"ReadAction","target":["https:\/\/ornet.eu\/fi\/ornet-surgery-2\/patient-data-and-patient-image-archives\/"]}]},{"@type":"BreadcrumbList","@id":"https:\/\/ornet.eu\/fi\/ornet-surgery-2\/patient-data-and-patient-image-archives\/#breadcrumb","itemListElement":[{"@type":"ListItem","position":1,"name":"Home","item":"https:\/\/www.ornet.eu\/fi\/"},{"@type":"ListItem","position":2,"name":"ORNet Surgery","item":"https:\/\/ornet.eu\/ornet-surgery-2\/"},{"@type":"ListItem","position":3,"name":"Patient data and patient image archives"}]},{"@type":"WebSite","@id":"https:\/\/www.ornet.eu\/fi\/#website","url":"https:\/\/www.ornet.eu\/fi\/","name":"ORNet","description":"Medical Imaging &amp; Device Management Solutions","publisher":{"@id":"https:\/\/www.ornet.eu\/fi\/#organization"},"potentialAction":[{"@type":"SearchAction","target":{"@type":"EntryPoint","urlTemplate":"https:\/\/www.ornet.eu\/fi\/?s={search_term_string}"},"query-input":{"@type":"PropertyValueSpecification","valueRequired":true,"valueName":"search_term_string"}}],"inLanguage":"da-DK"},{"@type":"Organization","@id":"https:\/\/www.ornet.eu\/fi\/#organization","name":"Bait Partner O\u00dc","url":"https:\/\/www.ornet.eu\/fi\/","logo":{"@type":"ImageObject","inLanguage":"da-DK","@id":"https:\/\/www.ornet.eu\/fi\/#\/schema\/logo\/image\/","url":"https:\/\/ornet.eu\/wp-content\/uploads\/2022\/03\/BAIT-PARTNER-logo-in-square-format.jpg","contentUrl":"https:\/\/ornet.eu\/wp-content\/uploads\/2022\/03\/BAIT-PARTNER-logo-in-square-format.jpg","width":520,"height":520,"caption":"Bait Partner O\u00dc"},"image":{"@id":"https:\/\/www.ornet.eu\/fi\/#\/schema\/logo\/image\/"},"sameAs":["https:\/\/www.facebook.com\/baitpartner","https:\/\/x.com\/BaitPartner","https:\/\/www.instagram.com\/baitpartner\/","https:\/\/www.linkedin.com\/company\/bait-partner-o-\/"]}]}},"post_mailing_queue_ids":[],"_links":{"self":[{"href":"https:\/\/ornet.eu\/da\/wp-json\/wp\/v2\/pages\/1007","targetHints":{"allow":["GET"]}}],"collection":[{"href":"https:\/\/ornet.eu\/da\/wp-json\/wp\/v2\/pages"}],"about":[{"href":"https:\/\/ornet.eu\/da\/wp-json\/wp\/v2\/types\/page"}],"author":[{"embeddable":true,"href":"https:\/\/ornet.eu\/da\/wp-json\/wp\/v2\/users\/1"}],"replies":[{"embeddable":true,"href":"https:\/\/ornet.eu\/da\/wp-json\/wp\/v2\/comments?post=1007"}],"version-history":[{"count":5,"href":"https:\/\/ornet.eu\/da\/wp-json\/wp\/v2\/pages\/1007\/revisions"}],"predecessor-version":[{"id":4969,"href":"https:\/\/ornet.eu\/da\/wp-json\/wp\/v2\/pages\/1007\/revisions\/4969"}],"up":[{"embeddable":true,"href":"https:\/\/ornet.eu\/da\/wp-json\/wp\/v2\/pages\/473"}],"wp:attachment":[{"href":"https:\/\/ornet.eu\/da\/wp-json\/wp\/v2\/media?parent=1007"}],"curies":[{"name":"wp","href":"https:\/\/api.w.org\/{rel}","templated":true}]}}