{"id":1145,"date":"2017-04-17T12:13:17","date_gmt":"2017-04-17T09:13:17","guid":{"rendered":"http:\/\/ornet.eu\/?page_id=1145"},"modified":"2023-01-17T15:37:13","modified_gmt":"2023-01-17T13:37:13","slug":"training-3","status":"publish","type":"page","link":"https:\/\/ornet.eu\/da\/ornet-surgery-2\/training-3\/","title":{"rendered":"Opl\u00e6ring"},"content":{"rendered":"<div id=\"pl-1145\"  class=\"panel-layout\" ><div id=\"pg-1145-0\"  class=\"panel-grid panel-has-style\" ><div style=\"padding: 0px 0; \" data-overlay=\"true\" data-overlay-color=\"#000000\" class=\"panel-row-style panel-row-style-for-1145-0\" ><div id=\"pgc-1145-0-0\"  class=\"panel-grid-cell\" ><div id=\"panel-1145-0-0-0\" class=\"so-panel widget widget_text panel-first-child panel-last-child\" data-index=\"0\" ><div style=\"text-align: left;\" data-title-color=\"#443f3f\" data-headings-color=\"#443f3f\" class=\"panel-widget-style panel-widget-style-for-1145-0-0-0\" ><h3 class=\"widget-title\">Opl\u00e6ring<\/h3>\t\t\t<div class=\"textwidget\"><p>Auditorium eller tr\u00e6ningsrum video- og lydfunktion giver fremragende tr\u00e6ningsmuligheder. S\u00e5 i stedet for at lukke folk ind p\u00e5 operationsstuen, kan procedurerne streames til tildelte lokaler, hvor undervisningen finder sted.<\/p>\n<p>Som et alternativ kan Video af proceduren redigeres senere til tr\u00e6ningsform\u00e5l ved hj\u00e6lp af en r\u00e6kke redigeringsfunktioner, herunder klipning af videodele, tilf\u00f8jelse af tags til vigtige dele og sammenl\u00e6gning af dem til en video, optagelse af billeder fra video osv.<\/p>\n<\/div>\n\t\t<\/div><\/div><\/div><div id=\"pgc-1145-0-1\"  class=\"panel-grid-cell\" ><div id=\"panel-1145-0-1-0\" class=\"so-panel widget widget_sow-image panel-first-child panel-last-child\" data-index=\"1\" ><div style=\"text-align: center;\" data-title-color=\"#443f3f\" data-headings-color=\"#443f3f\" class=\"panel-widget-style panel-widget-style-for-1145-0-1-0\" ><div\n\t\t\t\n\t\t\tclass=\"so-widget-sow-image so-widget-sow-image-default-8b5b6f678277-1145\"\n\t\t\t\n\t\t>\n<div class=\"sow-image-container\">\n\t\t<img fetchpriority=\"high\" \n\tsrc=\"https:\/\/ornet.eu\/wp-content\/uploads\/2017\/03\/training-2.png\" width=\"626\" height=\"625\" srcset=\"https:\/\/ornet.eu\/wp-content\/uploads\/2017\/03\/training-2.png 626w, https:\/\/ornet.eu\/wp-content\/uploads\/2017\/03\/training-2-150x150.png 150w, https:\/\/ornet.eu\/wp-content\/uploads\/2017\/03\/training-2-300x300.png 300w, https:\/\/ornet.eu\/wp-content\/uploads\/2017\/03\/training-2-250x250.png 250w, https:\/\/ornet.eu\/wp-content\/uploads\/2017\/03\/training-2-230x230.png 230w, https:\/\/ornet.eu\/wp-content\/uploads\/2017\/03\/training-2-350x349.png 350w, https:\/\/ornet.eu\/wp-content\/uploads\/2017\/03\/training-2-480x479.png 480w, https:\/\/ornet.eu\/wp-content\/uploads\/2017\/03\/training-2-45x45.png 45w\" sizes=\"(max-width: 626px) 100vw, 626px\" title=\"training\" alt=\"\" \t\tclass=\"so-widget-image\"\/>\n\t<\/div>\n\n<\/div><\/div><\/div><\/div><\/div><\/div><\/div>","protected":false},"excerpt":{"rendered":"<p>Auditorium or training room video and audio feature provides excellent training possibilities. So, instead of<\/p>","protected":false},"author":1,"featured_media":0,"parent":473,"menu_order":0,"comment_status":"closed","ping_status":"closed","template":"","meta":{"_eb_attr":"","om_disable_all_campaigns":false,"_uf_show_specific_survey":0,"_uf_disable_surveys":false,"two_page_speed":[],"footnotes":""},"class_list":["post-1145","page","type-page","status-publish","hentry"],"yoast_head":"<!-- This site is optimized with the Yoast SEO plugin v27.3 - https:\/\/yoast.com\/product\/yoast-seo-wordpress\/ -->\n<title>Training &#8211; ORNet<\/title>\n<meta name=\"robots\" content=\"index, follow, max-snippet:-1, max-image-preview:large, max-video-preview:-1\" \/>\n<link rel=\"canonical\" href=\"https:\/\/ornet.eu\/da\/ornet-surgery-2\/training-3\/\" \/>\n<meta property=\"og:locale\" content=\"da_DK\" \/>\n<meta property=\"og:type\" content=\"article\" \/>\n<meta property=\"og:title\" content=\"Training &#8211; ORNet\" \/>\n<meta property=\"og:description\" content=\"Auditorium or training room video and audio feature provides excellent training possibilities. So, instead of\" \/>\n<meta property=\"og:url\" content=\"https:\/\/ornet.eu\/da\/ornet-surgery-2\/training-3\/\" \/>\n<meta property=\"og:site_name\" content=\"ORNet\" \/>\n<meta property=\"article:publisher\" content=\"https:\/\/www.facebook.com\/baitpartner\" \/>\n<meta property=\"article:modified_time\" content=\"2023-01-17T13:37:13+00:00\" \/>\n<meta name=\"twitter:card\" content=\"summary_large_image\" \/>\n<meta name=\"twitter:site\" content=\"@BaitPartner\" \/>\n<meta name=\"twitter:label1\" content=\"Estimeret l\u00e6setid\" \/>\n\t<meta name=\"twitter:data1\" content=\"1 minut\" \/>\n<script type=\"application\/ld+json\" class=\"yoast-schema-graph\">{\"@context\":\"https:\\\/\\\/schema.org\",\"@graph\":[{\"@type\":\"WebPage\",\"@id\":\"https:\\\/\\\/ornet.eu\\\/et\\\/ornet-surgery-2\\\/training-3\\\/\",\"url\":\"https:\\\/\\\/ornet.eu\\\/et\\\/ornet-surgery-2\\\/training-3\\\/\",\"name\":\"Training &#8211; ORNet\",\"isPartOf\":{\"@id\":\"https:\\\/\\\/ornet.eu\\\/#website\"},\"datePublished\":\"2017-04-17T09:13:17+00:00\",\"dateModified\":\"2023-01-17T13:37:13+00:00\",\"breadcrumb\":{\"@id\":\"https:\\\/\\\/ornet.eu\\\/et\\\/ornet-surgery-2\\\/training-3\\\/#breadcrumb\"},\"inLanguage\":\"da-DK\",\"potentialAction\":[{\"@type\":\"ReadAction\",\"target\":[\"https:\\\/\\\/ornet.eu\\\/et\\\/ornet-surgery-2\\\/training-3\\\/\"]}]},{\"@type\":\"BreadcrumbList\",\"@id\":\"https:\\\/\\\/ornet.eu\\\/et\\\/ornet-surgery-2\\\/training-3\\\/#breadcrumb\",\"itemListElement\":[{\"@type\":\"ListItem\",\"position\":1,\"name\":\"Home\",\"item\":\"https:\\\/\\\/ornet.eu\\\/\"},{\"@type\":\"ListItem\",\"position\":2,\"name\":\"ORNet Surgery\",\"item\":\"https:\\\/\\\/www.ornet.eu\\\/et\\\/ornet-surgery-2\\\/\"},{\"@type\":\"ListItem\",\"position\":3,\"name\":\"Training\"}]},{\"@type\":\"WebSite\",\"@id\":\"https:\\\/\\\/ornet.eu\\\/#website\",\"url\":\"https:\\\/\\\/ornet.eu\\\/\",\"name\":\"ORNet\",\"description\":\"Medical Imaging &amp; Device Management Solutions\",\"publisher\":{\"@id\":\"https:\\\/\\\/ornet.eu\\\/#organization\"},\"potentialAction\":[{\"@type\":\"SearchAction\",\"target\":{\"@type\":\"EntryPoint\",\"urlTemplate\":\"https:\\\/\\\/ornet.eu\\\/?s={search_term_string}\"},\"query-input\":{\"@type\":\"PropertyValueSpecification\",\"valueRequired\":true,\"valueName\":\"search_term_string\"}}],\"inLanguage\":\"da-DK\"},{\"@type\":\"Organization\",\"@id\":\"https:\\\/\\\/ornet.eu\\\/#organization\",\"name\":\"Bait Partner O\u00dc\",\"url\":\"https:\\\/\\\/ornet.eu\\\/\",\"logo\":{\"@type\":\"ImageObject\",\"inLanguage\":\"da-DK\",\"@id\":\"https:\\\/\\\/ornet.eu\\\/#\\\/schema\\\/logo\\\/image\\\/\",\"url\":\"https:\\\/\\\/ornet.eu\\\/wp-content\\\/uploads\\\/2022\\\/03\\\/BAIT-PARTNER-logo-in-square-format.jpg\",\"contentUrl\":\"https:\\\/\\\/ornet.eu\\\/wp-content\\\/uploads\\\/2022\\\/03\\\/BAIT-PARTNER-logo-in-square-format.jpg\",\"width\":520,\"height\":520,\"caption\":\"Bait Partner O\u00dc\"},\"image\":{\"@id\":\"https:\\\/\\\/ornet.eu\\\/#\\\/schema\\\/logo\\\/image\\\/\"},\"sameAs\":[\"https:\\\/\\\/www.facebook.com\\\/baitpartner\",\"https:\\\/\\\/x.com\\\/BaitPartner\",\"https:\\\/\\\/www.instagram.com\\\/baitpartner\\\/\",\"https:\\\/\\\/www.linkedin.com\\\/company\\\/bait-partner-o-\\\/\"]}]}<\/script>\n<!-- \/ Yoast SEO plugin. -->","yoast_head_json":{"title":"Training &#8211; ORNet","robots":{"index":"index","follow":"follow","max-snippet":"max-snippet:-1","max-image-preview":"max-image-preview:large","max-video-preview":"max-video-preview:-1"},"canonical":"https:\/\/ornet.eu\/da\/ornet-surgery-2\/training-3\/","og_locale":"da_DK","og_type":"article","og_title":"Training &#8211; ORNet","og_description":"Auditorium or training room video and audio feature provides excellent training possibilities. So, instead of","og_url":"https:\/\/ornet.eu\/da\/ornet-surgery-2\/training-3\/","og_site_name":"ORNet","article_publisher":"https:\/\/www.facebook.com\/baitpartner","article_modified_time":"2023-01-17T13:37:13+00:00","twitter_card":"summary_large_image","twitter_site":"@BaitPartner","twitter_misc":{"Estimeret l\u00e6setid":"1 minut"},"schema":{"@context":"https:\/\/schema.org","@graph":[{"@type":"WebPage","@id":"https:\/\/ornet.eu\/et\/ornet-surgery-2\/training-3\/","url":"https:\/\/ornet.eu\/et\/ornet-surgery-2\/training-3\/","name":"Training &#8211; ORNet","isPartOf":{"@id":"https:\/\/ornet.eu\/#website"},"datePublished":"2017-04-17T09:13:17+00:00","dateModified":"2023-01-17T13:37:13+00:00","breadcrumb":{"@id":"https:\/\/ornet.eu\/et\/ornet-surgery-2\/training-3\/#breadcrumb"},"inLanguage":"da-DK","potentialAction":[{"@type":"ReadAction","target":["https:\/\/ornet.eu\/et\/ornet-surgery-2\/training-3\/"]}]},{"@type":"BreadcrumbList","@id":"https:\/\/ornet.eu\/et\/ornet-surgery-2\/training-3\/#breadcrumb","itemListElement":[{"@type":"ListItem","position":1,"name":"Home","item":"https:\/\/ornet.eu\/"},{"@type":"ListItem","position":2,"name":"ORNet Surgery","item":"https:\/\/www.ornet.eu\/et\/ornet-surgery-2\/"},{"@type":"ListItem","position":3,"name":"Training"}]},{"@type":"WebSite","@id":"https:\/\/ornet.eu\/#website","url":"https:\/\/ornet.eu\/","name":"ORNet","description":"Medical Imaging &amp; Device Management Solutions","publisher":{"@id":"https:\/\/ornet.eu\/#organization"},"potentialAction":[{"@type":"SearchAction","target":{"@type":"EntryPoint","urlTemplate":"https:\/\/ornet.eu\/?s={search_term_string}"},"query-input":{"@type":"PropertyValueSpecification","valueRequired":true,"valueName":"search_term_string"}}],"inLanguage":"da-DK"},{"@type":"Organization","@id":"https:\/\/ornet.eu\/#organization","name":"Bait Partner O\u00dc","url":"https:\/\/ornet.eu\/","logo":{"@type":"ImageObject","inLanguage":"da-DK","@id":"https:\/\/ornet.eu\/#\/schema\/logo\/image\/","url":"https:\/\/ornet.eu\/wp-content\/uploads\/2022\/03\/BAIT-PARTNER-logo-in-square-format.jpg","contentUrl":"https:\/\/ornet.eu\/wp-content\/uploads\/2022\/03\/BAIT-PARTNER-logo-in-square-format.jpg","width":520,"height":520,"caption":"Bait Partner O\u00dc"},"image":{"@id":"https:\/\/ornet.eu\/#\/schema\/logo\/image\/"},"sameAs":["https:\/\/www.facebook.com\/baitpartner","https:\/\/x.com\/BaitPartner","https:\/\/www.instagram.com\/baitpartner\/","https:\/\/www.linkedin.com\/company\/bait-partner-o-\/"]}]}},"post_mailing_queue_ids":[],"_links":{"self":[{"href":"https:\/\/ornet.eu\/da\/wp-json\/wp\/v2\/pages\/1145","targetHints":{"allow":["GET"]}}],"collection":[{"href":"https:\/\/ornet.eu\/da\/wp-json\/wp\/v2\/pages"}],"about":[{"href":"https:\/\/ornet.eu\/da\/wp-json\/wp\/v2\/types\/page"}],"author":[{"embeddable":true,"href":"https:\/\/ornet.eu\/da\/wp-json\/wp\/v2\/users\/1"}],"replies":[{"embeddable":true,"href":"https:\/\/ornet.eu\/da\/wp-json\/wp\/v2\/comments?post=1145"}],"version-history":[{"count":5,"href":"https:\/\/ornet.eu\/da\/wp-json\/wp\/v2\/pages\/1145\/revisions"}],"predecessor-version":[{"id":4868,"href":"https:\/\/ornet.eu\/da\/wp-json\/wp\/v2\/pages\/1145\/revisions\/4868"}],"up":[{"embeddable":true,"href":"https:\/\/ornet.eu\/da\/wp-json\/wp\/v2\/pages\/473"}],"wp:attachment":[{"href":"https:\/\/ornet.eu\/da\/wp-json\/wp\/v2\/media?parent=1145"}],"curies":[{"name":"wp","href":"https:\/\/api.w.org\/{rel}","templated":true}]}}