{"id":726,"date":"2017-03-08T13:51:56","date_gmt":"2017-03-08T11:51:56","guid":{"rendered":"http:\/\/ornet.eu\/?page_id=726"},"modified":"2023-01-31T11:28:53","modified_gmt":"2023-01-31T09:28:53","slug":"monitors-management","status":"publish","type":"page","link":"https:\/\/ornet.eu\/da\/ornet-surgery-2\/monitors-management\/","title":{"rendered":"Overv\u00e5gning administration"},"content":{"rendered":"<div id=\"pl-726\"  class=\"panel-layout\" ><div id=\"pg-726-0\"  class=\"panel-grid panel-has-style\" ><div style=\"padding: 0px 0; \" data-overlay=\"true\" data-overlay-color=\"#000000\" class=\"panel-row-style panel-row-style-for-726-0\" ><div id=\"pgc-726-0-0\"  class=\"panel-grid-cell\" ><div id=\"panel-726-0-0-0\" class=\"so-panel widget widget_text panel-first-child panel-last-child\" data-index=\"0\" ><div style=\"text-align: left;\" data-title-color=\"#443f3f\" data-headings-color=\"#443f3f\" class=\"panel-widget-style panel-widget-style-for-726-0-0-0\" ><h3 class=\"widget-title\">Overv\u00e5gning administration<\/h3>\t\t\t<div class=\"textwidget\"><p>Ekstremt hurtig matrix-type kontrol af alle sk\u00e6rme og overv\u00e5gning p\u00e5 operationsstuen. Der er ikke behov for specifik sk\u00e6rm til hver enhed.<\/p>\n<p>Kirurgiske teams kan dirigere enhver video- \/ billedkilde fra en sk\u00e6rm til en anden med et par enkle ber\u00f8ringer. Dette hj\u00e6lper med at f\u00e5 de rigtige oplysninger p\u00e5 det rigtige sted uden at forstyrre arbejdsgangen. <\/p>\n<p>Styring af sk\u00e6rme er mulig selv over pc-netv\u00e6rk. Det er ogs\u00e5 muligt at omd\u00f8be outputkilder \/ sk\u00e6rme baseret p\u00e5 personlige pr\u00e6ferencer. <\/p>\n<\/div>\n\t\t<\/div><\/div><\/div><div id=\"pgc-726-0-1\"  class=\"panel-grid-cell\" ><div id=\"panel-726-0-1-0\" class=\"so-panel widget widget_sow-image panel-first-child panel-last-child\" data-index=\"1\" ><div style=\"text-align: left;\" data-title-color=\"#443f3f\" data-headings-color=\"#443f3f\" class=\"panel-widget-style panel-widget-style-for-726-0-1-0\" ><div\n\t\t\t\n\t\t\tclass=\"so-widget-sow-image so-widget-sow-image-default-8b5b6f678277-726\"\n\t\t\t\n\t\t>\n<div class=\"sow-image-container\">\n\t\t<img fetchpriority=\"high\" \n\tsrc=\"https:\/\/ornet.eu\/wp-content\/uploads\/2017\/03\/monitors-graphic.png\" width=\"815\" height=\"597\" srcset=\"https:\/\/ornet.eu\/wp-content\/uploads\/2017\/03\/monitors-graphic.png 815w, https:\/\/ornet.eu\/wp-content\/uploads\/2017\/03\/monitors-graphic-300x220.png 300w, https:\/\/ornet.eu\/wp-content\/uploads\/2017\/03\/monitors-graphic-768x563.png 768w, https:\/\/ornet.eu\/wp-content\/uploads\/2017\/03\/monitors-graphic-230x168.png 230w, https:\/\/ornet.eu\/wp-content\/uploads\/2017\/03\/monitors-graphic-350x256.png 350w, https:\/\/ornet.eu\/wp-content\/uploads\/2017\/03\/monitors-graphic-480x352.png 480w\" sizes=\"(max-width: 815px) 100vw, 815px\" title=\"Overv\u00e5gning administration\" alt=\"\" \t\tclass=\"so-widget-image\"\/>\n\t<\/div>\n\n<\/div><\/div><\/div><\/div><\/div><\/div><\/div>","protected":false},"excerpt":{"rendered":"<p>Extremely fast matrix-type control of all screens and monitors in the operating room. There is<\/p>","protected":false},"author":1,"featured_media":0,"parent":473,"menu_order":0,"comment_status":"closed","ping_status":"closed","template":"page-templates\/page_fullwidth.php","meta":{"_eb_attr":"","om_disable_all_campaigns":false,"_uf_show_specific_survey":0,"_uf_disable_surveys":false,"two_page_speed":[],"footnotes":""},"class_list":["post-726","page","type-page","status-publish","hentry"],"yoast_head":"<!-- This site is optimized with the Yoast SEO plugin v27.3 - https:\/\/yoast.com\/product\/yoast-seo-wordpress\/ -->\n<title>ORNet Monitors Management - Medical imaging and device management<\/title>\n<meta name=\"robots\" content=\"index, follow, max-snippet:-1, max-image-preview:large, max-video-preview:-1\" \/>\n<link rel=\"canonical\" href=\"https:\/\/ornet.eu\/da\/ornet-surgery-2\/monitors-management\/\" \/>\n<meta property=\"og:locale\" content=\"da_DK\" \/>\n<meta property=\"og:type\" content=\"article\" \/>\n<meta property=\"og:title\" content=\"ORNet Monitors Management - Medical imaging and device management\" \/>\n<meta property=\"og:description\" content=\"Extremely fast matrix-type control of all screens and monitors in the operating room. There is\" \/>\n<meta property=\"og:url\" content=\"https:\/\/ornet.eu\/da\/ornet-surgery-2\/monitors-management\/\" \/>\n<meta property=\"og:site_name\" content=\"ORNet\" \/>\n<meta property=\"article:publisher\" content=\"https:\/\/www.facebook.com\/baitpartner\" \/>\n<meta property=\"article:modified_time\" content=\"2023-01-31T09:28:53+00:00\" \/>\n<meta name=\"twitter:card\" content=\"summary_large_image\" \/>\n<meta name=\"twitter:site\" content=\"@BaitPartner\" \/>\n<meta name=\"twitter:label1\" content=\"Estimeret l\u00e6setid\" \/>\n\t<meta name=\"twitter:data1\" content=\"1 minut\" \/>\n<script type=\"application\/ld+json\" class=\"yoast-schema-graph\">{\"@context\":\"https:\\\/\\\/schema.org\",\"@graph\":[{\"@type\":\"WebPage\",\"@id\":\"https:\\\/\\\/ornet.eu\\\/ornet-surgery-2\\\/monitors-management\\\/\",\"url\":\"https:\\\/\\\/ornet.eu\\\/ornet-surgery-2\\\/monitors-management\\\/\",\"name\":\"ORNet Monitors Management - Medical imaging and device management\",\"isPartOf\":{\"@id\":\"https:\\\/\\\/ornet.eu\\\/#website\"},\"datePublished\":\"2017-03-08T11:51:56+00:00\",\"dateModified\":\"2023-01-31T09:28:53+00:00\",\"breadcrumb\":{\"@id\":\"https:\\\/\\\/ornet.eu\\\/ornet-surgery-2\\\/monitors-management\\\/#breadcrumb\"},\"inLanguage\":\"da-DK\",\"potentialAction\":[{\"@type\":\"ReadAction\",\"target\":[\"https:\\\/\\\/ornet.eu\\\/ornet-surgery-2\\\/monitors-management\\\/\"]}]},{\"@type\":\"BreadcrumbList\",\"@id\":\"https:\\\/\\\/ornet.eu\\\/ornet-surgery-2\\\/monitors-management\\\/#breadcrumb\",\"itemListElement\":[{\"@type\":\"ListItem\",\"position\":1,\"name\":\"Home\",\"item\":\"https:\\\/\\\/ornet.eu\\\/\"},{\"@type\":\"ListItem\",\"position\":2,\"name\":\"ORNet Surgery\",\"item\":\"https:\\\/\\\/www.ornet.eu\\\/et\\\/ornet-surgery-2\\\/\"},{\"@type\":\"ListItem\",\"position\":3,\"name\":\"Monitors management\"}]},{\"@type\":\"WebSite\",\"@id\":\"https:\\\/\\\/ornet.eu\\\/#website\",\"url\":\"https:\\\/\\\/ornet.eu\\\/\",\"name\":\"ORNet\",\"description\":\"Medical Imaging &amp; Device Management Solutions\",\"publisher\":{\"@id\":\"https:\\\/\\\/ornet.eu\\\/#organization\"},\"potentialAction\":[{\"@type\":\"SearchAction\",\"target\":{\"@type\":\"EntryPoint\",\"urlTemplate\":\"https:\\\/\\\/ornet.eu\\\/?s={search_term_string}\"},\"query-input\":{\"@type\":\"PropertyValueSpecification\",\"valueRequired\":true,\"valueName\":\"search_term_string\"}}],\"inLanguage\":\"da-DK\"},{\"@type\":\"Organization\",\"@id\":\"https:\\\/\\\/ornet.eu\\\/#organization\",\"name\":\"Bait Partner O\u00dc\",\"url\":\"https:\\\/\\\/ornet.eu\\\/\",\"logo\":{\"@type\":\"ImageObject\",\"inLanguage\":\"da-DK\",\"@id\":\"https:\\\/\\\/ornet.eu\\\/#\\\/schema\\\/logo\\\/image\\\/\",\"url\":\"https:\\\/\\\/ornet.eu\\\/wp-content\\\/uploads\\\/2022\\\/03\\\/BAIT-PARTNER-logo-in-square-format.jpg\",\"contentUrl\":\"https:\\\/\\\/ornet.eu\\\/wp-content\\\/uploads\\\/2022\\\/03\\\/BAIT-PARTNER-logo-in-square-format.jpg\",\"width\":520,\"height\":520,\"caption\":\"Bait Partner O\u00dc\"},\"image\":{\"@id\":\"https:\\\/\\\/ornet.eu\\\/#\\\/schema\\\/logo\\\/image\\\/\"},\"sameAs\":[\"https:\\\/\\\/www.facebook.com\\\/baitpartner\",\"https:\\\/\\\/x.com\\\/BaitPartner\",\"https:\\\/\\\/www.instagram.com\\\/baitpartner\\\/\",\"https:\\\/\\\/www.linkedin.com\\\/company\\\/bait-partner-o-\\\/\"]}]}<\/script>\n<!-- \/ Yoast SEO plugin. -->","yoast_head_json":{"title":"ORNet Monitors Management - Medical imaging and device management","robots":{"index":"index","follow":"follow","max-snippet":"max-snippet:-1","max-image-preview":"max-image-preview:large","max-video-preview":"max-video-preview:-1"},"canonical":"https:\/\/ornet.eu\/da\/ornet-surgery-2\/monitors-management\/","og_locale":"da_DK","og_type":"article","og_title":"ORNet Monitors Management - Medical imaging and device management","og_description":"Extremely fast matrix-type control of all screens and monitors in the operating room. There is","og_url":"https:\/\/ornet.eu\/da\/ornet-surgery-2\/monitors-management\/","og_site_name":"ORNet","article_publisher":"https:\/\/www.facebook.com\/baitpartner","article_modified_time":"2023-01-31T09:28:53+00:00","twitter_card":"summary_large_image","twitter_site":"@BaitPartner","twitter_misc":{"Estimeret l\u00e6setid":"1 minut"},"schema":{"@context":"https:\/\/schema.org","@graph":[{"@type":"WebPage","@id":"https:\/\/ornet.eu\/ornet-surgery-2\/monitors-management\/","url":"https:\/\/ornet.eu\/ornet-surgery-2\/monitors-management\/","name":"ORNet Monitors Management - Medical imaging and device management","isPartOf":{"@id":"https:\/\/ornet.eu\/#website"},"datePublished":"2017-03-08T11:51:56+00:00","dateModified":"2023-01-31T09:28:53+00:00","breadcrumb":{"@id":"https:\/\/ornet.eu\/ornet-surgery-2\/monitors-management\/#breadcrumb"},"inLanguage":"da-DK","potentialAction":[{"@type":"ReadAction","target":["https:\/\/ornet.eu\/ornet-surgery-2\/monitors-management\/"]}]},{"@type":"BreadcrumbList","@id":"https:\/\/ornet.eu\/ornet-surgery-2\/monitors-management\/#breadcrumb","itemListElement":[{"@type":"ListItem","position":1,"name":"Home","item":"https:\/\/ornet.eu\/"},{"@type":"ListItem","position":2,"name":"ORNet Surgery","item":"https:\/\/www.ornet.eu\/et\/ornet-surgery-2\/"},{"@type":"ListItem","position":3,"name":"Monitors management"}]},{"@type":"WebSite","@id":"https:\/\/ornet.eu\/#website","url":"https:\/\/ornet.eu\/","name":"ORNet","description":"Medical Imaging &amp; Device Management Solutions","publisher":{"@id":"https:\/\/ornet.eu\/#organization"},"potentialAction":[{"@type":"SearchAction","target":{"@type":"EntryPoint","urlTemplate":"https:\/\/ornet.eu\/?s={search_term_string}"},"query-input":{"@type":"PropertyValueSpecification","valueRequired":true,"valueName":"search_term_string"}}],"inLanguage":"da-DK"},{"@type":"Organization","@id":"https:\/\/ornet.eu\/#organization","name":"Bait Partner O\u00dc","url":"https:\/\/ornet.eu\/","logo":{"@type":"ImageObject","inLanguage":"da-DK","@id":"https:\/\/ornet.eu\/#\/schema\/logo\/image\/","url":"https:\/\/ornet.eu\/wp-content\/uploads\/2022\/03\/BAIT-PARTNER-logo-in-square-format.jpg","contentUrl":"https:\/\/ornet.eu\/wp-content\/uploads\/2022\/03\/BAIT-PARTNER-logo-in-square-format.jpg","width":520,"height":520,"caption":"Bait Partner O\u00dc"},"image":{"@id":"https:\/\/ornet.eu\/#\/schema\/logo\/image\/"},"sameAs":["https:\/\/www.facebook.com\/baitpartner","https:\/\/x.com\/BaitPartner","https:\/\/www.instagram.com\/baitpartner\/","https:\/\/www.linkedin.com\/company\/bait-partner-o-\/"]}]}},"post_mailing_queue_ids":[],"_links":{"self":[{"href":"https:\/\/ornet.eu\/da\/wp-json\/wp\/v2\/pages\/726","targetHints":{"allow":["GET"]}}],"collection":[{"href":"https:\/\/ornet.eu\/da\/wp-json\/wp\/v2\/pages"}],"about":[{"href":"https:\/\/ornet.eu\/da\/wp-json\/wp\/v2\/types\/page"}],"author":[{"embeddable":true,"href":"https:\/\/ornet.eu\/da\/wp-json\/wp\/v2\/users\/1"}],"replies":[{"embeddable":true,"href":"https:\/\/ornet.eu\/da\/wp-json\/wp\/v2\/comments?post=726"}],"version-history":[{"count":5,"href":"https:\/\/ornet.eu\/da\/wp-json\/wp\/v2\/pages\/726\/revisions"}],"predecessor-version":[{"id":5039,"href":"https:\/\/ornet.eu\/da\/wp-json\/wp\/v2\/pages\/726\/revisions\/5039"}],"up":[{"embeddable":true,"href":"https:\/\/ornet.eu\/da\/wp-json\/wp\/v2\/pages\/473"}],"wp:attachment":[{"href":"https:\/\/ornet.eu\/da\/wp-json\/wp\/v2\/media?parent=726"}],"curies":[{"name":"wp","href":"https:\/\/api.w.org\/{rel}","templated":true}]}}