{"id":1011,"date":"2017-03-23T10:48:05","date_gmt":"2017-03-23T08:48:05","guid":{"rendered":"http:\/\/ornet.eu\/?page_id=1011"},"modified":"2023-01-17T15:42:21","modified_gmt":"2023-01-17T13:42:21","slug":"standardized-data-to-patient-management-systems","status":"publish","type":"page","link":"https:\/\/ornet.eu\/fi\/ornet-surgery-2\/standardized-data-to-patient-management-systems\/","title":{"rendered":"Standardoitua tietoa potilashallintaj\u00e4rjestelm\u00e4\u00e4n"},"content":{"rendered":"<div id=\"pl-1011\"  class=\"panel-layout\" ><div id=\"pg-1011-0\"  class=\"panel-grid panel-has-style\" ><div style=\"padding: 0px 0; \" data-overlay=\"true\" data-overlay-color=\"#000000\" class=\"panel-row-style panel-row-style-for-1011-0\" ><div id=\"pgc-1011-0-0\"  class=\"panel-grid-cell\" ><div id=\"panel-1011-0-0-0\" class=\"so-panel widget widget_text panel-first-child panel-last-child\" data-index=\"0\" ><div style=\"text-align: left;\" data-title-color=\"#443f3f\" data-headings-color=\"#443f3f\" class=\"panel-widget-style panel-widget-style-for-1011-0-0-0\" ><h3 class=\"widget-title\">Standardoitua tietoa potilashallintaj\u00e4rjestelm\u00e4\u00e4n<\/h3>\t\t\t<div class=\"textwidget\"><p>T\u00e4ysi integraatio ja tietojen ja kuvien siirt\u00e4minen s\u00e4hk\u00f6isiin potilastietokantoihin ja arkistoihin HL7- ja DICOM-viestein\u00e4 v\u00e4hent\u00e4\u00e4 virheit\u00e4 ja s\u00e4\u00e4st\u00e4\u00e4 aikaa.<\/p>\n<p>Toimenpiteen j\u00e4lkeinen dokumentointi voidaan my\u00f6s tehd\u00e4 k\u00e4tev\u00e4sti my\u00f6hemmin kuvan- ja videonmuokkausty\u00f6kalulla, jotka molemmat sis\u00e4ltyv\u00e4t ORNet Surgery \u2013 ja ORNet Editor -ohjelmistoihin. Kuviin voidaan liitt\u00e4\u00e4 huomautuksia ja videoita voidaan muokata j\u00e4tt\u00e4en pitk\u00e4aikaiseen arkistointiin tallennettavaan versioon mukaan vain toimenpiteen t\u00e4rke\u00e4t osat.<\/p>\n<\/div>\n\t\t<\/div><\/div><\/div><div id=\"pgc-1011-0-1\"  class=\"panel-grid-cell\" ><div id=\"panel-1011-0-1-0\" class=\"so-panel widget widget_sow-image panel-first-child panel-last-child\" data-index=\"1\" ><div style=\"text-align: left;\" data-title-color=\"#443f3f\" data-headings-color=\"#443f3f\" class=\"panel-widget-style panel-widget-style-for-1011-0-1-0\" ><div\n\t\t\t\n\t\t\tclass=\"so-widget-sow-image so-widget-sow-image-default-c4f6304fc136-1011\"\n\t\t\t\n\t\t>\n<div class=\"sow-image-container\">\n\t\t<img fetchpriority=\"high\" \n\tsrc=\"https:\/\/ornet.eu\/wp-content\/uploads\/2017\/03\/standardized-data-to-patient-management-systems.png\" width=\"590\" height=\"589\" srcset=\"https:\/\/ornet.eu\/wp-content\/uploads\/2017\/03\/standardized-data-to-patient-management-systems.png 590w, https:\/\/ornet.eu\/wp-content\/uploads\/2017\/03\/standardized-data-to-patient-management-systems-150x150.png 150w, https:\/\/ornet.eu\/wp-content\/uploads\/2017\/03\/standardized-data-to-patient-management-systems-300x300.png 300w, https:\/\/ornet.eu\/wp-content\/uploads\/2017\/03\/standardized-data-to-patient-management-systems-250x250.png 250w, https:\/\/ornet.eu\/wp-content\/uploads\/2017\/03\/standardized-data-to-patient-management-systems-230x230.png 230w, https:\/\/ornet.eu\/wp-content\/uploads\/2017\/03\/standardized-data-to-patient-management-systems-350x349.png 350w, https:\/\/ornet.eu\/wp-content\/uploads\/2017\/03\/standardized-data-to-patient-management-systems-480x479.png 480w, https:\/\/ornet.eu\/wp-content\/uploads\/2017\/03\/standardized-data-to-patient-management-systems-45x45.png 45w\" sizes=\"(max-width: 590px) 100vw, 590px\" title=\"standardized data to patient management systems\" alt=\"\" \t\tclass=\"so-widget-image\"\/>\n\t<\/div>\n\n<\/div><\/div><\/div><\/div><\/div><\/div><\/div>","protected":false},"excerpt":{"rendered":"<p>Full integration and transfer of information and images with HL7 and DICOM messages to electronic<\/p>","protected":false},"author":1,"featured_media":0,"parent":473,"menu_order":0,"comment_status":"closed","ping_status":"closed","template":"page-templates\/page_fullwidth.php","meta":{"_eb_attr":"","om_disable_all_campaigns":false,"_uf_show_specific_survey":0,"_uf_disable_surveys":false,"two_page_speed":[],"footnotes":""},"class_list":["post-1011","page","type-page","status-publish","hentry"],"yoast_head":"<!-- This site is optimized with the Yoast SEO plugin v27.3 - https:\/\/yoast.com\/product\/yoast-seo-wordpress\/ -->\n<title>ORNet Standardized data to patient management systems - medical imaging and device management<\/title>\n<meta name=\"robots\" content=\"index, follow, max-snippet:-1, max-image-preview:large, max-video-preview:-1\" \/>\n<link rel=\"canonical\" href=\"https:\/\/www.ornet.eu\/et\/ornet-surgery-2\/standardized-data-to-patient-management-systems\/\" \/>\n<meta property=\"og:locale\" content=\"fi_FI\" \/>\n<meta property=\"og:type\" content=\"article\" \/>\n<meta property=\"og:title\" content=\"ORNet Standardized data to patient management systems - medical imaging and device management\" \/>\n<meta property=\"og:description\" content=\"Full integration and transfer of information and images with HL7 and DICOM messages to electronic\" \/>\n<meta property=\"og:url\" content=\"https:\/\/www.ornet.eu\/et\/ornet-surgery-2\/standardized-data-to-patient-management-systems\/\" \/>\n<meta property=\"og:site_name\" content=\"ORNet\" \/>\n<meta property=\"article:publisher\" content=\"https:\/\/www.facebook.com\/baitpartner\" \/>\n<meta property=\"article:modified_time\" content=\"2023-01-17T13:42:21+00:00\" \/>\n<meta name=\"twitter:card\" content=\"summary_large_image\" \/>\n<meta name=\"twitter:site\" content=\"@BaitPartner\" \/>\n<meta name=\"twitter:label1\" content=\"Arvioitu lukuaika\" \/>\n\t<meta name=\"twitter:data1\" content=\"1 minuutti\" \/>\n<script type=\"application\/ld+json\" class=\"yoast-schema-graph\">{\"@context\":\"https:\\\/\\\/schema.org\",\"@graph\":[{\"@type\":\"WebPage\",\"@id\":\"https:\\\/\\\/www.ornet.eu\\\/et\\\/ornet-surgery-2\\\/standardized-data-to-patient-management-systems\\\/\",\"url\":\"https:\\\/\\\/www.ornet.eu\\\/et\\\/ornet-surgery-2\\\/standardized-data-to-patient-management-systems\\\/\",\"name\":\"ORNet Standardized data to patient management systems - medical imaging and device management\",\"isPartOf\":{\"@id\":\"https:\\\/\\\/ornet.eu\\\/#website\"},\"datePublished\":\"2017-03-23T08:48:05+00:00\",\"dateModified\":\"2023-01-17T13:42:21+00:00\",\"breadcrumb\":{\"@id\":\"https:\\\/\\\/www.ornet.eu\\\/et\\\/ornet-surgery-2\\\/standardized-data-to-patient-management-systems\\\/#breadcrumb\"},\"inLanguage\":\"fi\",\"potentialAction\":[{\"@type\":\"ReadAction\",\"target\":[\"https:\\\/\\\/www.ornet.eu\\\/et\\\/ornet-surgery-2\\\/standardized-data-to-patient-management-systems\\\/\"]}]},{\"@type\":\"BreadcrumbList\",\"@id\":\"https:\\\/\\\/www.ornet.eu\\\/et\\\/ornet-surgery-2\\\/standardized-data-to-patient-management-systems\\\/#breadcrumb\",\"itemListElement\":[{\"@type\":\"ListItem\",\"position\":1,\"name\":\"Home\",\"item\":\"https:\\\/\\\/ornet.eu\\\/\"},{\"@type\":\"ListItem\",\"position\":2,\"name\":\"ORNet Surgery\",\"item\":\"https:\\\/\\\/www.ornet.eu\\\/et\\\/ornet-surgery-2\\\/\"},{\"@type\":\"ListItem\",\"position\":3,\"name\":\"Standardized data to patient management systems\"}]},{\"@type\":\"WebSite\",\"@id\":\"https:\\\/\\\/ornet.eu\\\/#website\",\"url\":\"https:\\\/\\\/ornet.eu\\\/\",\"name\":\"ORNet\",\"description\":\"Medical Imaging &amp; Device Management Solutions\",\"publisher\":{\"@id\":\"https:\\\/\\\/ornet.eu\\\/#organization\"},\"potentialAction\":[{\"@type\":\"SearchAction\",\"target\":{\"@type\":\"EntryPoint\",\"urlTemplate\":\"https:\\\/\\\/ornet.eu\\\/?s={search_term_string}\"},\"query-input\":{\"@type\":\"PropertyValueSpecification\",\"valueRequired\":true,\"valueName\":\"search_term_string\"}}],\"inLanguage\":\"fi\"},{\"@type\":\"Organization\",\"@id\":\"https:\\\/\\\/ornet.eu\\\/#organization\",\"name\":\"Bait Partner O\u00dc\",\"url\":\"https:\\\/\\\/ornet.eu\\\/\",\"logo\":{\"@type\":\"ImageObject\",\"inLanguage\":\"fi\",\"@id\":\"https:\\\/\\\/ornet.eu\\\/#\\\/schema\\\/logo\\\/image\\\/\",\"url\":\"https:\\\/\\\/ornet.eu\\\/wp-content\\\/uploads\\\/2022\\\/03\\\/BAIT-PARTNER-logo-in-square-format.jpg\",\"contentUrl\":\"https:\\\/\\\/ornet.eu\\\/wp-content\\\/uploads\\\/2022\\\/03\\\/BAIT-PARTNER-logo-in-square-format.jpg\",\"width\":520,\"height\":520,\"caption\":\"Bait Partner O\u00dc\"},\"image\":{\"@id\":\"https:\\\/\\\/ornet.eu\\\/#\\\/schema\\\/logo\\\/image\\\/\"},\"sameAs\":[\"https:\\\/\\\/www.facebook.com\\\/baitpartner\",\"https:\\\/\\\/x.com\\\/BaitPartner\",\"https:\\\/\\\/www.instagram.com\\\/baitpartner\\\/\",\"https:\\\/\\\/www.linkedin.com\\\/company\\\/bait-partner-o-\\\/\"]}]}<\/script>\n<!-- \/ Yoast SEO plugin. -->","yoast_head_json":{"title":"ORNet Standardized data to patient management systems - medical imaging and device management","robots":{"index":"index","follow":"follow","max-snippet":"max-snippet:-1","max-image-preview":"max-image-preview:large","max-video-preview":"max-video-preview:-1"},"canonical":"https:\/\/www.ornet.eu\/et\/ornet-surgery-2\/standardized-data-to-patient-management-systems\/","og_locale":"fi_FI","og_type":"article","og_title":"ORNet Standardized data to patient management systems - medical imaging and device management","og_description":"Full integration and transfer of information and images with HL7 and DICOM messages to electronic","og_url":"https:\/\/www.ornet.eu\/et\/ornet-surgery-2\/standardized-data-to-patient-management-systems\/","og_site_name":"ORNet","article_publisher":"https:\/\/www.facebook.com\/baitpartner","article_modified_time":"2023-01-17T13:42:21+00:00","twitter_card":"summary_large_image","twitter_site":"@BaitPartner","twitter_misc":{"Arvioitu lukuaika":"1 minuutti"},"schema":{"@context":"https:\/\/schema.org","@graph":[{"@type":"WebPage","@id":"https:\/\/www.ornet.eu\/et\/ornet-surgery-2\/standardized-data-to-patient-management-systems\/","url":"https:\/\/www.ornet.eu\/et\/ornet-surgery-2\/standardized-data-to-patient-management-systems\/","name":"ORNet Standardized data to patient management systems - medical imaging and device management","isPartOf":{"@id":"https:\/\/ornet.eu\/#website"},"datePublished":"2017-03-23T08:48:05+00:00","dateModified":"2023-01-17T13:42:21+00:00","breadcrumb":{"@id":"https:\/\/www.ornet.eu\/et\/ornet-surgery-2\/standardized-data-to-patient-management-systems\/#breadcrumb"},"inLanguage":"fi","potentialAction":[{"@type":"ReadAction","target":["https:\/\/www.ornet.eu\/et\/ornet-surgery-2\/standardized-data-to-patient-management-systems\/"]}]},{"@type":"BreadcrumbList","@id":"https:\/\/www.ornet.eu\/et\/ornet-surgery-2\/standardized-data-to-patient-management-systems\/#breadcrumb","itemListElement":[{"@type":"ListItem","position":1,"name":"Home","item":"https:\/\/ornet.eu\/"},{"@type":"ListItem","position":2,"name":"ORNet Surgery","item":"https:\/\/www.ornet.eu\/et\/ornet-surgery-2\/"},{"@type":"ListItem","position":3,"name":"Standardized data to patient management systems"}]},{"@type":"WebSite","@id":"https:\/\/ornet.eu\/#website","url":"https:\/\/ornet.eu\/","name":"ORNet","description":"Medical Imaging &amp; Device Management Solutions","publisher":{"@id":"https:\/\/ornet.eu\/#organization"},"potentialAction":[{"@type":"SearchAction","target":{"@type":"EntryPoint","urlTemplate":"https:\/\/ornet.eu\/?s={search_term_string}"},"query-input":{"@type":"PropertyValueSpecification","valueRequired":true,"valueName":"search_term_string"}}],"inLanguage":"fi"},{"@type":"Organization","@id":"https:\/\/ornet.eu\/#organization","name":"Bait Partner O\u00dc","url":"https:\/\/ornet.eu\/","logo":{"@type":"ImageObject","inLanguage":"fi","@id":"https:\/\/ornet.eu\/#\/schema\/logo\/image\/","url":"https:\/\/ornet.eu\/wp-content\/uploads\/2022\/03\/BAIT-PARTNER-logo-in-square-format.jpg","contentUrl":"https:\/\/ornet.eu\/wp-content\/uploads\/2022\/03\/BAIT-PARTNER-logo-in-square-format.jpg","width":520,"height":520,"caption":"Bait Partner O\u00dc"},"image":{"@id":"https:\/\/ornet.eu\/#\/schema\/logo\/image\/"},"sameAs":["https:\/\/www.facebook.com\/baitpartner","https:\/\/x.com\/BaitPartner","https:\/\/www.instagram.com\/baitpartner\/","https:\/\/www.linkedin.com\/company\/bait-partner-o-\/"]}]}},"post_mailing_queue_ids":[],"_links":{"self":[{"href":"https:\/\/ornet.eu\/fi\/wp-json\/wp\/v2\/pages\/1011","targetHints":{"allow":["GET"]}}],"collection":[{"href":"https:\/\/ornet.eu\/fi\/wp-json\/wp\/v2\/pages"}],"about":[{"href":"https:\/\/ornet.eu\/fi\/wp-json\/wp\/v2\/types\/page"}],"author":[{"embeddable":true,"href":"https:\/\/ornet.eu\/fi\/wp-json\/wp\/v2\/users\/1"}],"replies":[{"embeddable":true,"href":"https:\/\/ornet.eu\/fi\/wp-json\/wp\/v2\/comments?post=1011"}],"version-history":[{"count":5,"href":"https:\/\/ornet.eu\/fi\/wp-json\/wp\/v2\/pages\/1011\/revisions"}],"predecessor-version":[{"id":4872,"href":"https:\/\/ornet.eu\/fi\/wp-json\/wp\/v2\/pages\/1011\/revisions\/4872"}],"up":[{"embeddable":true,"href":"https:\/\/ornet.eu\/fi\/wp-json\/wp\/v2\/pages\/473"}],"wp:attachment":[{"href":"https:\/\/ornet.eu\/fi\/wp-json\/wp\/v2\/media?parent=1011"}],"curies":[{"name":"wp","href":"https:\/\/api.w.org\/{rel}","templated":true}]}}