{"id":1052,"date":"2017-03-23T14:57:48","date_gmt":"2017-03-23T12:57:48","guid":{"rendered":"http:\/\/ornet.eu\/?page_id=1052"},"modified":"2023-01-25T12:34:47","modified_gmt":"2023-01-25T10:34:47","slug":"other-devices","status":"publish","type":"page","link":"https:\/\/ornet.eu\/fi\/ornet-pathology\/other-devices\/","title":{"rendered":"Muut laitteet"},"content":{"rendered":"<div id=\"pl-1052\"  class=\"panel-layout\" ><div id=\"pg-1052-0\"  class=\"panel-grid panel-has-style\" ><div style=\"padding: 0px 0; \" data-overlay=\"true\" data-overlay-color=\"#000000\" class=\"panel-row-style panel-row-style-for-1052-0\" ><div id=\"pgc-1052-0-0\"  class=\"panel-grid-cell\" ><div id=\"panel-1052-0-0-0\" class=\"so-panel widget widget_text panel-first-child panel-last-child\" data-index=\"0\" ><div style=\"text-align: left;\" data-title-color=\"#443f3f\" data-headings-color=\"#443f3f\" class=\"panel-widget-style panel-widget-style-for-1052-0-0-0\" ><h3 class=\"widget-title\">Muut laitteet<\/h3>\t\t\t<div class=\"textwidget\">2\u20134 painiketta sis\u00e4lt\u00e4v\u00e4t polkimet, jotka mahdollistavat j\u00e4rjestelm\u00e4n hands-free-k\u00e4yt\u00f6n, tai p\u00f6yt\u00e4painike, joka helpottaa ty\u00f6skentely\u00e4 mahdollistamalla kameran l\u00e4hennyksen ja loitonnuksen, kuvien esikatselun sek\u00e4 kuvien tai \u00e4\u00e4nitiedostojen tallentamisen. Polkimen painikkeisiin voidaan lis\u00e4ksi lis\u00e4t\u00e4 mukautettuja toimintoja. Valinnainen kameran alustan moottori, jolla kameraa voidaan liikuttaa yl\u00f6s\/alas. \n\n\n\n\n\n\n\n<\/div>\n\t\t<\/div><\/div><\/div><div id=\"pgc-1052-0-1\"  class=\"panel-grid-cell\" ><div id=\"panel-1052-0-1-0\" class=\"so-panel widget widget_sow-image panel-first-child panel-last-child\" data-index=\"1\" ><div style=\"text-align: left;\" data-title-color=\"#443f3f\" data-headings-color=\"#443f3f\" class=\"panel-widget-style panel-widget-style-for-1052-0-1-0\" ><div\n\t\t\t\n\t\t\tclass=\"so-widget-sow-image so-widget-sow-image-default-c67d20f9f743-1052\"\n\t\t\t\n\t\t>\n<div class=\"sow-image-container\">\n\t\t<img \n\tsrc=\"https:\/\/ornet.eu\/wp-content\/uploads\/2017\/03\/pedals-150x150.png\" width=\"150\" height=\"150\" srcset=\"https:\/\/ornet.eu\/wp-content\/uploads\/2017\/03\/pedals-150x150.png 150w, https:\/\/ornet.eu\/wp-content\/uploads\/2017\/03\/pedals-250x250.png 250w, https:\/\/ornet.eu\/wp-content\/uploads\/2017\/03\/pedals-45x45.png 45w\" sizes=\"(max-width: 150px) 100vw, 150px\" alt=\"\" \t\tclass=\"so-widget-image\"\/>\n\t<\/div>\n\n<\/div><\/div><\/div><\/div><\/div><\/div><\/div>","protected":false},"excerpt":{"rendered":"<p>Foot pedals with 2-4 buttons for hands-free control or a table button for ease of<\/p>","protected":false},"author":1,"featured_media":0,"parent":763,"menu_order":0,"comment_status":"closed","ping_status":"closed","template":"page-templates\/page_fullwidth.php","meta":{"_eb_attr":"","om_disable_all_campaigns":false,"_uf_show_specific_survey":0,"_uf_disable_surveys":false,"two_page_speed":[],"footnotes":""},"class_list":["post-1052","page","type-page","status-publish","hentry"],"yoast_head":"<!-- This site is optimized with the Yoast SEO plugin v27.5 - https:\/\/yoast.com\/product\/yoast-seo-wordpress\/ -->\n<title>Other devices &#8211; ORNet<\/title>\n<meta name=\"robots\" content=\"index, follow, max-snippet:-1, max-image-preview:large, max-video-preview:-1\" \/>\n<link rel=\"canonical\" href=\"https:\/\/ornet.eu\/fi\/ornet-pathology\/other-devices\/\" \/>\n<meta property=\"og:locale\" content=\"fi_FI\" \/>\n<meta property=\"og:type\" content=\"article\" \/>\n<meta property=\"og:title\" content=\"Other devices &#8211; ORNet\" \/>\n<meta property=\"og:description\" content=\"Foot pedals with 2-4 buttons for hands-free control or a table button for ease of\" \/>\n<meta property=\"og:url\" content=\"https:\/\/ornet.eu\/fi\/ornet-pathology\/other-devices\/\" \/>\n<meta property=\"og:site_name\" content=\"ORNet\" \/>\n<meta property=\"article:publisher\" content=\"https:\/\/www.facebook.com\/baitpartner\" \/>\n<meta property=\"article:modified_time\" content=\"2023-01-25T10:34:47+00:00\" \/>\n<meta name=\"twitter:card\" content=\"summary_large_image\" \/>\n<meta name=\"twitter:site\" content=\"@BaitPartner\" \/>\n<meta name=\"twitter:label1\" content=\"Arvioitu lukuaika\" \/>\n\t<meta name=\"twitter:data1\" content=\"1 minuutti\" \/>\n<script type=\"application\/ld+json\" class=\"yoast-schema-graph\">{\"@context\":\"https:\\\/\\\/schema.org\",\"@graph\":[{\"@type\":\"WebPage\",\"@id\":\"https:\\\/\\\/ornet.eu\\\/et\\\/ornet-pathology\\\/other-devices\\\/\",\"url\":\"https:\\\/\\\/ornet.eu\\\/et\\\/ornet-pathology\\\/other-devices\\\/\",\"name\":\"Other devices &#8211; ORNet\",\"isPartOf\":{\"@id\":\"https:\\\/\\\/www.ornet.eu\\\/fi\\\/#website\"},\"datePublished\":\"2017-03-23T12:57:48+00:00\",\"dateModified\":\"2023-01-25T10:34:47+00:00\",\"breadcrumb\":{\"@id\":\"https:\\\/\\\/ornet.eu\\\/et\\\/ornet-pathology\\\/other-devices\\\/#breadcrumb\"},\"inLanguage\":\"fi\",\"potentialAction\":[{\"@type\":\"ReadAction\",\"target\":[\"https:\\\/\\\/ornet.eu\\\/et\\\/ornet-pathology\\\/other-devices\\\/\"]}]},{\"@type\":\"BreadcrumbList\",\"@id\":\"https:\\\/\\\/ornet.eu\\\/et\\\/ornet-pathology\\\/other-devices\\\/#breadcrumb\",\"itemListElement\":[{\"@type\":\"ListItem\",\"position\":1,\"name\":\"Home\",\"item\":\"https:\\\/\\\/www.ornet.eu\\\/fi\\\/\"},{\"@type\":\"ListItem\",\"position\":2,\"name\":\"ORNet Pathology\",\"item\":\"https:\\\/\\\/ornet.eu\\\/fi\\\/?page_id=763\"},{\"@type\":\"ListItem\",\"position\":3,\"name\":\"Other devices\"}]},{\"@type\":\"WebSite\",\"@id\":\"https:\\\/\\\/www.ornet.eu\\\/fi\\\/#website\",\"url\":\"https:\\\/\\\/www.ornet.eu\\\/fi\\\/\",\"name\":\"ORNet\",\"description\":\"Medical Imaging &amp; Device Management Solutions\",\"publisher\":{\"@id\":\"https:\\\/\\\/www.ornet.eu\\\/fi\\\/#organization\"},\"potentialAction\":[{\"@type\":\"SearchAction\",\"target\":{\"@type\":\"EntryPoint\",\"urlTemplate\":\"https:\\\/\\\/www.ornet.eu\\\/fi\\\/?s={search_term_string}\"},\"query-input\":{\"@type\":\"PropertyValueSpecification\",\"valueRequired\":true,\"valueName\":\"search_term_string\"}}],\"inLanguage\":\"fi\"},{\"@type\":\"Organization\",\"@id\":\"https:\\\/\\\/www.ornet.eu\\\/fi\\\/#organization\",\"name\":\"Bait Partner O\u00dc\",\"url\":\"https:\\\/\\\/www.ornet.eu\\\/fi\\\/\",\"logo\":{\"@type\":\"ImageObject\",\"inLanguage\":\"fi\",\"@id\":\"https:\\\/\\\/www.ornet.eu\\\/fi\\\/#\\\/schema\\\/logo\\\/image\\\/\",\"url\":\"https:\\\/\\\/ornet.eu\\\/wp-content\\\/uploads\\\/2022\\\/03\\\/BAIT-PARTNER-logo-in-square-format.jpg\",\"contentUrl\":\"https:\\\/\\\/ornet.eu\\\/wp-content\\\/uploads\\\/2022\\\/03\\\/BAIT-PARTNER-logo-in-square-format.jpg\",\"width\":520,\"height\":520,\"caption\":\"Bait Partner O\u00dc\"},\"image\":{\"@id\":\"https:\\\/\\\/www.ornet.eu\\\/fi\\\/#\\\/schema\\\/logo\\\/image\\\/\"},\"sameAs\":[\"https:\\\/\\\/www.facebook.com\\\/baitpartner\",\"https:\\\/\\\/x.com\\\/BaitPartner\",\"https:\\\/\\\/www.instagram.com\\\/baitpartner\\\/\",\"https:\\\/\\\/www.linkedin.com\\\/company\\\/bait-partner-o-\\\/\"]}]}<\/script>\n<!-- \/ Yoast SEO plugin. -->","yoast_head_json":{"title":"Other devices &#8211; ORNet","robots":{"index":"index","follow":"follow","max-snippet":"max-snippet:-1","max-image-preview":"max-image-preview:large","max-video-preview":"max-video-preview:-1"},"canonical":"https:\/\/ornet.eu\/fi\/ornet-pathology\/other-devices\/","og_locale":"fi_FI","og_type":"article","og_title":"Other devices &#8211; ORNet","og_description":"Foot pedals with 2-4 buttons for hands-free control or a table button for ease of","og_url":"https:\/\/ornet.eu\/fi\/ornet-pathology\/other-devices\/","og_site_name":"ORNet","article_publisher":"https:\/\/www.facebook.com\/baitpartner","article_modified_time":"2023-01-25T10:34:47+00:00","twitter_card":"summary_large_image","twitter_site":"@BaitPartner","twitter_misc":{"Arvioitu lukuaika":"1 minuutti"},"schema":{"@context":"https:\/\/schema.org","@graph":[{"@type":"WebPage","@id":"https:\/\/ornet.eu\/et\/ornet-pathology\/other-devices\/","url":"https:\/\/ornet.eu\/et\/ornet-pathology\/other-devices\/","name":"Other devices &#8211; ORNet","isPartOf":{"@id":"https:\/\/www.ornet.eu\/fi\/#website"},"datePublished":"2017-03-23T12:57:48+00:00","dateModified":"2023-01-25T10:34:47+00:00","breadcrumb":{"@id":"https:\/\/ornet.eu\/et\/ornet-pathology\/other-devices\/#breadcrumb"},"inLanguage":"fi","potentialAction":[{"@type":"ReadAction","target":["https:\/\/ornet.eu\/et\/ornet-pathology\/other-devices\/"]}]},{"@type":"BreadcrumbList","@id":"https:\/\/ornet.eu\/et\/ornet-pathology\/other-devices\/#breadcrumb","itemListElement":[{"@type":"ListItem","position":1,"name":"Home","item":"https:\/\/www.ornet.eu\/fi\/"},{"@type":"ListItem","position":2,"name":"ORNet Pathology","item":"https:\/\/ornet.eu\/fi\/?page_id=763"},{"@type":"ListItem","position":3,"name":"Other devices"}]},{"@type":"WebSite","@id":"https:\/\/www.ornet.eu\/fi\/#website","url":"https:\/\/www.ornet.eu\/fi\/","name":"ORNet","description":"Medical Imaging &amp; Device Management Solutions","publisher":{"@id":"https:\/\/www.ornet.eu\/fi\/#organization"},"potentialAction":[{"@type":"SearchAction","target":{"@type":"EntryPoint","urlTemplate":"https:\/\/www.ornet.eu\/fi\/?s={search_term_string}"},"query-input":{"@type":"PropertyValueSpecification","valueRequired":true,"valueName":"search_term_string"}}],"inLanguage":"fi"},{"@type":"Organization","@id":"https:\/\/www.ornet.eu\/fi\/#organization","name":"Bait Partner O\u00dc","url":"https:\/\/www.ornet.eu\/fi\/","logo":{"@type":"ImageObject","inLanguage":"fi","@id":"https:\/\/www.ornet.eu\/fi\/#\/schema\/logo\/image\/","url":"https:\/\/ornet.eu\/wp-content\/uploads\/2022\/03\/BAIT-PARTNER-logo-in-square-format.jpg","contentUrl":"https:\/\/ornet.eu\/wp-content\/uploads\/2022\/03\/BAIT-PARTNER-logo-in-square-format.jpg","width":520,"height":520,"caption":"Bait Partner O\u00dc"},"image":{"@id":"https:\/\/www.ornet.eu\/fi\/#\/schema\/logo\/image\/"},"sameAs":["https:\/\/www.facebook.com\/baitpartner","https:\/\/x.com\/BaitPartner","https:\/\/www.instagram.com\/baitpartner\/","https:\/\/www.linkedin.com\/company\/bait-partner-o-\/"]}]}},"post_mailing_queue_ids":[],"_links":{"self":[{"href":"https:\/\/ornet.eu\/fi\/wp-json\/wp\/v2\/pages\/1052","targetHints":{"allow":["GET"]}}],"collection":[{"href":"https:\/\/ornet.eu\/fi\/wp-json\/wp\/v2\/pages"}],"about":[{"href":"https:\/\/ornet.eu\/fi\/wp-json\/wp\/v2\/types\/page"}],"author":[{"embeddable":true,"href":"https:\/\/ornet.eu\/fi\/wp-json\/wp\/v2\/users\/1"}],"replies":[{"embeddable":true,"href":"https:\/\/ornet.eu\/fi\/wp-json\/wp\/v2\/comments?post=1052"}],"version-history":[{"count":5,"href":"https:\/\/ornet.eu\/fi\/wp-json\/wp\/v2\/pages\/1052\/revisions"}],"predecessor-version":[{"id":5005,"href":"https:\/\/ornet.eu\/fi\/wp-json\/wp\/v2\/pages\/1052\/revisions\/5005"}],"up":[{"embeddable":true,"href":"https:\/\/ornet.eu\/fi\/wp-json\/wp\/v2\/pages\/763"}],"wp:attachment":[{"href":"https:\/\/ornet.eu\/fi\/wp-json\/wp\/v2\/media?parent=1052"}],"curies":[{"name":"wp","href":"https:\/\/api.w.org\/{rel}","templated":true}]}}