{"id":1301,"date":"2017-04-25T14:25:56","date_gmt":"2017-04-25T11:25:56","guid":{"rendered":"http:\/\/ornet.eu\/?page_id=1301"},"modified":"2023-01-17T16:14:28","modified_gmt":"2023-01-17T14:14:28","slug":"templates-and-image-video-audio-management","status":"publish","type":"page","link":"https:\/\/ornet.eu\/fi\/ornet-capture\/templates-and-image-video-audio-management\/","title":{"rendered":"MALLIPOHJAT JA KUVA-, VIDEO- JA \u00c4\u00c4NITIEDOSTOJENHALLINTA"},"content":{"rendered":"<div id=\"pl-1301\"  class=\"panel-layout\" ><div id=\"pg-1301-0\"  class=\"panel-grid panel-has-style\" ><div style=\"text-align: center;padding: 0px 0; \" data-overlay=\"true\" data-overlay-color=\"#000000\" class=\"panel-row-style panel-row-style-for-1301-0\" ><div id=\"pgc-1301-0-0\"  class=\"panel-grid-cell\" ><div id=\"panel-1301-0-0-0\" class=\"so-panel widget widget_text panel-first-child panel-last-child\" data-index=\"0\" ><div style=\"text-align: left;\" data-title-color=\"#443f3f\" data-headings-color=\"#443f3f\" class=\"panel-widget-style panel-widget-style-for-1301-0-0-0\" ><h3 class=\"widget-title\">MALLIPOHJAT JA KUVA-, VIDEO- JA \u00c4\u00c4NITIEDOSTOJENHALLINTA<\/h3>\t\t\t<div class=\"textwidget\">Ty\u00f6skentelyn helpottamiseksi j\u00e4rjestelm\u00e4\u00e4n voidaan ladata sairaalan omia tai toimenpidepohjaisia mallipohjia. Esimerkiksi endoskopiaa varten voidaan ladata kuvia elimist\u00e4, jolloin dokumentointi ja merkint\u00e4 on helpompaa ja standardoidumpaa. Mill\u00e4 tahansa kameralla otettua mit\u00e4 tahansa kuvaa voidaan muokata lis\u00e4\u00e4m\u00e4ll\u00e4 huomautuksia, mittoja, kommentteja. Videoita voidaan lyhent\u00e4\u00e4 ja kuvia erottaa videoista j\u00e4lkik\u00e4teen. \u00c4\u00e4nitiedosto on k\u00e4tev\u00e4 tapa antaa potilastapausta koskevia kommentteja ja jakaa ne kollegoille.\n\n\n\n\n<\/div>\n\t\t<\/div><\/div><\/div><div id=\"pgc-1301-0-1\"  class=\"panel-grid-cell\" ><div id=\"panel-1301-0-1-0\" class=\"so-panel widget widget_sow-image panel-first-child panel-last-child\" data-index=\"1\" ><div style=\"text-align: left;\" data-title-color=\"#443f3f\" data-headings-color=\"#443f3f\" class=\"panel-widget-style panel-widget-style-for-1301-0-1-0\" ><div\n\t\t\t\n\t\t\tclass=\"so-widget-sow-image so-widget-sow-image-default-58576722bc06-1301\"\n\t\t\t\n\t\t>\n<div class=\"sow-image-container\">\n\t\t<img \n\tsrc=\"https:\/\/ornet.eu\/wp-content\/uploads\/2017\/03\/measure-1-150x150.png\" width=\"150\" height=\"150\" srcset=\"https:\/\/ornet.eu\/wp-content\/uploads\/2017\/03\/measure-1-150x150.png 150w, https:\/\/ornet.eu\/wp-content\/uploads\/2017\/03\/measure-1-45x45.png 45w, https:\/\/ornet.eu\/wp-content\/uploads\/2017\/03\/measure-1.png 159w\" sizes=\"(max-width: 150px) 100vw, 150px\" title=\"measure\" alt=\"\" \t\tclass=\"so-widget-image\"\/>\n\t<\/div>\n\n<\/div><\/div><\/div><\/div><\/div><\/div><\/div>","protected":false},"excerpt":{"rendered":"<p>For ease of work hospitals own or procedure based templates can be uploaded. This means<\/p>","protected":false},"author":1,"featured_media":0,"parent":760,"menu_order":0,"comment_status":"closed","ping_status":"closed","template":"","meta":{"_eb_attr":"","om_disable_all_campaigns":false,"_uf_show_specific_survey":0,"_uf_disable_surveys":false,"two_page_speed":[],"footnotes":""},"class_list":["post-1301","page","type-page","status-publish","hentry"],"yoast_head":"<!-- This site is optimized with the Yoast SEO plugin v27.4 - https:\/\/yoast.com\/product\/yoast-seo-wordpress\/ -->\n<title>Templates and image, video, audio management &#8211; ORNet<\/title>\n<meta name=\"robots\" content=\"index, follow, max-snippet:-1, max-image-preview:large, max-video-preview:-1\" \/>\n<link rel=\"canonical\" href=\"https:\/\/www.ornet.eu\/fi\/ornet-capture\/templates-and-image-video-audio-management\/\" \/>\n<meta property=\"og:locale\" content=\"fi_FI\" \/>\n<meta property=\"og:type\" content=\"article\" \/>\n<meta property=\"og:title\" content=\"Templates and image, video, audio management &#8211; ORNet\" \/>\n<meta property=\"og:description\" content=\"For ease of work hospitals own or procedure based templates can be uploaded. This means\" \/>\n<meta property=\"og:url\" content=\"https:\/\/www.ornet.eu\/fi\/ornet-capture\/templates-and-image-video-audio-management\/\" \/>\n<meta property=\"og:site_name\" content=\"ORNet\" \/>\n<meta property=\"article:publisher\" content=\"https:\/\/www.facebook.com\/baitpartner\" \/>\n<meta property=\"article:modified_time\" content=\"2023-01-17T14:14:28+00:00\" \/>\n<meta name=\"twitter:card\" content=\"summary_large_image\" \/>\n<meta name=\"twitter:site\" content=\"@BaitPartner\" \/>\n<meta name=\"twitter:label1\" content=\"Arvioitu lukuaika\" \/>\n\t<meta name=\"twitter:data1\" content=\"1 minuutti\" \/>\n<script type=\"application\/ld+json\" class=\"yoast-schema-graph\">{\"@context\":\"https:\\\/\\\/schema.org\",\"@graph\":[{\"@type\":\"WebPage\",\"@id\":\"https:\\\/\\\/www.ornet.eu\\\/fi\\\/ornet-capture\\\/templates-and-image-video-audio-management\\\/\",\"url\":\"https:\\\/\\\/www.ornet.eu\\\/fi\\\/ornet-capture\\\/templates-and-image-video-audio-management\\\/\",\"name\":\"Templates and image, video, audio management &#8211; ORNet\",\"isPartOf\":{\"@id\":\"https:\\\/\\\/www.ornet.eu\\\/fi\\\/#website\"},\"datePublished\":\"2017-04-25T11:25:56+00:00\",\"dateModified\":\"2023-01-17T14:14:28+00:00\",\"breadcrumb\":{\"@id\":\"https:\\\/\\\/www.ornet.eu\\\/fi\\\/ornet-capture\\\/templates-and-image-video-audio-management\\\/#breadcrumb\"},\"inLanguage\":\"fi\",\"potentialAction\":[{\"@type\":\"ReadAction\",\"target\":[\"https:\\\/\\\/www.ornet.eu\\\/fi\\\/ornet-capture\\\/templates-and-image-video-audio-management\\\/\"]}]},{\"@type\":\"BreadcrumbList\",\"@id\":\"https:\\\/\\\/www.ornet.eu\\\/fi\\\/ornet-capture\\\/templates-and-image-video-audio-management\\\/#breadcrumb\",\"itemListElement\":[{\"@type\":\"ListItem\",\"position\":1,\"name\":\"Home\",\"item\":\"https:\\\/\\\/www.ornet.eu\\\/fi\\\/\"},{\"@type\":\"ListItem\",\"position\":2,\"name\":\"ORNet Capture\",\"item\":\"https:\\\/\\\/www.ornet.eu\\\/sv\\\/ornet-capture\\\/\"},{\"@type\":\"ListItem\",\"position\":3,\"name\":\"Templates and image, video, audio management\"}]},{\"@type\":\"WebSite\",\"@id\":\"https:\\\/\\\/www.ornet.eu\\\/fi\\\/#website\",\"url\":\"https:\\\/\\\/www.ornet.eu\\\/fi\\\/\",\"name\":\"ORNet\",\"description\":\"Medical Imaging &amp; Device Management Solutions\",\"publisher\":{\"@id\":\"https:\\\/\\\/www.ornet.eu\\\/fi\\\/#organization\"},\"potentialAction\":[{\"@type\":\"SearchAction\",\"target\":{\"@type\":\"EntryPoint\",\"urlTemplate\":\"https:\\\/\\\/www.ornet.eu\\\/fi\\\/?s={search_term_string}\"},\"query-input\":{\"@type\":\"PropertyValueSpecification\",\"valueRequired\":true,\"valueName\":\"search_term_string\"}}],\"inLanguage\":\"fi\"},{\"@type\":\"Organization\",\"@id\":\"https:\\\/\\\/www.ornet.eu\\\/fi\\\/#organization\",\"name\":\"Bait Partner O\u00dc\",\"url\":\"https:\\\/\\\/www.ornet.eu\\\/fi\\\/\",\"logo\":{\"@type\":\"ImageObject\",\"inLanguage\":\"fi\",\"@id\":\"https:\\\/\\\/www.ornet.eu\\\/fi\\\/#\\\/schema\\\/logo\\\/image\\\/\",\"url\":\"https:\\\/\\\/ornet.eu\\\/wp-content\\\/uploads\\\/2022\\\/03\\\/BAIT-PARTNER-logo-in-square-format.jpg\",\"contentUrl\":\"https:\\\/\\\/ornet.eu\\\/wp-content\\\/uploads\\\/2022\\\/03\\\/BAIT-PARTNER-logo-in-square-format.jpg\",\"width\":520,\"height\":520,\"caption\":\"Bait Partner O\u00dc\"},\"image\":{\"@id\":\"https:\\\/\\\/www.ornet.eu\\\/fi\\\/#\\\/schema\\\/logo\\\/image\\\/\"},\"sameAs\":[\"https:\\\/\\\/www.facebook.com\\\/baitpartner\",\"https:\\\/\\\/x.com\\\/BaitPartner\",\"https:\\\/\\\/www.instagram.com\\\/baitpartner\\\/\",\"https:\\\/\\\/www.linkedin.com\\\/company\\\/bait-partner-o-\\\/\"]}]}<\/script>\n<!-- \/ Yoast SEO plugin. -->","yoast_head_json":{"title":"Templates and image, video, audio management &#8211; ORNet","robots":{"index":"index","follow":"follow","max-snippet":"max-snippet:-1","max-image-preview":"max-image-preview:large","max-video-preview":"max-video-preview:-1"},"canonical":"https:\/\/www.ornet.eu\/fi\/ornet-capture\/templates-and-image-video-audio-management\/","og_locale":"fi_FI","og_type":"article","og_title":"Templates and image, video, audio management &#8211; ORNet","og_description":"For ease of work hospitals own or procedure based templates can be uploaded. This means","og_url":"https:\/\/www.ornet.eu\/fi\/ornet-capture\/templates-and-image-video-audio-management\/","og_site_name":"ORNet","article_publisher":"https:\/\/www.facebook.com\/baitpartner","article_modified_time":"2023-01-17T14:14:28+00:00","twitter_card":"summary_large_image","twitter_site":"@BaitPartner","twitter_misc":{"Arvioitu lukuaika":"1 minuutti"},"schema":{"@context":"https:\/\/schema.org","@graph":[{"@type":"WebPage","@id":"https:\/\/www.ornet.eu\/fi\/ornet-capture\/templates-and-image-video-audio-management\/","url":"https:\/\/www.ornet.eu\/fi\/ornet-capture\/templates-and-image-video-audio-management\/","name":"Templates and image, video, audio management &#8211; ORNet","isPartOf":{"@id":"https:\/\/www.ornet.eu\/fi\/#website"},"datePublished":"2017-04-25T11:25:56+00:00","dateModified":"2023-01-17T14:14:28+00:00","breadcrumb":{"@id":"https:\/\/www.ornet.eu\/fi\/ornet-capture\/templates-and-image-video-audio-management\/#breadcrumb"},"inLanguage":"fi","potentialAction":[{"@type":"ReadAction","target":["https:\/\/www.ornet.eu\/fi\/ornet-capture\/templates-and-image-video-audio-management\/"]}]},{"@type":"BreadcrumbList","@id":"https:\/\/www.ornet.eu\/fi\/ornet-capture\/templates-and-image-video-audio-management\/#breadcrumb","itemListElement":[{"@type":"ListItem","position":1,"name":"Home","item":"https:\/\/www.ornet.eu\/fi\/"},{"@type":"ListItem","position":2,"name":"ORNet Capture","item":"https:\/\/www.ornet.eu\/sv\/ornet-capture\/"},{"@type":"ListItem","position":3,"name":"Templates and image, video, audio management"}]},{"@type":"WebSite","@id":"https:\/\/www.ornet.eu\/fi\/#website","url":"https:\/\/www.ornet.eu\/fi\/","name":"ORNet","description":"Medical Imaging &amp; Device Management Solutions","publisher":{"@id":"https:\/\/www.ornet.eu\/fi\/#organization"},"potentialAction":[{"@type":"SearchAction","target":{"@type":"EntryPoint","urlTemplate":"https:\/\/www.ornet.eu\/fi\/?s={search_term_string}"},"query-input":{"@type":"PropertyValueSpecification","valueRequired":true,"valueName":"search_term_string"}}],"inLanguage":"fi"},{"@type":"Organization","@id":"https:\/\/www.ornet.eu\/fi\/#organization","name":"Bait Partner O\u00dc","url":"https:\/\/www.ornet.eu\/fi\/","logo":{"@type":"ImageObject","inLanguage":"fi","@id":"https:\/\/www.ornet.eu\/fi\/#\/schema\/logo\/image\/","url":"https:\/\/ornet.eu\/wp-content\/uploads\/2022\/03\/BAIT-PARTNER-logo-in-square-format.jpg","contentUrl":"https:\/\/ornet.eu\/wp-content\/uploads\/2022\/03\/BAIT-PARTNER-logo-in-square-format.jpg","width":520,"height":520,"caption":"Bait Partner O\u00dc"},"image":{"@id":"https:\/\/www.ornet.eu\/fi\/#\/schema\/logo\/image\/"},"sameAs":["https:\/\/www.facebook.com\/baitpartner","https:\/\/x.com\/BaitPartner","https:\/\/www.instagram.com\/baitpartner\/","https:\/\/www.linkedin.com\/company\/bait-partner-o-\/"]}]}},"post_mailing_queue_ids":[],"_links":{"self":[{"href":"https:\/\/ornet.eu\/fi\/wp-json\/wp\/v2\/pages\/1301","targetHints":{"allow":["GET"]}}],"collection":[{"href":"https:\/\/ornet.eu\/fi\/wp-json\/wp\/v2\/pages"}],"about":[{"href":"https:\/\/ornet.eu\/fi\/wp-json\/wp\/v2\/types\/page"}],"author":[{"embeddable":true,"href":"https:\/\/ornet.eu\/fi\/wp-json\/wp\/v2\/users\/1"}],"replies":[{"embeddable":true,"href":"https:\/\/ornet.eu\/fi\/wp-json\/wp\/v2\/comments?post=1301"}],"version-history":[{"count":5,"href":"https:\/\/ornet.eu\/fi\/wp-json\/wp\/v2\/pages\/1301\/revisions"}],"predecessor-version":[{"id":4882,"href":"https:\/\/ornet.eu\/fi\/wp-json\/wp\/v2\/pages\/1301\/revisions\/4882"}],"up":[{"embeddable":true,"href":"https:\/\/ornet.eu\/fi\/wp-json\/wp\/v2\/pages\/760"}],"wp:attachment":[{"href":"https:\/\/ornet.eu\/fi\/wp-json\/wp\/v2\/media?parent=1301"}],"curies":[{"name":"wp","href":"https:\/\/api.w.org\/{rel}","templated":true}]}}