{"id":1395,"date":"2017-04-25T16:01:20","date_gmt":"2017-04-25T13:01:20","guid":{"rendered":"http:\/\/ornet.eu\/?page_id=1395"},"modified":"2023-01-17T15:32:53","modified_gmt":"2023-01-17T13:32:53","slug":"pathology-user-interface","status":"publish","type":"page","link":"https:\/\/ornet.eu\/fi\/ornet-pathology\/pathology-user-interface\/","title":{"rendered":"Patologian K\u00e4ytt\u00f6liittym\u00e4"},"content":{"rendered":"<div id=\"pl-1395\"  class=\"panel-layout\" ><div id=\"pg-1395-0\"  class=\"panel-grid panel-has-style\" ><div style=\"padding: 0px 0; \" data-overlay=\"true\" data-overlay-color=\"#000000\" class=\"panel-row-style panel-row-style-for-1395-0\" ><div id=\"pgc-1395-0-0\"  class=\"panel-grid-cell\" ><div id=\"panel-1395-0-0-0\" class=\"so-panel widget widget_text panel-first-child panel-last-child\" data-index=\"0\" ><div style=\"text-align: left;\" data-title-color=\"#443f3f\" data-headings-color=\"#443f3f\" class=\"panel-widget-style panel-widget-style-for-1395-0-0-0\" ><h3 class=\"widget-title\">K\u00c4YTT\u00d6LIITTYM\u00c4<\/h3>\t\t\t<div class=\"textwidget\"><p>Eritt\u00e4in intuitiivinen k\u00e4ytt\u00f6liittym\u00e4, jossa on suurikokoisia kuvakkeita ja enemm\u00e4n tilaa videokuvalle ja kuville, tekee j\u00e4rjestelm\u00e4n k\u00e4ytt\u00e4misest\u00e4 helpompaa.<\/p>\n<p>Valinnaisia kieliversioita, joissa kuvakkeet ja avainsanat on k\u00e4\u00e4nnetty.<\/p>\n<\/div>\n\t\t<\/div><\/div><\/div><div id=\"pgc-1395-0-1\"  class=\"panel-grid-cell\" ><div id=\"panel-1395-0-1-0\" class=\"so-panel widget widget_sow-image panel-first-child panel-last-child\" data-index=\"1\" ><div style=\"text-align: left;\" data-title-color=\"#443f3f\" data-headings-color=\"#443f3f\" class=\"panel-widget-style panel-widget-style-for-1395-0-1-0\" ><div\n\t\t\t\n\t\t\tclass=\"so-widget-sow-image so-widget-sow-image-default-c4f6304fc136-1395\"\n\t\t\t\n\t\t>\n<div class=\"sow-image-container\">\n\t\t<img fetchpriority=\"high\" \n\tsrc=\"https:\/\/ornet.eu\/wp-content\/uploads\/2023\/01\/ORNet-Pathology-New-User-Interface-2.13-e1673960337811-2000x1326.png\" width=\"1170\" height=\"776\" srcset=\"https:\/\/ornet.eu\/wp-content\/uploads\/2023\/01\/ORNet-Pathology-New-User-Interface-2.13-e1673960337811-2000x1326.png 2000w, https:\/\/ornet.eu\/wp-content\/uploads\/2023\/01\/ORNet-Pathology-New-User-Interface-2.13-e1673960337811-300x199.png 300w, https:\/\/ornet.eu\/wp-content\/uploads\/2023\/01\/ORNet-Pathology-New-User-Interface-2.13-e1673960337811-768x509.png 768w, https:\/\/ornet.eu\/wp-content\/uploads\/2023\/01\/ORNet-Pathology-New-User-Interface-2.13-e1673960337811-1536x1018.png 1536w, https:\/\/ornet.eu\/wp-content\/uploads\/2023\/01\/ORNet-Pathology-New-User-Interface-2.13-e1673960337811-2048x1358.png 2048w, https:\/\/ornet.eu\/wp-content\/uploads\/2023\/01\/ORNet-Pathology-New-User-Interface-2.13-e1673960337811-18x12.png 18w, https:\/\/ornet.eu\/wp-content\/uploads\/2023\/01\/ORNet-Pathology-New-User-Interface-2.13-e1673960337811-1000x663.png 1000w, https:\/\/ornet.eu\/wp-content\/uploads\/2023\/01\/ORNet-Pathology-New-User-Interface-2.13-e1673960337811-230x152.png 230w, https:\/\/ornet.eu\/wp-content\/uploads\/2023\/01\/ORNet-Pathology-New-User-Interface-2.13-e1673960337811-350x232.png 350w, https:\/\/ornet.eu\/wp-content\/uploads\/2023\/01\/ORNet-Pathology-New-User-Interface-2.13-e1673960337811-480x318.png 480w, https:\/\/ornet.eu\/wp-content\/uploads\/2023\/01\/ORNet-Pathology-New-User-Interface-2.13-e1673960337811-600x398.png 600w\" sizes=\"(max-width: 1170px) 100vw, 1170px\" title=\"ORNet Pathology New User Interface 2.13\" alt=\"suitable for anatomical pathology and forensic pathology\" \t\tclass=\"so-widget-image\"\/>\n\t<\/div>\n\n<\/div><\/div><\/div><\/div><\/div><\/div><\/div>","protected":false},"excerpt":{"rendered":"<p>Highly Intuitive user interface with large icons and more space for video and images, making<\/p>","protected":false},"author":1,"featured_media":0,"parent":763,"menu_order":0,"comment_status":"closed","ping_status":"closed","template":"","meta":{"_eb_attr":"","om_disable_all_campaigns":false,"_uf_show_specific_survey":0,"_uf_disable_surveys":false,"two_page_speed":[],"footnotes":""},"class_list":["post-1395","page","type-page","status-publish","hentry"],"yoast_head":"<!-- This site is optimized with the Yoast SEO plugin v27.3 - https:\/\/yoast.com\/product\/yoast-seo-wordpress\/ -->\n<title>Pathology user interface &#8211; ORNet<\/title>\n<meta name=\"robots\" content=\"index, follow, max-snippet:-1, max-image-preview:large, max-video-preview:-1\" \/>\n<link rel=\"canonical\" href=\"https:\/\/www.ornet.eu\/sv\/ornet-pathology\/pathology-user-interface\/\" \/>\n<meta property=\"og:locale\" content=\"fi_FI\" \/>\n<meta property=\"og:type\" content=\"article\" \/>\n<meta property=\"og:title\" content=\"Pathology user interface &#8211; ORNet\" \/>\n<meta property=\"og:description\" content=\"Highly Intuitive user interface with large icons and more space for video and images, making\" \/>\n<meta property=\"og:url\" content=\"https:\/\/www.ornet.eu\/sv\/ornet-pathology\/pathology-user-interface\/\" \/>\n<meta property=\"og:site_name\" content=\"ORNet\" \/>\n<meta property=\"article:publisher\" content=\"https:\/\/www.facebook.com\/baitpartner\" \/>\n<meta property=\"article:modified_time\" content=\"2023-01-17T13:32:53+00:00\" \/>\n<meta name=\"twitter:card\" content=\"summary_large_image\" \/>\n<meta name=\"twitter:site\" content=\"@BaitPartner\" \/>\n<meta name=\"twitter:label1\" content=\"Arvioitu lukuaika\" \/>\n\t<meta name=\"twitter:data1\" content=\"1 minuutti\" \/>\n<script type=\"application\/ld+json\" class=\"yoast-schema-graph\">{\"@context\":\"https:\\\/\\\/schema.org\",\"@graph\":[{\"@type\":\"WebPage\",\"@id\":\"https:\\\/\\\/www.ornet.eu\\\/sv\\\/ornet-pathology\\\/pathology-user-interface\\\/\",\"url\":\"https:\\\/\\\/www.ornet.eu\\\/sv\\\/ornet-pathology\\\/pathology-user-interface\\\/\",\"name\":\"Pathology user interface &#8211; ORNet\",\"isPartOf\":{\"@id\":\"https:\\\/\\\/ornet.eu\\\/#website\"},\"datePublished\":\"2017-04-25T13:01:20+00:00\",\"dateModified\":\"2023-01-17T13:32:53+00:00\",\"breadcrumb\":{\"@id\":\"https:\\\/\\\/www.ornet.eu\\\/sv\\\/ornet-pathology\\\/pathology-user-interface\\\/#breadcrumb\"},\"inLanguage\":\"fi\",\"potentialAction\":[{\"@type\":\"ReadAction\",\"target\":[\"https:\\\/\\\/www.ornet.eu\\\/sv\\\/ornet-pathology\\\/pathology-user-interface\\\/\"]}]},{\"@type\":\"BreadcrumbList\",\"@id\":\"https:\\\/\\\/www.ornet.eu\\\/sv\\\/ornet-pathology\\\/pathology-user-interface\\\/#breadcrumb\",\"itemListElement\":[{\"@type\":\"ListItem\",\"position\":1,\"name\":\"Home\",\"item\":\"https:\\\/\\\/ornet.eu\\\/\"},{\"@type\":\"ListItem\",\"position\":2,\"name\":\"ORNet Pathology\",\"item\":\"https:\\\/\\\/ornet.eu\\\/da\\\/?page_id=763\"},{\"@type\":\"ListItem\",\"position\":3,\"name\":\"Pathology user interface\"}]},{\"@type\":\"WebSite\",\"@id\":\"https:\\\/\\\/ornet.eu\\\/#website\",\"url\":\"https:\\\/\\\/ornet.eu\\\/\",\"name\":\"ORNet\",\"description\":\"Medical Imaging &amp; Device Management Solutions\",\"publisher\":{\"@id\":\"https:\\\/\\\/ornet.eu\\\/#organization\"},\"potentialAction\":[{\"@type\":\"SearchAction\",\"target\":{\"@type\":\"EntryPoint\",\"urlTemplate\":\"https:\\\/\\\/ornet.eu\\\/?s={search_term_string}\"},\"query-input\":{\"@type\":\"PropertyValueSpecification\",\"valueRequired\":true,\"valueName\":\"search_term_string\"}}],\"inLanguage\":\"fi\"},{\"@type\":\"Organization\",\"@id\":\"https:\\\/\\\/ornet.eu\\\/#organization\",\"name\":\"Bait Partner O\u00dc\",\"url\":\"https:\\\/\\\/ornet.eu\\\/\",\"logo\":{\"@type\":\"ImageObject\",\"inLanguage\":\"fi\",\"@id\":\"https:\\\/\\\/ornet.eu\\\/#\\\/schema\\\/logo\\\/image\\\/\",\"url\":\"https:\\\/\\\/ornet.eu\\\/wp-content\\\/uploads\\\/2022\\\/03\\\/BAIT-PARTNER-logo-in-square-format.jpg\",\"contentUrl\":\"https:\\\/\\\/ornet.eu\\\/wp-content\\\/uploads\\\/2022\\\/03\\\/BAIT-PARTNER-logo-in-square-format.jpg\",\"width\":520,\"height\":520,\"caption\":\"Bait Partner O\u00dc\"},\"image\":{\"@id\":\"https:\\\/\\\/ornet.eu\\\/#\\\/schema\\\/logo\\\/image\\\/\"},\"sameAs\":[\"https:\\\/\\\/www.facebook.com\\\/baitpartner\",\"https:\\\/\\\/x.com\\\/BaitPartner\",\"https:\\\/\\\/www.instagram.com\\\/baitpartner\\\/\",\"https:\\\/\\\/www.linkedin.com\\\/company\\\/bait-partner-o-\\\/\"]}]}<\/script>\n<!-- \/ Yoast SEO plugin. -->","yoast_head_json":{"title":"Pathology user interface &#8211; ORNet","robots":{"index":"index","follow":"follow","max-snippet":"max-snippet:-1","max-image-preview":"max-image-preview:large","max-video-preview":"max-video-preview:-1"},"canonical":"https:\/\/www.ornet.eu\/sv\/ornet-pathology\/pathology-user-interface\/","og_locale":"fi_FI","og_type":"article","og_title":"Pathology user interface &#8211; ORNet","og_description":"Highly Intuitive user interface with large icons and more space for video and images, making","og_url":"https:\/\/www.ornet.eu\/sv\/ornet-pathology\/pathology-user-interface\/","og_site_name":"ORNet","article_publisher":"https:\/\/www.facebook.com\/baitpartner","article_modified_time":"2023-01-17T13:32:53+00:00","twitter_card":"summary_large_image","twitter_site":"@BaitPartner","twitter_misc":{"Arvioitu lukuaika":"1 minuutti"},"schema":{"@context":"https:\/\/schema.org","@graph":[{"@type":"WebPage","@id":"https:\/\/www.ornet.eu\/sv\/ornet-pathology\/pathology-user-interface\/","url":"https:\/\/www.ornet.eu\/sv\/ornet-pathology\/pathology-user-interface\/","name":"Pathology user interface &#8211; ORNet","isPartOf":{"@id":"https:\/\/ornet.eu\/#website"},"datePublished":"2017-04-25T13:01:20+00:00","dateModified":"2023-01-17T13:32:53+00:00","breadcrumb":{"@id":"https:\/\/www.ornet.eu\/sv\/ornet-pathology\/pathology-user-interface\/#breadcrumb"},"inLanguage":"fi","potentialAction":[{"@type":"ReadAction","target":["https:\/\/www.ornet.eu\/sv\/ornet-pathology\/pathology-user-interface\/"]}]},{"@type":"BreadcrumbList","@id":"https:\/\/www.ornet.eu\/sv\/ornet-pathology\/pathology-user-interface\/#breadcrumb","itemListElement":[{"@type":"ListItem","position":1,"name":"Home","item":"https:\/\/ornet.eu\/"},{"@type":"ListItem","position":2,"name":"ORNet Pathology","item":"https:\/\/ornet.eu\/da\/?page_id=763"},{"@type":"ListItem","position":3,"name":"Pathology user interface"}]},{"@type":"WebSite","@id":"https:\/\/ornet.eu\/#website","url":"https:\/\/ornet.eu\/","name":"ORNet","description":"Medical Imaging &amp; Device Management Solutions","publisher":{"@id":"https:\/\/ornet.eu\/#organization"},"potentialAction":[{"@type":"SearchAction","target":{"@type":"EntryPoint","urlTemplate":"https:\/\/ornet.eu\/?s={search_term_string}"},"query-input":{"@type":"PropertyValueSpecification","valueRequired":true,"valueName":"search_term_string"}}],"inLanguage":"fi"},{"@type":"Organization","@id":"https:\/\/ornet.eu\/#organization","name":"Bait Partner O\u00dc","url":"https:\/\/ornet.eu\/","logo":{"@type":"ImageObject","inLanguage":"fi","@id":"https:\/\/ornet.eu\/#\/schema\/logo\/image\/","url":"https:\/\/ornet.eu\/wp-content\/uploads\/2022\/03\/BAIT-PARTNER-logo-in-square-format.jpg","contentUrl":"https:\/\/ornet.eu\/wp-content\/uploads\/2022\/03\/BAIT-PARTNER-logo-in-square-format.jpg","width":520,"height":520,"caption":"Bait Partner O\u00dc"},"image":{"@id":"https:\/\/ornet.eu\/#\/schema\/logo\/image\/"},"sameAs":["https:\/\/www.facebook.com\/baitpartner","https:\/\/x.com\/BaitPartner","https:\/\/www.instagram.com\/baitpartner\/","https:\/\/www.linkedin.com\/company\/bait-partner-o-\/"]}]}},"post_mailing_queue_ids":[],"_links":{"self":[{"href":"https:\/\/ornet.eu\/fi\/wp-json\/wp\/v2\/pages\/1395","targetHints":{"allow":["GET"]}}],"collection":[{"href":"https:\/\/ornet.eu\/fi\/wp-json\/wp\/v2\/pages"}],"about":[{"href":"https:\/\/ornet.eu\/fi\/wp-json\/wp\/v2\/types\/page"}],"author":[{"embeddable":true,"href":"https:\/\/ornet.eu\/fi\/wp-json\/wp\/v2\/users\/1"}],"replies":[{"embeddable":true,"href":"https:\/\/ornet.eu\/fi\/wp-json\/wp\/v2\/comments?post=1395"}],"version-history":[{"count":5,"href":"https:\/\/ornet.eu\/fi\/wp-json\/wp\/v2\/pages\/1395\/revisions"}],"predecessor-version":[{"id":4834,"href":"https:\/\/ornet.eu\/fi\/wp-json\/wp\/v2\/pages\/1395\/revisions\/4834"}],"up":[{"embeddable":true,"href":"https:\/\/ornet.eu\/fi\/wp-json\/wp\/v2\/pages\/763"}],"wp:attachment":[{"href":"https:\/\/ornet.eu\/fi\/wp-json\/wp\/v2\/media?parent=1395"}],"curies":[{"name":"wp","href":"https:\/\/api.w.org\/{rel}","templated":true}]}}