{"id":174,"date":"2017-03-01T11:45:17","date_gmt":"2017-03-01T09:45:17","guid":{"rendered":"http:\/\/ornet.eu\/?page_id=174"},"modified":"2023-01-09T12:55:54","modified_gmt":"2023-01-09T10:55:54","slug":"ornet-story","status":"publish","type":"page","link":"https:\/\/ornet.eu\/fi\/ornet-story\/","title":{"rendered":"ORNetin tarina"},"content":{"rendered":"<div id=\"pl-174\"  class=\"panel-layout\" ><div id=\"pg-174-0\"  class=\"panel-grid panel-has-style\" ><div style=\"padding: 0px 0; \" data-overlay=\"true\" data-overlay-color=\"#000000\" class=\"panel-row-style panel-row-style-for-174-0\" ><div id=\"pgc-174-0-0\"  class=\"panel-grid-cell\" ><div id=\"panel-174-0-0-0\" class=\"so-panel widget widget_text panel-first-child\" data-index=\"0\" ><div style=\"text-align: left;\" data-title-color=\"#443f3f\" data-headings-color=\"#443f3f\" class=\"panel-widget-style panel-widget-style-for-174-0-0-0\" ><h3 class=\"widget-title\">ORNetin tarina<\/h3>\t\t\t<div class=\"textwidget\"><\/div>\n\t\t<\/div><\/div><div id=\"panel-174-0-0-1\" class=\"so-panel widget widget_sow-editor panel-last-child\" data-index=\"1\" ><div style=\"text-align: left;\" data-title-color=\"#443f3f\" data-headings-color=\"#443f3f\" class=\"panel-widget-style panel-widget-style-for-174-0-0-1\" ><div\n\t\t\t\n\t\t\tclass=\"so-widget-sow-editor so-widget-sow-editor-base\"\n\t\t\t\n\t\t>\n<div class=\"siteorigin-widget-tinymce textwidget\">\n\t<p>\t\t\t<!-- Cool Timeline Free V3.3.0 --><\/p>\n<div class=\"ctl-wrapper\" role=\"region\" aria-label=\"Aikajana\">\n<div class=\"ctl-before-content\">\n<div class=\"timeline-main-title\">\n<h1>Aikajana<\/h1>\n<\/div>\n<\/div>\n<div id=\"cool_timeline_2\" class=\"cool-timeline-wrapper ctl-both-sided ctl-vertical-wrapper\" >\n<div class=\"ctl-start\"><\/div>\n<p>\t\t\t\t\t<!-- Timeline Container --><\/p>\n<div class=\"ctl-timeline ctl-timeline-container\" data-animation=\"none\">\n\t\t\t\t\t\t<!-- Center Line --><\/p>\n<div class=\"ctl-inner-line\" role=\"presentation\"><\/div>\n<p>\t\t\t\t\t\t\t\t\t\t\t\t<!-- Timeline Content --><\/p>\n<div  id=\"ctl-story-8137\" class=\"ctl-story ctl-story-icon odd ctl-story-right\" data-aos=\"none\"   data-story-index=\"1\" role=\"article\"><!-- Story Icon --><\/p>\n<div class=\"ctl-icon\"><i class=\"fa fa-clock-o\" aria-hidden=\"true\"><\/i><\/div>\n<p> <!-- Story Arrow --><\/p>\n<div class=\"ctl-arrow\"><\/div>\n<p><!-- Story Content --><\/p>\n<div class=\"ctl-content\"><!-- Story Title --><\/p>\n<div class=\"ctl-title story-8137\" aria-label=\"2\"><a target=\"_self\" title=\"Exploring new horizons\" href=\"https:\/\/ornet.eu\/fi\/cool_timeline\/exploring-new-horizons\/\" class=\"story-link\">Exploring new horizons<\/a><\/div>\n<p><!-- Story Description --><\/p>\n<div class=\"ctl-description\">\n<p>In 2025 ORNet has spread outside of our Nordic and Baltic area and we are proud to have our first cases in central Europe. Also changes in the software, specially in ORNet Pathology to accommodate dealers in Europe mark a significant step for us, but also makes ORNet a strong player in the field of digital, paper-free pathology laboratories concept.<\/p>\n<\/div>\n<\/div>\n<\/div>\n<p><!-- Timeline Content --><\/p>\n<div  id=\"ctl-story-8136\" class=\"ctl-story ctl-story-icon even ctl-story-left\" data-aos=\"none\"   data-story-index=\"2\" role=\"article\"><!-- Story Icon --><\/p>\n<div class=\"ctl-icon\"><i class=\"fa fa-clock-o\" aria-hidden=\"true\"><\/i><\/div>\n<p> <!-- Story Arrow --><\/p>\n<div class=\"ctl-arrow\"><\/div>\n<p><!-- Story Content --><\/p>\n<div class=\"ctl-content\"><!-- Story Title --><\/p>\n<div class=\"ctl-title story-8136\" aria-label=\"2\"><a target=\"_self\" title=\"ORNet Pathology 3.3\" href=\"https:\/\/ornet.eu\/fi\/cool_timeline\/ornet-pathology-3-3\/\" class=\"story-link\">ORNet Pathology 3.3<\/a><\/div>\n<p><!-- Story Media --><\/p>\n<div class=\"ctl-media full\"><a data-glightbox=\"ORNet Pathology 3.3\" href=\"https:\/\/ornet.eu\/wp-content\/uploads\/2025\/02\/find-draw-outline-w-circumfr-e1739877063771.png\" class=\"ctl_glightbox\"><img decoding=\"async\" width=\"200\" height=\"200\" src=\"https:\/\/ornet.eu\/wp-content\/uploads\/2025\/02\/find-draw-outline-w-circumfr-e1739877063771.png\" class=\"story-img wp-post-image\" alt=\"ORNet Pathology 3.3\" \/><\/a><\/div>\n<p><!-- Story Description --><\/p>\n<div class=\"ctl-description\">\n<p>New features! Image recognition and automatic area detection with measurements &#8211; cutting edge technology solutions that help to speed up process of documenting pathology samples.<\/p>\n<\/div>\n<\/div>\n<\/div>\n<p><!-- Timeline Content --><\/p>\n<div  id=\"ctl-story-8135\" class=\"ctl-story ctl-story-icon odd ctl-story-right\" data-aos=\"none\"   data-story-index=\"3\" role=\"article\"><!-- Story Icon --><\/p>\n<div class=\"ctl-icon\"><i class=\"fa fa-clock-o\" aria-hidden=\"true\"><\/i><\/div>\n<p> <!-- Story Arrow --><\/p>\n<div class=\"ctl-arrow\"><\/div>\n<p><!-- Story Content --><\/p>\n<div class=\"ctl-content\"><!-- Story Title --><\/p>\n<div class=\"ctl-title story-8135\" aria-label=\"2\"><a target=\"_self\" title=\"Communication module for consultation\" href=\"https:\/\/ornet.eu\/fi\/cool_timeline\/communication-module-for-consultation\/\" class=\"story-link\">Communication module for consultation<\/a><\/div>\n<p><!-- Story Description --><\/p>\n<div class=\"ctl-description\">\n<p>In 2024 ORNet solutions got an optional communication module for consultation.\u00a0 With less Pathologists and the field it is necessary to share information between different cities and countries.\u00a0Consultation with images or live video stream and audio with a help of a pointer is a tool that hopefully is appreciated by the professionals in this field.<\/p>\n<\/div>\n<\/div>\n<\/div>\n<p><!-- Timeline Content --><\/p>\n<div  id=\"ctl-story-5206\" class=\"ctl-story ctl-story-icon even ctl-story-left\" data-aos=\"none\"   data-story-index=\"4\" role=\"article\"><!-- Story Icon --><\/p>\n<div class=\"ctl-icon\"><i class=\"fa fa-clock-o\" aria-hidden=\"true\"><\/i><\/div>\n<p> <!-- Story Arrow --><\/p>\n<div class=\"ctl-arrow\"><\/div>\n<p><!-- Story Content --><\/p>\n<div class=\"ctl-content\"><!-- Story Title --><\/p>\n<div class=\"ctl-title story-5206\" aria-label=\"2\"><a target=\"_self\" title=\"ORNet Pathology 3.0 Launch\" href=\"https:\/\/ornet.eu\/fi\/cool_timeline\/ornet-pathology-3-0-launch\/\" class=\"story-link\">ORNet Pathology 3.0 Launch<\/a><\/div>\n<p><!-- Story Description --><\/p>\n<div class=\"ctl-description\">\n<p>April 2023 marked the launch of ORNet Pathology 3.0, a significant update to our innovative pathology software. With this release, users will benefit from a streamlined workflow, advanced media management, and other advanced features. Key features include a redesigned media window, improved container management, customizable foot pedal integration, enhanced image editing capabilities, and a new video editor with more capabilities.<\/p>\n<\/div>\n<\/div>\n<\/div>\n<p><!-- Timeline Content --><\/p>\n<div  id=\"ctl-story-5023\" class=\"ctl-story ctl-story-icon odd ctl-story-right\" data-aos=\"none\"   data-story-index=\"5\" role=\"article\"><!-- Story Icon --><\/p>\n<div class=\"ctl-icon\"><i class=\"fa fa-clock-o\" aria-hidden=\"true\"><\/i><\/div>\n<p> <!-- Story Arrow --><\/p>\n<div class=\"ctl-arrow\"><\/div>\n<p><!-- Story Content --><\/p>\n<div class=\"ctl-content\"><!-- Story Title --><\/p>\n<div class=\"ctl-title story-5023\" aria-label=\"2\"><a target=\"_self\" title=\"ORNet Surgery 3.0\" href=\"https:\/\/ornet.eu\/fi\/cool_timeline\/ornet-surgery-3-0\/\" class=\"story-link\">ORNet Surgery 3.0<\/a><\/div>\n<p><!-- Story Description --><\/p>\n<div class=\"ctl-description\">\n<p>In December 2022, we launched the latest version of ORNet Surgery, Surgery 3.0. The new version came with a new &#038; more intuitive user interface along with several new features<\/p>\n<\/div>\n<\/div>\n<\/div>\n<p><!-- Timeline Content --><\/p>\n<div  id=\"ctl-story-5022\" class=\"ctl-story ctl-story-icon even ctl-story-left\" data-aos=\"none\"   data-story-index=\"6\" role=\"article\"><!-- Story Icon --><\/p>\n<div class=\"ctl-icon\"><i class=\"fa fa-clock-o\" aria-hidden=\"true\"><\/i><\/div>\n<p> <!-- Story Arrow --><\/p>\n<div class=\"ctl-arrow\"><\/div>\n<p><!-- Story Content --><\/p>\n<div class=\"ctl-content\"><!-- Story Title --><\/p>\n<div class=\"ctl-title story-5022\" aria-label=\"2\"><a target=\"_self\" title=\"ORNet Editor 2.0:n Lulkaisu\" href=\"https:\/\/ornet.eu\/fi\/cool_timeline\/ornet-editor-2-0-launch\/\" class=\"story-link\">ORNet Editor 2.0:n Lulkaisu<\/a><\/div>\n<p><!-- Story Description --><\/p>\n<div class=\"ctl-description\">\n<p class=\"translation-block\">Huhtikuussa 2022 julkaisumme uusimman version <a href=\"https:\/\/ornet.eu\/fi\/ornet-editor\/\" rel=\"noopener\" target=\"_blank\">ORNet Editor<\/a> -ratkaisusta, ORNet Editor 2.0:n, jolla l\u00e4\u00e4k\u00e4rit ja patologit voivat muokata ja analysoida potilaan mediatiedostoja, kuten kuvia, videoita ja \u00e4\u00e4nitiedostoja, et\u00e4n\u00e4.\n<br>\n<img src=\"https:\/\/ornet.eu\/wp-content\/uploads\/2022\/08\/ORNet-editor-Image-Comparison-e1659612128829-300x246.png\" alt=\"compare pathology and OR image with ORNet Editor\" width=\"300\" height=\"246\" class=\"alignnone size-medium wp-image-4397\"><\/p>\n<\/div>\n<\/div>\n<\/div>\n<p><!-- Timeline Content --><\/p>\n<div  id=\"ctl-story-3781\" class=\"ctl-story ctl-story-icon odd ctl-story-right\" data-aos=\"none\"   data-story-index=\"7\" role=\"article\"><!-- Story Icon --><\/p>\n<div class=\"ctl-icon\"><i class=\"fa fa-clock-o\" aria-hidden=\"true\"><\/i><\/div>\n<p> <!-- Story Arrow --><\/p>\n<div class=\"ctl-arrow\"><\/div>\n<p><!-- Story Content --><\/p>\n<div class=\"ctl-content\"><!-- Story Title --><\/p>\n<div class=\"ctl-title story-3781\" aria-label=\"2\"><a target=\"_self\" title=\"ORNet Editor\" href=\"https:\/\/ornet.eu\/fi\/cool_timeline\/ornet-editor\/\" class=\"story-link\">ORNet Editor<\/a><\/div>\n<p><!-- Story Description --><\/p>\n<div class=\"ctl-description\">\n<p>Uusi ORNet Editor<\/p>\n<\/div>\n<\/div>\n<\/div>\n<p><!-- Timeline Content --><\/p>\n<div  id=\"ctl-story-3291\" class=\"ctl-story ctl-story-icon even ctl-story-left\" data-aos=\"none\"   data-story-index=\"8\" role=\"article\"><!-- Story Icon --><\/p>\n<div class=\"ctl-icon\"><i class=\"fa fa-clock-o\" aria-hidden=\"true\"><\/i><\/div>\n<p> <!-- Story Arrow --><\/p>\n<div class=\"ctl-arrow\"><\/div>\n<p><!-- Story Content --><\/p>\n<div class=\"ctl-content\"><!-- Story Title --><\/p>\n<div class=\"ctl-title story-3291\" aria-label=\"2\"><a target=\"_self\" title=\"ORNet\" href=\"https:\/\/ornet.eu\/fi\/cool_timeline\/ornet\/\" class=\"story-link\">ORNet<\/a><\/div>\n<p><!-- Story Description --><\/p>\n<div class=\"ctl-description\">\n<p>ORNet Pathology -valoon integroitu 4K- makropatologiakamera<\/p>\n<\/div>\n<\/div>\n<\/div>\n<p><!-- Timeline Content --><\/p>\n<div  id=\"ctl-story-2243\" class=\"ctl-story ctl-story-icon odd ctl-story-right\" data-aos=\"none\"   data-story-index=\"9\" role=\"article\"><!-- Story Icon --><\/p>\n<div class=\"ctl-icon\"><i class=\"fa fa-clock-o\" aria-hidden=\"true\"><\/i><\/div>\n<p> <!-- Story Arrow --><\/p>\n<div class=\"ctl-arrow\"><\/div>\n<p><!-- Story Content --><\/p>\n<div class=\"ctl-content\"><!-- Story Title --><\/p>\n<div class=\"ctl-title story-2243\" aria-label=\"2\"><a target=\"_self\" title=\"ORNet Pathology\" href=\"https:\/\/ornet.eu\/fi\/cool_timeline\/2017\/\" class=\"story-link\">ORNet Pathology<\/a><\/div>\n<p><!-- Story Media --><\/p>\n<div class=\"ctl-media full\"><a data-glightbox=\"ORNet Pathology\" href=\"https:\/\/ornet.eu\/wp-content\/uploads\/2017\/12\/pato_lamp_200x200.png\" class=\"ctl_glightbox\"><img decoding=\"async\" width=\"200\" height=\"200\" src=\"https:\/\/ornet.eu\/wp-content\/uploads\/2017\/12\/pato_lamp_200x200.png\" class=\"story-img wp-post-image\" alt=\"ORNet Pathology\" srcset=\"https:\/\/ornet.eu\/wp-content\/uploads\/2017\/12\/pato_lamp_200x200.png 200w, https:\/\/ornet.eu\/wp-content\/uploads\/2017\/12\/pato_lamp_200x200-150x150.png 150w, https:\/\/ornet.eu\/wp-content\/uploads\/2017\/12\/pato_lamp_200x200-45x45.png 45w\" sizes=\"(max-width: 200px) 100vw, 200px\" \/><\/a><\/div>\n<p><!-- Story Description --><\/p>\n<div class=\"ctl-description\">\n<p>T\u00e4m\u00e4 vuosi j\u00e4\u00e4 historiankirjoihin useiden eritt\u00e4in mielenkiintoisten ORNet Pathology -projektien my\u00f6t\u00e4. Ratkaisuun lis\u00e4ttiin useita ainutlaatuisia koteloiden ja kasettien k\u00e4ytt\u00f6\u00f6n ja merkitsemiseen liittyvi\u00e4 toimintoja yhteisty\u00f6ss\u00e4 Oulun yliopistollisen sairaalan patologien kanssa. Tartton yliopistollisella sairaalalla ja Sein\u00e4joen sairaalalla on hyvi\u00e4 kokemuksia erityyppisist\u00e4 asennuksista ruumiinavaussaleihin ja erilaisiin vetokaappeihin. K\u00e4ynnistimme my\u00f6s MYLAB LIS -j\u00e4rjestelm\u00e4n integroinnin, joka tarjoaa uusille asiakkaille useita uusia toimintoja ja vaihtoehtoja.<\/p>\n<\/div>\n<\/div>\n<\/div>\n<p><!-- Timeline Content --><\/p>\n<div  id=\"ctl-story-260\" class=\"ctl-story ctl-story-icon even ctl-story-left\" data-aos=\"none\"   data-story-index=\"10\" role=\"article\"><!-- Story Icon --><\/p>\n<div class=\"ctl-icon\"><i class=\"fa fa-clock-o\" aria-hidden=\"true\"><\/i><\/div>\n<p> <!-- Story Arrow --><\/p>\n<div class=\"ctl-arrow\"><\/div>\n<p><!-- Story Content --><\/p>\n<div class=\"ctl-content\"><!-- Story Title --><\/p>\n<div class=\"ctl-title story-260\" aria-label=\"2\"><a target=\"_self\" title=\"LIS\" href=\"https:\/\/ornet.eu\/fi\/cool_timeline\/what-happened-in-2016\/\" class=\"story-link\">LIS<\/a><\/div>\n<p><!-- Story Description --><\/p>\n<div class=\"ctl-description\">\n<p>: Vuonna 2016 aloitamme onnistuneen yhteisty\u00f6n LIS (Laboratory Information Systems, laboratoriotietoj\u00e4rjestem\u00e4) -valmistajien kanssa. Esimerkiksi Tieto on toteuttanut useita Tieto LIS -j\u00e4rjestelm\u00e4n ja ORNet Macro Pathology -ratkaisun integraatioita saumattoman ty\u00f6nkulun mahdollistamiseksi n\u00e4iden kahden j\u00e4rjestelm\u00e4n v\u00e4lill\u00e4. Julkaisemme my\u00f6s uuden valmistajien verkkosivuston, jolla julkaisemme jatkossa kaikki tuoteuutiset ja tarvittavat tiedot. Tiimin laajentuminen markkinointi- ja myyntiosaajilla antaa meille enemm\u00e4n mahdollisuuksia palvella asiakkaitamme paremmin ja aloittaa laajentuminen Ruotsiin, Norjaan ja Tanskaan.<\/p>\n<\/div>\n<\/div>\n<\/div><\/div>\n<div class=\"ctl-end\"><\/div>\n<nav class=\"ctl-pagination\" aria-label=\"Timeline Navigation\"><span class=\"page-numbers ctl-page-num\" role=\"status\"> Page 1 of 2<\/span> <span aria-current=\"page\" class=\"page-numbers current\">1<\/span><br \/>\n<a class=\"page-numbers\" href=\"https:\/\/ornet.eu\/fi\/wp-json\/wp\/v2\/pages\/174\/page\/2\/\">2<\/a><br \/>\n<a class=\"next page-numbers\" href=\"https:\/\/ornet.eu\/fi\/wp-json\/wp\/v2\/pages\/174\/page\/2\/\"><svg xmlns=\"http:\/\/www.w3.org\/2000\/svg\" height=\"1em\" viewbox=\"0 0 448 512\">\n\t\t\t\t<path d=\"M224.3 273l-136 136c-9.4 9.4-24.6 9.4-33.9 0l-22.6-22.6c-9.4-9.4-9.4-24.6 0-33.9l96.4-96.4-96.4-96.4c-9.4-9.4-9.4-24.6 0-33.9L54.3 103c9.4-9.4 24.6-9.4 33.9 0l136 136c9.5 9.4 9.5 24.6.1 34zm192-34l-136-136c-9.4-9.4-24.6-9.4-33.9 0l-22.6 22.6c-9.4 9.4-9.4 24.6 0 33.9l96.4 96.4-96.4 96.4c-9.4 9.4-9.4 24.6 0 33.9l22.6 22.6c9.4 9.4 24.6 9.4 33.9 0l136-136c9.4-9.2 9.4-24.4 0-33.8z\"\/>\n\t\t\t\t<\/svg><\/a><\/nav>\n<\/p><\/div>\n<\/p><\/div>\n<\/div>\n<\/div><\/div><\/div><\/div><\/div><\/div><\/div>","protected":false},"excerpt":{"rendered":"<p>ORNet story Timeline Exploring new horizons In 2025 ORNet has spread outside of our Nordic<\/p>","protected":false},"author":1,"featured_media":0,"parent":0,"menu_order":0,"comment_status":"closed","ping_status":"closed","template":"page-templates\/page_fullwidth.php","meta":{"_eb_attr":"","om_disable_all_campaigns":false,"_uf_show_specific_survey":0,"_uf_disable_surveys":false,"two_page_speed":[],"footnotes":""},"class_list":["post-174","page","type-page","status-publish","hentry"],"yoast_head":"<!-- This site is optimized with the Yoast SEO plugin v27.4 - https:\/\/yoast.com\/product\/yoast-seo-wordpress\/ -->\n<title>ORNet - Developing an open operating room device management system<\/title>\n<meta name=\"description\" content=\"The story of how we developed the ORNet Products Family over the years and where do we stand in the present moment\" \/>\n<meta name=\"robots\" content=\"index, follow, max-snippet:-1, max-image-preview:large, max-video-preview:-1\" \/>\n<link rel=\"canonical\" href=\"https:\/\/ornet.eu\/fi\/ornet-story\/\" \/>\n<meta property=\"og:locale\" content=\"fi_FI\" \/>\n<meta property=\"og:type\" content=\"article\" \/>\n<meta property=\"og:title\" content=\"ORNet - Developing an open operating room device management system\" \/>\n<meta property=\"og:description\" content=\"The story of how we developed the ORNet Products Family over the years and where do we stand in the present moment\" \/>\n<meta property=\"og:url\" content=\"https:\/\/ornet.eu\/fi\/ornet-story\/\" \/>\n<meta property=\"og:site_name\" content=\"ORNet\" \/>\n<meta property=\"article:publisher\" content=\"https:\/\/www.facebook.com\/baitpartner\" \/>\n<meta property=\"article:modified_time\" content=\"2023-01-09T10:55:54+00:00\" \/>\n<meta name=\"twitter:card\" content=\"summary_large_image\" \/>\n<meta name=\"twitter:site\" content=\"@BaitPartner\" \/>\n<meta name=\"twitter:label1\" content=\"Arvioitu lukuaika\" \/>\n\t<meta name=\"twitter:data1\" content=\"1 minuutti\" \/>\n<script type=\"application\/ld+json\" class=\"yoast-schema-graph\">{\"@context\":\"https:\\\/\\\/schema.org\",\"@graph\":[{\"@type\":\"WebPage\",\"@id\":\"https:\\\/\\\/ornet.eu\\\/fi\\\/ornet-story\\\/\",\"url\":\"https:\\\/\\\/ornet.eu\\\/fi\\\/ornet-story\\\/\",\"name\":\"ORNet - Developing an open operating room device management system\",\"isPartOf\":{\"@id\":\"https:\\\/\\\/ornet.eu\\\/sv\\\/#website\"},\"datePublished\":\"2017-03-01T09:45:17+00:00\",\"dateModified\":\"2023-01-09T10:55:54+00:00\",\"description\":\"The story of how we developed the ORNet Products Family over the years and where do we stand in the present moment\",\"breadcrumb\":{\"@id\":\"https:\\\/\\\/ornet.eu\\\/fi\\\/ornet-story\\\/#breadcrumb\"},\"inLanguage\":\"fi\",\"potentialAction\":[{\"@type\":\"ReadAction\",\"target\":[\"https:\\\/\\\/ornet.eu\\\/fi\\\/ornet-story\\\/\"]}]},{\"@type\":\"BreadcrumbList\",\"@id\":\"https:\\\/\\\/ornet.eu\\\/fi\\\/ornet-story\\\/#breadcrumb\",\"itemListElement\":[{\"@type\":\"ListItem\",\"position\":1,\"name\":\"Home\",\"item\":\"https:\\\/\\\/ornet.eu\\\/sv\\\/\"},{\"@type\":\"ListItem\",\"position\":2,\"name\":\"ORNet Story\"}]},{\"@type\":\"WebSite\",\"@id\":\"https:\\\/\\\/ornet.eu\\\/sv\\\/#website\",\"url\":\"https:\\\/\\\/ornet.eu\\\/sv\\\/\",\"name\":\"ORNet\",\"description\":\"Medical Imaging &amp; Device Management Solutions\",\"publisher\":{\"@id\":\"https:\\\/\\\/ornet.eu\\\/sv\\\/#organization\"},\"potentialAction\":[{\"@type\":\"SearchAction\",\"target\":{\"@type\":\"EntryPoint\",\"urlTemplate\":\"https:\\\/\\\/ornet.eu\\\/sv\\\/?s={search_term_string}\"},\"query-input\":{\"@type\":\"PropertyValueSpecification\",\"valueRequired\":true,\"valueName\":\"search_term_string\"}}],\"inLanguage\":\"fi\"},{\"@type\":\"Organization\",\"@id\":\"https:\\\/\\\/ornet.eu\\\/sv\\\/#organization\",\"name\":\"Bait Partner O\u00dc\",\"url\":\"https:\\\/\\\/ornet.eu\\\/sv\\\/\",\"logo\":{\"@type\":\"ImageObject\",\"inLanguage\":\"fi\",\"@id\":\"https:\\\/\\\/ornet.eu\\\/sv\\\/#\\\/schema\\\/logo\\\/image\\\/\",\"url\":\"https:\\\/\\\/ornet.eu\\\/wp-content\\\/uploads\\\/2022\\\/03\\\/BAIT-PARTNER-logo-in-square-format.jpg\",\"contentUrl\":\"https:\\\/\\\/ornet.eu\\\/wp-content\\\/uploads\\\/2022\\\/03\\\/BAIT-PARTNER-logo-in-square-format.jpg\",\"width\":520,\"height\":520,\"caption\":\"Bait Partner O\u00dc\"},\"image\":{\"@id\":\"https:\\\/\\\/ornet.eu\\\/sv\\\/#\\\/schema\\\/logo\\\/image\\\/\"},\"sameAs\":[\"https:\\\/\\\/www.facebook.com\\\/baitpartner\",\"https:\\\/\\\/x.com\\\/BaitPartner\",\"https:\\\/\\\/www.instagram.com\\\/baitpartner\\\/\",\"https:\\\/\\\/www.linkedin.com\\\/company\\\/bait-partner-o-\\\/\"]}]}<\/script>\n<!-- \/ Yoast SEO plugin. -->","yoast_head_json":{"title":"ORNet - Developing an open operating room device management system","description":"The story of how we developed the ORNet Products Family over the years and where do we stand in the present moment","robots":{"index":"index","follow":"follow","max-snippet":"max-snippet:-1","max-image-preview":"max-image-preview:large","max-video-preview":"max-video-preview:-1"},"canonical":"https:\/\/ornet.eu\/fi\/ornet-story\/","og_locale":"fi_FI","og_type":"article","og_title":"ORNet - Developing an open operating room device management system","og_description":"The story of how we developed the ORNet Products Family over the years and where do we stand in the present moment","og_url":"https:\/\/ornet.eu\/fi\/ornet-story\/","og_site_name":"ORNet","article_publisher":"https:\/\/www.facebook.com\/baitpartner","article_modified_time":"2023-01-09T10:55:54+00:00","twitter_card":"summary_large_image","twitter_site":"@BaitPartner","twitter_misc":{"Arvioitu lukuaika":"1 minuutti"},"schema":{"@context":"https:\/\/schema.org","@graph":[{"@type":"WebPage","@id":"https:\/\/ornet.eu\/fi\/ornet-story\/","url":"https:\/\/ornet.eu\/fi\/ornet-story\/","name":"ORNet - Developing an open operating room device management system","isPartOf":{"@id":"https:\/\/ornet.eu\/sv\/#website"},"datePublished":"2017-03-01T09:45:17+00:00","dateModified":"2023-01-09T10:55:54+00:00","description":"The story of how we developed the ORNet Products Family over the years and where do we stand in the present moment","breadcrumb":{"@id":"https:\/\/ornet.eu\/fi\/ornet-story\/#breadcrumb"},"inLanguage":"fi","potentialAction":[{"@type":"ReadAction","target":["https:\/\/ornet.eu\/fi\/ornet-story\/"]}]},{"@type":"BreadcrumbList","@id":"https:\/\/ornet.eu\/fi\/ornet-story\/#breadcrumb","itemListElement":[{"@type":"ListItem","position":1,"name":"Home","item":"https:\/\/ornet.eu\/sv\/"},{"@type":"ListItem","position":2,"name":"ORNet Story"}]},{"@type":"WebSite","@id":"https:\/\/ornet.eu\/sv\/#website","url":"https:\/\/ornet.eu\/sv\/","name":"ORNet","description":"Medical Imaging &amp; Device Management Solutions","publisher":{"@id":"https:\/\/ornet.eu\/sv\/#organization"},"potentialAction":[{"@type":"SearchAction","target":{"@type":"EntryPoint","urlTemplate":"https:\/\/ornet.eu\/sv\/?s={search_term_string}"},"query-input":{"@type":"PropertyValueSpecification","valueRequired":true,"valueName":"search_term_string"}}],"inLanguage":"fi"},{"@type":"Organization","@id":"https:\/\/ornet.eu\/sv\/#organization","name":"Bait Partner O\u00dc","url":"https:\/\/ornet.eu\/sv\/","logo":{"@type":"ImageObject","inLanguage":"fi","@id":"https:\/\/ornet.eu\/sv\/#\/schema\/logo\/image\/","url":"https:\/\/ornet.eu\/wp-content\/uploads\/2022\/03\/BAIT-PARTNER-logo-in-square-format.jpg","contentUrl":"https:\/\/ornet.eu\/wp-content\/uploads\/2022\/03\/BAIT-PARTNER-logo-in-square-format.jpg","width":520,"height":520,"caption":"Bait Partner O\u00dc"},"image":{"@id":"https:\/\/ornet.eu\/sv\/#\/schema\/logo\/image\/"},"sameAs":["https:\/\/www.facebook.com\/baitpartner","https:\/\/x.com\/BaitPartner","https:\/\/www.instagram.com\/baitpartner\/","https:\/\/www.linkedin.com\/company\/bait-partner-o-\/"]}]}},"post_mailing_queue_ids":[],"_links":{"self":[{"href":"https:\/\/ornet.eu\/fi\/wp-json\/wp\/v2\/pages\/174","targetHints":{"allow":["GET"]}}],"collection":[{"href":"https:\/\/ornet.eu\/fi\/wp-json\/wp\/v2\/pages"}],"about":[{"href":"https:\/\/ornet.eu\/fi\/wp-json\/wp\/v2\/types\/page"}],"author":[{"embeddable":true,"href":"https:\/\/ornet.eu\/fi\/wp-json\/wp\/v2\/users\/1"}],"replies":[{"embeddable":true,"href":"https:\/\/ornet.eu\/fi\/wp-json\/wp\/v2\/comments?post=174"}],"version-history":[{"count":5,"href":"https:\/\/ornet.eu\/fi\/wp-json\/wp\/v2\/pages\/174\/revisions"}],"predecessor-version":[{"id":4720,"href":"https:\/\/ornet.eu\/fi\/wp-json\/wp\/v2\/pages\/174\/revisions\/4720"}],"wp:attachment":[{"href":"https:\/\/ornet.eu\/fi\/wp-json\/wp\/v2\/media?parent=174"}],"curies":[{"name":"wp","href":"https:\/\/api.w.org\/{rel}","templated":true}]}}