{"id":4891,"date":"2023-01-17T16:32:48","date_gmt":"2023-01-17T14:32:48","guid":{"rendered":"https:\/\/ornet.eu\/?page_id=4891"},"modified":"2023-01-25T13:24:39","modified_gmt":"2023-01-25T11:24:39","slug":"user-interface","status":"publish","type":"page","link":"https:\/\/ornet.eu\/fi\/ornet-capture\/user-interface\/","title":{"rendered":"K\u00e4ytt\u00f6liittym\u00e4"},"content":{"rendered":"<div id=\"pl-gb4891-69e4589354743\"  class=\"panel-layout\" ><div id=\"pg-gb4891-69e4589354743-0\"  class=\"panel-grid panel-has-style\" ><div style=\"padding: 0px 0; \" data-overlay=\"true\" data-overlay-color=\"#000000\" class=\"panel-row-style panel-row-style-for-gb4891-69e4589354743-0\" ><div id=\"pgc-gb4891-69e4589354743-0-0\"  class=\"panel-grid-cell\" ><div id=\"panel-gb4891-69e4589354743-0-0-0\" class=\"so-panel widget widget_text panel-first-child panel-last-child\" data-index=\"0\" ><div style=\"text-align: left;\" data-title-color=\"#443f3f\" data-headings-color=\"#443f3f\" class=\"panel-widget-style panel-widget-style-for-gb4891-69e4589354743-0-0-0\" ><h3 class=\"widget-title\">K\u00e4ytt\u00f6liittym\u00e4<\/h3>\t\t\t<div class=\"textwidget\"><p>ORNet Capture -ratkaisussa on eritt\u00e4in intuitiivinen k\u00e4ytt\u00f6liittym\u00e4, jolla kaikkia toimintoja voi k\u00e4ytt\u00e4\u00e4 sujuvasti yhdell\u00e4 kosketuksella. J\u00e4rjestelm\u00e4 kuvakkeineen ja avainsanoineen on lokalisoitu eri kielille. T\u00e4ll\u00e4 hetkell\u00e4 kielivaihtoehtoja ovat englanti, ruotsi, suomi ja viro, ja ohjelmiston kustomointi omalle kielellesi on helppoa.<\/p>\n<\/div>\n\t\t<\/div><\/div><\/div><div id=\"pgc-gb4891-69e4589354743-0-1\"  class=\"panel-grid-cell\" ><div id=\"panel-gb4891-69e4589354743-0-1-0\" class=\"so-panel widget widget_sow-image panel-first-child panel-last-child\" data-index=\"1\" ><div style=\"text-align: left;\" data-title-color=\"#443f3f\" data-headings-color=\"#443f3f\" class=\"panel-widget-style panel-widget-style-for-gb4891-69e4589354743-0-1-0\" ><div\n\t\t\t\n\t\t\tclass=\"so-widget-sow-image so-widget-sow-image-default-c4f6304fc136-4891\"\n\t\t\t\n\t\t>\n<div class=\"sow-image-container\">\n\t\t<img \n\tsrc=\"https:\/\/ornet.eu\/wp-content\/uploads\/2017\/03\/user-interface.png\" width=\"159\" height=\"159\" srcset=\"https:\/\/ornet.eu\/wp-content\/uploads\/2017\/03\/user-interface.png 159w, https:\/\/ornet.eu\/wp-content\/uploads\/2017\/03\/user-interface-150x150.png 150w, https:\/\/ornet.eu\/wp-content\/uploads\/2017\/03\/user-interface-45x45.png 45w, https:\/\/ornet.eu\/wp-content\/uploads\/2017\/03\/elementor\/thumbs\/user-interface-nd26547n0zmxgozd11ty7l0z7gudv2do9yaxfxekuc.png 90w\" sizes=\"(max-width: 159px) 100vw, 159px\" title=\"user interface\" alt=\"intuitive user interface\" \t\tclass=\"so-widget-image\"\/>\n\t<\/div>\n\n<\/div><\/div><\/div><\/div><\/div><\/div><\/div>","protected":false},"excerpt":{"rendered":"<p>ORNet Capture features a highly intuitive user interface that allows one touch control of all<\/p>","protected":false},"author":1,"featured_media":0,"parent":760,"menu_order":0,"comment_status":"closed","ping_status":"closed","template":"page-templates\/page_fullwidth.php","meta":{"_eb_attr":"","om_disable_all_campaigns":false,"_uf_show_specific_survey":0,"_uf_disable_surveys":false,"two_page_speed":[],"footnotes":""},"class_list":["post-4891","page","type-page","status-publish","hentry"],"yoast_head":"<!-- This site is optimized with the Yoast SEO plugin v27.4 - https:\/\/yoast.com\/product\/yoast-seo-wordpress\/ -->\n<title>User Interface &#8211; ORNet<\/title>\n<meta name=\"robots\" content=\"index, follow, max-snippet:-1, max-image-preview:large, max-video-preview:-1\" \/>\n<link rel=\"canonical\" href=\"https:\/\/www.ornet.eu\/da\/ornet-capture\/user-interface\/\" \/>\n<meta property=\"og:locale\" content=\"fi_FI\" \/>\n<meta property=\"og:type\" content=\"article\" \/>\n<meta property=\"og:title\" content=\"User Interface &#8211; ORNet\" \/>\n<meta property=\"og:description\" content=\"ORNet Capture features a highly intuitive user interface that allows one touch control of all\" \/>\n<meta property=\"og:url\" content=\"https:\/\/www.ornet.eu\/da\/ornet-capture\/user-interface\/\" \/>\n<meta property=\"og:site_name\" content=\"ORNet\" \/>\n<meta property=\"article:publisher\" content=\"https:\/\/www.facebook.com\/baitpartner\" \/>\n<meta property=\"article:modified_time\" content=\"2023-01-25T11:24:39+00:00\" \/>\n<meta property=\"og:image\" content=\"https:\/\/ornet.eu\/wp-content\/uploads\/2017\/03\/user-interface.png\" \/>\n<meta name=\"twitter:card\" content=\"summary_large_image\" \/>\n<meta name=\"twitter:site\" content=\"@BaitPartner\" \/>\n<meta name=\"twitter:label1\" content=\"Arvioitu lukuaika\" \/>\n\t<meta name=\"twitter:data1\" content=\"1 minuutti\" \/>\n<script type=\"application\/ld+json\" class=\"yoast-schema-graph\">{\"@context\":\"https:\\\/\\\/schema.org\",\"@graph\":[{\"@type\":\"WebPage\",\"@id\":\"https:\\\/\\\/www.ornet.eu\\\/da\\\/ornet-capture\\\/user-interface\\\/\",\"url\":\"https:\\\/\\\/www.ornet.eu\\\/da\\\/ornet-capture\\\/user-interface\\\/\",\"name\":\"User Interface &#8211; ORNet\",\"isPartOf\":{\"@id\":\"https:\\\/\\\/www.ornet.eu\\\/fi\\\/#website\"},\"primaryImageOfPage\":{\"@id\":\"https:\\\/\\\/www.ornet.eu\\\/da\\\/ornet-capture\\\/user-interface\\\/#primaryimage\"},\"image\":{\"@id\":\"https:\\\/\\\/www.ornet.eu\\\/da\\\/ornet-capture\\\/user-interface\\\/#primaryimage\"},\"thumbnailUrl\":\"https:\\\/\\\/ornet.eu\\\/wp-content\\\/uploads\\\/2017\\\/03\\\/user-interface.png\",\"datePublished\":\"2023-01-17T14:32:48+00:00\",\"dateModified\":\"2023-01-25T11:24:39+00:00\",\"breadcrumb\":{\"@id\":\"https:\\\/\\\/www.ornet.eu\\\/da\\\/ornet-capture\\\/user-interface\\\/#breadcrumb\"},\"inLanguage\":\"fi\",\"potentialAction\":[{\"@type\":\"ReadAction\",\"target\":[\"https:\\\/\\\/www.ornet.eu\\\/da\\\/ornet-capture\\\/user-interface\\\/\"]}]},{\"@type\":\"ImageObject\",\"inLanguage\":\"fi\",\"@id\":\"https:\\\/\\\/www.ornet.eu\\\/da\\\/ornet-capture\\\/user-interface\\\/#primaryimage\",\"url\":\"https:\\\/\\\/ornet.eu\\\/wp-content\\\/uploads\\\/2017\\\/03\\\/user-interface.png\",\"contentUrl\":\"https:\\\/\\\/ornet.eu\\\/wp-content\\\/uploads\\\/2017\\\/03\\\/user-interface.png\"},{\"@type\":\"BreadcrumbList\",\"@id\":\"https:\\\/\\\/www.ornet.eu\\\/da\\\/ornet-capture\\\/user-interface\\\/#breadcrumb\",\"itemListElement\":[{\"@type\":\"ListItem\",\"position\":1,\"name\":\"Home\",\"item\":\"https:\\\/\\\/www.ornet.eu\\\/fi\\\/\"},{\"@type\":\"ListItem\",\"position\":2,\"name\":\"ORNet Capture\",\"item\":\"https:\\\/\\\/www.ornet.eu\\\/sv\\\/ornet-capture\\\/\"},{\"@type\":\"ListItem\",\"position\":3,\"name\":\"User Interface\"}]},{\"@type\":\"WebSite\",\"@id\":\"https:\\\/\\\/www.ornet.eu\\\/fi\\\/#website\",\"url\":\"https:\\\/\\\/www.ornet.eu\\\/fi\\\/\",\"name\":\"ORNet\",\"description\":\"Medical Imaging &amp; Device Management Solutions\",\"publisher\":{\"@id\":\"https:\\\/\\\/www.ornet.eu\\\/fi\\\/#organization\"},\"potentialAction\":[{\"@type\":\"SearchAction\",\"target\":{\"@type\":\"EntryPoint\",\"urlTemplate\":\"https:\\\/\\\/www.ornet.eu\\\/fi\\\/?s={search_term_string}\"},\"query-input\":{\"@type\":\"PropertyValueSpecification\",\"valueRequired\":true,\"valueName\":\"search_term_string\"}}],\"inLanguage\":\"fi\"},{\"@type\":\"Organization\",\"@id\":\"https:\\\/\\\/www.ornet.eu\\\/fi\\\/#organization\",\"name\":\"Bait Partner O\u00dc\",\"url\":\"https:\\\/\\\/www.ornet.eu\\\/fi\\\/\",\"logo\":{\"@type\":\"ImageObject\",\"inLanguage\":\"fi\",\"@id\":\"https:\\\/\\\/www.ornet.eu\\\/fi\\\/#\\\/schema\\\/logo\\\/image\\\/\",\"url\":\"https:\\\/\\\/ornet.eu\\\/wp-content\\\/uploads\\\/2022\\\/03\\\/BAIT-PARTNER-logo-in-square-format.jpg\",\"contentUrl\":\"https:\\\/\\\/ornet.eu\\\/wp-content\\\/uploads\\\/2022\\\/03\\\/BAIT-PARTNER-logo-in-square-format.jpg\",\"width\":520,\"height\":520,\"caption\":\"Bait Partner O\u00dc\"},\"image\":{\"@id\":\"https:\\\/\\\/www.ornet.eu\\\/fi\\\/#\\\/schema\\\/logo\\\/image\\\/\"},\"sameAs\":[\"https:\\\/\\\/www.facebook.com\\\/baitpartner\",\"https:\\\/\\\/x.com\\\/BaitPartner\",\"https:\\\/\\\/www.instagram.com\\\/baitpartner\\\/\",\"https:\\\/\\\/www.linkedin.com\\\/company\\\/bait-partner-o-\\\/\"]}]}<\/script>\n<!-- \/ Yoast SEO plugin. -->","yoast_head_json":{"title":"User Interface &#8211; ORNet","robots":{"index":"index","follow":"follow","max-snippet":"max-snippet:-1","max-image-preview":"max-image-preview:large","max-video-preview":"max-video-preview:-1"},"canonical":"https:\/\/www.ornet.eu\/da\/ornet-capture\/user-interface\/","og_locale":"fi_FI","og_type":"article","og_title":"User Interface &#8211; ORNet","og_description":"ORNet Capture features a highly intuitive user interface that allows one touch control of all","og_url":"https:\/\/www.ornet.eu\/da\/ornet-capture\/user-interface\/","og_site_name":"ORNet","article_publisher":"https:\/\/www.facebook.com\/baitpartner","article_modified_time":"2023-01-25T11:24:39+00:00","og_image":[{"url":"https:\/\/ornet.eu\/wp-content\/uploads\/2017\/03\/user-interface.png","type":"","width":"","height":""}],"twitter_card":"summary_large_image","twitter_site":"@BaitPartner","twitter_misc":{"Arvioitu lukuaika":"1 minuutti"},"schema":{"@context":"https:\/\/schema.org","@graph":[{"@type":"WebPage","@id":"https:\/\/www.ornet.eu\/da\/ornet-capture\/user-interface\/","url":"https:\/\/www.ornet.eu\/da\/ornet-capture\/user-interface\/","name":"User Interface &#8211; ORNet","isPartOf":{"@id":"https:\/\/www.ornet.eu\/fi\/#website"},"primaryImageOfPage":{"@id":"https:\/\/www.ornet.eu\/da\/ornet-capture\/user-interface\/#primaryimage"},"image":{"@id":"https:\/\/www.ornet.eu\/da\/ornet-capture\/user-interface\/#primaryimage"},"thumbnailUrl":"https:\/\/ornet.eu\/wp-content\/uploads\/2017\/03\/user-interface.png","datePublished":"2023-01-17T14:32:48+00:00","dateModified":"2023-01-25T11:24:39+00:00","breadcrumb":{"@id":"https:\/\/www.ornet.eu\/da\/ornet-capture\/user-interface\/#breadcrumb"},"inLanguage":"fi","potentialAction":[{"@type":"ReadAction","target":["https:\/\/www.ornet.eu\/da\/ornet-capture\/user-interface\/"]}]},{"@type":"ImageObject","inLanguage":"fi","@id":"https:\/\/www.ornet.eu\/da\/ornet-capture\/user-interface\/#primaryimage","url":"https:\/\/ornet.eu\/wp-content\/uploads\/2017\/03\/user-interface.png","contentUrl":"https:\/\/ornet.eu\/wp-content\/uploads\/2017\/03\/user-interface.png"},{"@type":"BreadcrumbList","@id":"https:\/\/www.ornet.eu\/da\/ornet-capture\/user-interface\/#breadcrumb","itemListElement":[{"@type":"ListItem","position":1,"name":"Home","item":"https:\/\/www.ornet.eu\/fi\/"},{"@type":"ListItem","position":2,"name":"ORNet Capture","item":"https:\/\/www.ornet.eu\/sv\/ornet-capture\/"},{"@type":"ListItem","position":3,"name":"User Interface"}]},{"@type":"WebSite","@id":"https:\/\/www.ornet.eu\/fi\/#website","url":"https:\/\/www.ornet.eu\/fi\/","name":"ORNet","description":"Medical Imaging &amp; Device Management Solutions","publisher":{"@id":"https:\/\/www.ornet.eu\/fi\/#organization"},"potentialAction":[{"@type":"SearchAction","target":{"@type":"EntryPoint","urlTemplate":"https:\/\/www.ornet.eu\/fi\/?s={search_term_string}"},"query-input":{"@type":"PropertyValueSpecification","valueRequired":true,"valueName":"search_term_string"}}],"inLanguage":"fi"},{"@type":"Organization","@id":"https:\/\/www.ornet.eu\/fi\/#organization","name":"Bait Partner O\u00dc","url":"https:\/\/www.ornet.eu\/fi\/","logo":{"@type":"ImageObject","inLanguage":"fi","@id":"https:\/\/www.ornet.eu\/fi\/#\/schema\/logo\/image\/","url":"https:\/\/ornet.eu\/wp-content\/uploads\/2022\/03\/BAIT-PARTNER-logo-in-square-format.jpg","contentUrl":"https:\/\/ornet.eu\/wp-content\/uploads\/2022\/03\/BAIT-PARTNER-logo-in-square-format.jpg","width":520,"height":520,"caption":"Bait Partner O\u00dc"},"image":{"@id":"https:\/\/www.ornet.eu\/fi\/#\/schema\/logo\/image\/"},"sameAs":["https:\/\/www.facebook.com\/baitpartner","https:\/\/x.com\/BaitPartner","https:\/\/www.instagram.com\/baitpartner\/","https:\/\/www.linkedin.com\/company\/bait-partner-o-\/"]}]}},"post_mailing_queue_ids":[],"_links":{"self":[{"href":"https:\/\/ornet.eu\/fi\/wp-json\/wp\/v2\/pages\/4891","targetHints":{"allow":["GET"]}}],"collection":[{"href":"https:\/\/ornet.eu\/fi\/wp-json\/wp\/v2\/pages"}],"about":[{"href":"https:\/\/ornet.eu\/fi\/wp-json\/wp\/v2\/types\/page"}],"author":[{"embeddable":true,"href":"https:\/\/ornet.eu\/fi\/wp-json\/wp\/v2\/users\/1"}],"replies":[{"embeddable":true,"href":"https:\/\/ornet.eu\/fi\/wp-json\/wp\/v2\/comments?post=4891"}],"version-history":[{"count":3,"href":"https:\/\/ornet.eu\/fi\/wp-json\/wp\/v2\/pages\/4891\/revisions"}],"predecessor-version":[{"id":5019,"href":"https:\/\/ornet.eu\/fi\/wp-json\/wp\/v2\/pages\/4891\/revisions\/5019"}],"up":[{"embeddable":true,"href":"https:\/\/ornet.eu\/fi\/wp-json\/wp\/v2\/pages\/760"}],"wp:attachment":[{"href":"https:\/\/ornet.eu\/fi\/wp-json\/wp\/v2\/media?parent=4891"}],"curies":[{"name":"wp","href":"https:\/\/api.w.org\/{rel}","templated":true}]}}