{"id":733,"date":"2017-03-08T13:55:46","date_gmt":"2017-03-08T11:55:46","guid":{"rendered":"http:\/\/ornet.eu\/?page_id=733"},"modified":"2023-01-25T12:13:52","modified_gmt":"2023-01-25T10:13:52","slug":"other-devices-management","status":"publish","type":"page","link":"https:\/\/ornet.eu\/fi\/ornet-surgery-2\/other-devices-management\/","title":{"rendered":"Muiden laitteiden hallinta"},"content":{"rendered":"<div id=\"pl-733\"  class=\"panel-layout\" ><div id=\"pg-733-0\"  class=\"panel-grid panel-has-style\" ><div style=\"padding: 0px 0; \" data-overlay=\"true\" data-overlay-color=\"#000000\" class=\"panel-row-style panel-row-style-for-733-0\" ><div id=\"pgc-733-0-0\"  class=\"panel-grid-cell\" ><div id=\"panel-733-0-0-0\" class=\"so-panel widget widget_text panel-first-child panel-last-child\" data-index=\"0\" ><div style=\"text-align: left;\" data-title-color=\"#443f3f\" data-headings-color=\"#443f3f\" class=\"panel-widget-style panel-widget-style-for-733-0-0-0\" ><h3 class=\"widget-title\">Muiden laitteiden hallinta<\/h3>\t\t\t<div class=\"textwidget\"><p>Leikkaussaleissa on usein muita ei-l\u00e4\u00e4ketieteellisi\u00e4 laitteita, joita voidaan hallita helpommin keskitetyn hallintaj\u00e4rjestelm\u00e4n kautta. T\u00e4llaisia voivat olla esim. kaihdinten s\u00e4\u00e4t\u00e4minen, erilaisten merkkivalojen, kuten huoneen Varattu-merkint\u00f6jen, kytkeminen p\u00e4\u00e4lle\/pois ja lasiseinien himment\u00e4minen jne.<\/p>\n<\/div>\n\t\t<\/div><\/div><\/div><div id=\"pgc-733-0-1\"  class=\"panel-grid-cell\" ><div id=\"panel-733-0-1-0\" class=\"so-panel widget widget_sow-image panel-first-child panel-last-child\" data-index=\"1\" ><div style=\"text-align: left;\" data-title-color=\"#443f3f\" data-headings-color=\"#443f3f\" class=\"panel-widget-style panel-widget-style-for-733-0-1-0\" ><div\n\t\t\t\n\t\t\tclass=\"so-widget-sow-image so-widget-sow-image-default-8b5b6f678277-733\"\n\t\t\t\n\t\t>\n<div class=\"sow-image-container\">\n\t\t<img fetchpriority=\"high\" \n\tsrc=\"https:\/\/ornet.eu\/wp-content\/uploads\/2017\/03\/other-devices-graphic.png\" width=\"815\" height=\"598\" srcset=\"https:\/\/ornet.eu\/wp-content\/uploads\/2017\/03\/other-devices-graphic.png 815w, https:\/\/ornet.eu\/wp-content\/uploads\/2017\/03\/other-devices-graphic-300x220.png 300w, https:\/\/ornet.eu\/wp-content\/uploads\/2017\/03\/other-devices-graphic-768x564.png 768w, https:\/\/ornet.eu\/wp-content\/uploads\/2017\/03\/other-devices-graphic-230x169.png 230w, https:\/\/ornet.eu\/wp-content\/uploads\/2017\/03\/other-devices-graphic-350x257.png 350w, https:\/\/ornet.eu\/wp-content\/uploads\/2017\/03\/other-devices-graphic-480x352.png 480w\" sizes=\"(max-width: 815px) 100vw, 815px\" title=\"Muiden laitteiden hallinta\" alt=\"\" \t\tclass=\"so-widget-image\"\/>\n\t<\/div>\n\n<\/div><\/div><\/div><\/div><\/div><\/div><\/div>","protected":false},"excerpt":{"rendered":"<p>There are often other, non-medical devices at the operating rooms that can be managed more<\/p>","protected":false},"author":1,"featured_media":0,"parent":473,"menu_order":0,"comment_status":"closed","ping_status":"closed","template":"page-templates\/page_fullwidth.php","meta":{"_eb_attr":"","om_disable_all_campaigns":false,"_uf_show_specific_survey":0,"_uf_disable_surveys":false,"two_page_speed":[],"footnotes":""},"class_list":["post-733","page","type-page","status-publish","hentry"],"yoast_head":"<!-- This site is optimized with the Yoast SEO plugin v27.4 - https:\/\/yoast.com\/product\/yoast-seo-wordpress\/ -->\n<title>Other devices management &#8211; ORNet<\/title>\n<meta name=\"robots\" content=\"index, follow, max-snippet:-1, max-image-preview:large, max-video-preview:-1\" \/>\n<link rel=\"canonical\" href=\"https:\/\/www.ornet.eu\/sv\/ornet-surgery-2\/other-devices-management\/\" \/>\n<meta property=\"og:locale\" content=\"fi_FI\" \/>\n<meta property=\"og:type\" content=\"article\" \/>\n<meta property=\"og:title\" content=\"Other devices management &#8211; ORNet\" \/>\n<meta property=\"og:description\" content=\"There are often other, non-medical devices at the operating rooms that can be managed more\" \/>\n<meta property=\"og:url\" content=\"https:\/\/www.ornet.eu\/sv\/ornet-surgery-2\/other-devices-management\/\" \/>\n<meta property=\"og:site_name\" content=\"ORNet\" \/>\n<meta property=\"article:publisher\" content=\"https:\/\/www.facebook.com\/baitpartner\" \/>\n<meta property=\"article:modified_time\" content=\"2023-01-25T10:13:52+00:00\" \/>\n<meta name=\"twitter:card\" content=\"summary_large_image\" \/>\n<meta name=\"twitter:site\" content=\"@BaitPartner\" \/>\n<meta name=\"twitter:label1\" content=\"Arvioitu lukuaika\" \/>\n\t<meta name=\"twitter:data1\" content=\"1 minuutti\" \/>\n<script type=\"application\/ld+json\" class=\"yoast-schema-graph\">{\"@context\":\"https:\\\/\\\/schema.org\",\"@graph\":[{\"@type\":\"WebPage\",\"@id\":\"https:\\\/\\\/www.ornet.eu\\\/sv\\\/ornet-surgery-2\\\/other-devices-management\\\/\",\"url\":\"https:\\\/\\\/www.ornet.eu\\\/sv\\\/ornet-surgery-2\\\/other-devices-management\\\/\",\"name\":\"Other devices management &#8211; ORNet\",\"isPartOf\":{\"@id\":\"https:\\\/\\\/www.ornet.eu\\\/fi\\\/#website\"},\"datePublished\":\"2017-03-08T11:55:46+00:00\",\"dateModified\":\"2023-01-25T10:13:52+00:00\",\"breadcrumb\":{\"@id\":\"https:\\\/\\\/www.ornet.eu\\\/sv\\\/ornet-surgery-2\\\/other-devices-management\\\/#breadcrumb\"},\"inLanguage\":\"fi\",\"potentialAction\":[{\"@type\":\"ReadAction\",\"target\":[\"https:\\\/\\\/www.ornet.eu\\\/sv\\\/ornet-surgery-2\\\/other-devices-management\\\/\"]}]},{\"@type\":\"BreadcrumbList\",\"@id\":\"https:\\\/\\\/www.ornet.eu\\\/sv\\\/ornet-surgery-2\\\/other-devices-management\\\/#breadcrumb\",\"itemListElement\":[{\"@type\":\"ListItem\",\"position\":1,\"name\":\"Home\",\"item\":\"https:\\\/\\\/www.ornet.eu\\\/fi\\\/\"},{\"@type\":\"ListItem\",\"position\":2,\"name\":\"ORNet Surgery\",\"item\":\"https:\\\/\\\/ornet.eu\\\/ornet-surgery-2\\\/\"},{\"@type\":\"ListItem\",\"position\":3,\"name\":\"Other devices management\"}]},{\"@type\":\"WebSite\",\"@id\":\"https:\\\/\\\/www.ornet.eu\\\/fi\\\/#website\",\"url\":\"https:\\\/\\\/www.ornet.eu\\\/fi\\\/\",\"name\":\"ORNet\",\"description\":\"Medical Imaging &amp; Device Management Solutions\",\"publisher\":{\"@id\":\"https:\\\/\\\/www.ornet.eu\\\/fi\\\/#organization\"},\"potentialAction\":[{\"@type\":\"SearchAction\",\"target\":{\"@type\":\"EntryPoint\",\"urlTemplate\":\"https:\\\/\\\/www.ornet.eu\\\/fi\\\/?s={search_term_string}\"},\"query-input\":{\"@type\":\"PropertyValueSpecification\",\"valueRequired\":true,\"valueName\":\"search_term_string\"}}],\"inLanguage\":\"fi\"},{\"@type\":\"Organization\",\"@id\":\"https:\\\/\\\/www.ornet.eu\\\/fi\\\/#organization\",\"name\":\"Bait Partner O\u00dc\",\"url\":\"https:\\\/\\\/www.ornet.eu\\\/fi\\\/\",\"logo\":{\"@type\":\"ImageObject\",\"inLanguage\":\"fi\",\"@id\":\"https:\\\/\\\/www.ornet.eu\\\/fi\\\/#\\\/schema\\\/logo\\\/image\\\/\",\"url\":\"https:\\\/\\\/ornet.eu\\\/wp-content\\\/uploads\\\/2022\\\/03\\\/BAIT-PARTNER-logo-in-square-format.jpg\",\"contentUrl\":\"https:\\\/\\\/ornet.eu\\\/wp-content\\\/uploads\\\/2022\\\/03\\\/BAIT-PARTNER-logo-in-square-format.jpg\",\"width\":520,\"height\":520,\"caption\":\"Bait Partner O\u00dc\"},\"image\":{\"@id\":\"https:\\\/\\\/www.ornet.eu\\\/fi\\\/#\\\/schema\\\/logo\\\/image\\\/\"},\"sameAs\":[\"https:\\\/\\\/www.facebook.com\\\/baitpartner\",\"https:\\\/\\\/x.com\\\/BaitPartner\",\"https:\\\/\\\/www.instagram.com\\\/baitpartner\\\/\",\"https:\\\/\\\/www.linkedin.com\\\/company\\\/bait-partner-o-\\\/\"]}]}<\/script>\n<!-- \/ Yoast SEO plugin. -->","yoast_head_json":{"title":"Other devices management &#8211; ORNet","robots":{"index":"index","follow":"follow","max-snippet":"max-snippet:-1","max-image-preview":"max-image-preview:large","max-video-preview":"max-video-preview:-1"},"canonical":"https:\/\/www.ornet.eu\/sv\/ornet-surgery-2\/other-devices-management\/","og_locale":"fi_FI","og_type":"article","og_title":"Other devices management &#8211; ORNet","og_description":"There are often other, non-medical devices at the operating rooms that can be managed more","og_url":"https:\/\/www.ornet.eu\/sv\/ornet-surgery-2\/other-devices-management\/","og_site_name":"ORNet","article_publisher":"https:\/\/www.facebook.com\/baitpartner","article_modified_time":"2023-01-25T10:13:52+00:00","twitter_card":"summary_large_image","twitter_site":"@BaitPartner","twitter_misc":{"Arvioitu lukuaika":"1 minuutti"},"schema":{"@context":"https:\/\/schema.org","@graph":[{"@type":"WebPage","@id":"https:\/\/www.ornet.eu\/sv\/ornet-surgery-2\/other-devices-management\/","url":"https:\/\/www.ornet.eu\/sv\/ornet-surgery-2\/other-devices-management\/","name":"Other devices management &#8211; ORNet","isPartOf":{"@id":"https:\/\/www.ornet.eu\/fi\/#website"},"datePublished":"2017-03-08T11:55:46+00:00","dateModified":"2023-01-25T10:13:52+00:00","breadcrumb":{"@id":"https:\/\/www.ornet.eu\/sv\/ornet-surgery-2\/other-devices-management\/#breadcrumb"},"inLanguage":"fi","potentialAction":[{"@type":"ReadAction","target":["https:\/\/www.ornet.eu\/sv\/ornet-surgery-2\/other-devices-management\/"]}]},{"@type":"BreadcrumbList","@id":"https:\/\/www.ornet.eu\/sv\/ornet-surgery-2\/other-devices-management\/#breadcrumb","itemListElement":[{"@type":"ListItem","position":1,"name":"Home","item":"https:\/\/www.ornet.eu\/fi\/"},{"@type":"ListItem","position":2,"name":"ORNet Surgery","item":"https:\/\/ornet.eu\/ornet-surgery-2\/"},{"@type":"ListItem","position":3,"name":"Other devices management"}]},{"@type":"WebSite","@id":"https:\/\/www.ornet.eu\/fi\/#website","url":"https:\/\/www.ornet.eu\/fi\/","name":"ORNet","description":"Medical Imaging &amp; Device Management Solutions","publisher":{"@id":"https:\/\/www.ornet.eu\/fi\/#organization"},"potentialAction":[{"@type":"SearchAction","target":{"@type":"EntryPoint","urlTemplate":"https:\/\/www.ornet.eu\/fi\/?s={search_term_string}"},"query-input":{"@type":"PropertyValueSpecification","valueRequired":true,"valueName":"search_term_string"}}],"inLanguage":"fi"},{"@type":"Organization","@id":"https:\/\/www.ornet.eu\/fi\/#organization","name":"Bait Partner O\u00dc","url":"https:\/\/www.ornet.eu\/fi\/","logo":{"@type":"ImageObject","inLanguage":"fi","@id":"https:\/\/www.ornet.eu\/fi\/#\/schema\/logo\/image\/","url":"https:\/\/ornet.eu\/wp-content\/uploads\/2022\/03\/BAIT-PARTNER-logo-in-square-format.jpg","contentUrl":"https:\/\/ornet.eu\/wp-content\/uploads\/2022\/03\/BAIT-PARTNER-logo-in-square-format.jpg","width":520,"height":520,"caption":"Bait Partner O\u00dc"},"image":{"@id":"https:\/\/www.ornet.eu\/fi\/#\/schema\/logo\/image\/"},"sameAs":["https:\/\/www.facebook.com\/baitpartner","https:\/\/x.com\/BaitPartner","https:\/\/www.instagram.com\/baitpartner\/","https:\/\/www.linkedin.com\/company\/bait-partner-o-\/"]}]}},"post_mailing_queue_ids":[],"_links":{"self":[{"href":"https:\/\/ornet.eu\/fi\/wp-json\/wp\/v2\/pages\/733","targetHints":{"allow":["GET"]}}],"collection":[{"href":"https:\/\/ornet.eu\/fi\/wp-json\/wp\/v2\/pages"}],"about":[{"href":"https:\/\/ornet.eu\/fi\/wp-json\/wp\/v2\/types\/page"}],"author":[{"embeddable":true,"href":"https:\/\/ornet.eu\/fi\/wp-json\/wp\/v2\/users\/1"}],"replies":[{"embeddable":true,"href":"https:\/\/ornet.eu\/fi\/wp-json\/wp\/v2\/comments?post=733"}],"version-history":[{"count":5,"href":"https:\/\/ornet.eu\/fi\/wp-json\/wp\/v2\/pages\/733\/revisions"}],"predecessor-version":[{"id":5001,"href":"https:\/\/ornet.eu\/fi\/wp-json\/wp\/v2\/pages\/733\/revisions\/5001"}],"up":[{"embeddable":true,"href":"https:\/\/ornet.eu\/fi\/wp-json\/wp\/v2\/pages\/473"}],"wp:attachment":[{"href":"https:\/\/ornet.eu\/fi\/wp-json\/wp\/v2\/media?parent=733"}],"curies":[{"name":"wp","href":"https:\/\/api.w.org\/{rel}","templated":true}]}}