{"id":1389,"date":"2017-04-25T15:57:35","date_gmt":"2017-04-25T12:57:35","guid":{"rendered":"http:\/\/ornet.eu\/?page_id=1389"},"modified":"2023-01-24T16:48:50","modified_gmt":"2023-01-24T14:48:50","slug":"pathology-training","status":"publish","type":"page","link":"https:\/\/ornet.eu\/sv\/ornet-pathology\/pathology-training\/","title":{"rendered":"Pathology training"},"content":{"rendered":"<div id=\"pl-1389\"  class=\"panel-layout\" ><div id=\"pg-1389-0\"  class=\"panel-grid panel-has-style\" ><div style=\"padding: 0px 0; \" data-overlay=\"true\" data-overlay-color=\"#000000\" class=\"panel-row-style panel-row-style-for-1389-0\" ><div id=\"pgc-1389-0-0\"  class=\"panel-grid-cell\" ><div id=\"panel-1389-0-0-0\" class=\"so-panel widget widget_text panel-first-child panel-last-child\" data-index=\"0\" ><div style=\"text-align: left;\" data-title-color=\"#443f3f\" data-headings-color=\"#443f3f\" class=\"panel-widget-style panel-widget-style-for-1389-0-0-0\" ><h3 class=\"widget-title\">Utbildning<\/h3>\t\t\t<div class=\"textwidget\"><p>Patologer anv\u00e4nder ORNets video redigeringsfunktioner f\u00f6r att ge eleverna videor som fungerar som effektivt utbildningsmaterial. Dessa funktioner inkluderar att anv\u00e4nda video taggar f\u00f6r viktiga delar och sl\u00e5 samman dem till separata videor, klippa videon f\u00f6r att g\u00f6ra den kortare med mera.<\/p>\n<p>Redigerad video eller valda videosegment kan exporteras till USB-enheten utan att patientdata kopplas till den.<\/p>\n<\/div>\n\t\t<\/div><\/div><\/div><div id=\"pgc-1389-0-1\"  class=\"panel-grid-cell\" ><div id=\"panel-1389-0-1-0\" class=\"so-panel widget widget_sow-image panel-first-child panel-last-child\" data-index=\"1\" ><div style=\"text-align: center;\" data-title-color=\"#443f3f\" data-headings-color=\"#443f3f\" class=\"panel-widget-style panel-widget-style-for-1389-0-1-0\" ><div\n\t\t\t\n\t\t\tclass=\"so-widget-sow-image so-widget-sow-image-default-8b5b6f678277-1389\"\n\t\t\t\n\t\t>\n<div class=\"sow-image-container\">\n\t\t<img fetchpriority=\"high\" \n\tsrc=\"https:\/\/ornet.eu\/wp-content\/uploads\/2017\/03\/training-2.png\" width=\"626\" height=\"625\" srcset=\"https:\/\/ornet.eu\/wp-content\/uploads\/2017\/03\/training-2.png 626w, https:\/\/ornet.eu\/wp-content\/uploads\/2017\/03\/training-2-150x150.png 150w, https:\/\/ornet.eu\/wp-content\/uploads\/2017\/03\/training-2-300x300.png 300w, https:\/\/ornet.eu\/wp-content\/uploads\/2017\/03\/training-2-250x250.png 250w, https:\/\/ornet.eu\/wp-content\/uploads\/2017\/03\/training-2-230x230.png 230w, https:\/\/ornet.eu\/wp-content\/uploads\/2017\/03\/training-2-350x349.png 350w, https:\/\/ornet.eu\/wp-content\/uploads\/2017\/03\/training-2-480x479.png 480w, https:\/\/ornet.eu\/wp-content\/uploads\/2017\/03\/training-2-45x45.png 45w\" sizes=\"(max-width: 626px) 100vw, 626px\" title=\"training\" alt=\"\" \t\tclass=\"so-widget-image\"\/>\n\t<\/div>\n\n<\/div><\/div><\/div><\/div><\/div><\/div><\/div>","protected":false},"excerpt":{"rendered":"<p>Pathologists use ORNet video editing features to provide students with videos that work as efficient<\/p>","protected":false},"author":1,"featured_media":0,"parent":763,"menu_order":0,"comment_status":"closed","ping_status":"closed","template":"","meta":{"_eb_attr":"","om_disable_all_campaigns":false,"_uf_show_specific_survey":0,"_uf_disable_surveys":false,"two_page_speed":null,"footnotes":""},"class_list":["post-1389","page","type-page","status-publish","hentry"],"yoast_head":"<!-- This site is optimized with the Yoast SEO plugin v27.3 - https:\/\/yoast.com\/product\/yoast-seo-wordpress\/ -->\n<title>Pathology training &#8211; ORNet<\/title>\n<meta name=\"robots\" content=\"index, follow, max-snippet:-1, max-image-preview:large, max-video-preview:-1\" \/>\n<link rel=\"canonical\" href=\"https:\/\/ornet.eu\/sv\/ornet-pathology\/pathology-training\/\" \/>\n<meta property=\"og:locale\" content=\"sv_SE\" \/>\n<meta property=\"og:type\" content=\"article\" \/>\n<meta property=\"og:title\" content=\"Pathology training &#8211; ORNet\" \/>\n<meta property=\"og:description\" content=\"Pathologists use ORNet video editing features to provide students with videos that work as efficient\" \/>\n<meta property=\"og:url\" content=\"https:\/\/ornet.eu\/sv\/ornet-pathology\/pathology-training\/\" \/>\n<meta property=\"og:site_name\" content=\"ORNet\" \/>\n<meta property=\"article:publisher\" content=\"https:\/\/www.facebook.com\/baitpartner\" \/>\n<meta property=\"article:modified_time\" content=\"2023-01-24T14:48:50+00:00\" \/>\n<meta name=\"twitter:card\" content=\"summary_large_image\" \/>\n<meta name=\"twitter:site\" content=\"@BaitPartner\" \/>\n<meta name=\"twitter:label1\" content=\"Ber\u00e4knad l\u00e4stid\" \/>\n\t<meta name=\"twitter:data1\" content=\"1 minut\" \/>\n<script type=\"application\/ld+json\" class=\"yoast-schema-graph\">{\"@context\":\"https:\\\/\\\/schema.org\",\"@graph\":[{\"@type\":\"WebPage\",\"@id\":\"https:\\\/\\\/ornet.eu\\\/ornet-pathology\\\/pathology-training\\\/\",\"url\":\"https:\\\/\\\/ornet.eu\\\/ornet-pathology\\\/pathology-training\\\/\",\"name\":\"Pathology training &#8211; ORNet\",\"isPartOf\":{\"@id\":\"https:\\\/\\\/ornet.eu\\\/#website\"},\"datePublished\":\"2017-04-25T12:57:35+00:00\",\"dateModified\":\"2023-01-24T14:48:50+00:00\",\"breadcrumb\":{\"@id\":\"https:\\\/\\\/ornet.eu\\\/ornet-pathology\\\/pathology-training\\\/#breadcrumb\"},\"inLanguage\":\"sv-SE\",\"potentialAction\":[{\"@type\":\"ReadAction\",\"target\":[\"https:\\\/\\\/ornet.eu\\\/ornet-pathology\\\/pathology-training\\\/\"]}]},{\"@type\":\"BreadcrumbList\",\"@id\":\"https:\\\/\\\/ornet.eu\\\/ornet-pathology\\\/pathology-training\\\/#breadcrumb\",\"itemListElement\":[{\"@type\":\"ListItem\",\"position\":1,\"name\":\"Home\",\"item\":\"https:\\\/\\\/ornet.eu\\\/\"},{\"@type\":\"ListItem\",\"position\":2,\"name\":\"ORNet Pathology\",\"item\":\"https:\\\/\\\/ornet.eu\\\/da\\\/?page_id=763\"},{\"@type\":\"ListItem\",\"position\":3,\"name\":\"Pathology training\"}]},{\"@type\":\"WebSite\",\"@id\":\"https:\\\/\\\/ornet.eu\\\/#website\",\"url\":\"https:\\\/\\\/ornet.eu\\\/\",\"name\":\"ORNet\",\"description\":\"Medical Imaging &amp; Device Management Solutions\",\"publisher\":{\"@id\":\"https:\\\/\\\/ornet.eu\\\/#organization\"},\"potentialAction\":[{\"@type\":\"SearchAction\",\"target\":{\"@type\":\"EntryPoint\",\"urlTemplate\":\"https:\\\/\\\/ornet.eu\\\/?s={search_term_string}\"},\"query-input\":{\"@type\":\"PropertyValueSpecification\",\"valueRequired\":true,\"valueName\":\"search_term_string\"}}],\"inLanguage\":\"sv-SE\"},{\"@type\":\"Organization\",\"@id\":\"https:\\\/\\\/ornet.eu\\\/#organization\",\"name\":\"Bait Partner O\u00dc\",\"url\":\"https:\\\/\\\/ornet.eu\\\/\",\"logo\":{\"@type\":\"ImageObject\",\"inLanguage\":\"sv-SE\",\"@id\":\"https:\\\/\\\/ornet.eu\\\/#\\\/schema\\\/logo\\\/image\\\/\",\"url\":\"https:\\\/\\\/ornet.eu\\\/wp-content\\\/uploads\\\/2022\\\/03\\\/BAIT-PARTNER-logo-in-square-format.jpg\",\"contentUrl\":\"https:\\\/\\\/ornet.eu\\\/wp-content\\\/uploads\\\/2022\\\/03\\\/BAIT-PARTNER-logo-in-square-format.jpg\",\"width\":520,\"height\":520,\"caption\":\"Bait Partner O\u00dc\"},\"image\":{\"@id\":\"https:\\\/\\\/ornet.eu\\\/#\\\/schema\\\/logo\\\/image\\\/\"},\"sameAs\":[\"https:\\\/\\\/www.facebook.com\\\/baitpartner\",\"https:\\\/\\\/x.com\\\/BaitPartner\",\"https:\\\/\\\/www.instagram.com\\\/baitpartner\\\/\",\"https:\\\/\\\/www.linkedin.com\\\/company\\\/bait-partner-o-\\\/\"]}]}<\/script>\n<!-- \/ Yoast SEO plugin. -->","yoast_head_json":{"title":"Pathology training &#8211; ORNet","robots":{"index":"index","follow":"follow","max-snippet":"max-snippet:-1","max-image-preview":"max-image-preview:large","max-video-preview":"max-video-preview:-1"},"canonical":"https:\/\/ornet.eu\/sv\/ornet-pathology\/pathology-training\/","og_locale":"sv_SE","og_type":"article","og_title":"Pathology training &#8211; ORNet","og_description":"Pathologists use ORNet video editing features to provide students with videos that work as efficient","og_url":"https:\/\/ornet.eu\/sv\/ornet-pathology\/pathology-training\/","og_site_name":"ORNet","article_publisher":"https:\/\/www.facebook.com\/baitpartner","article_modified_time":"2023-01-24T14:48:50+00:00","twitter_card":"summary_large_image","twitter_site":"@BaitPartner","twitter_misc":{"Ber\u00e4knad l\u00e4stid":"1 minut"},"schema":{"@context":"https:\/\/schema.org","@graph":[{"@type":"WebPage","@id":"https:\/\/ornet.eu\/ornet-pathology\/pathology-training\/","url":"https:\/\/ornet.eu\/ornet-pathology\/pathology-training\/","name":"Pathology training &#8211; ORNet","isPartOf":{"@id":"https:\/\/ornet.eu\/#website"},"datePublished":"2017-04-25T12:57:35+00:00","dateModified":"2023-01-24T14:48:50+00:00","breadcrumb":{"@id":"https:\/\/ornet.eu\/ornet-pathology\/pathology-training\/#breadcrumb"},"inLanguage":"sv-SE","potentialAction":[{"@type":"ReadAction","target":["https:\/\/ornet.eu\/ornet-pathology\/pathology-training\/"]}]},{"@type":"BreadcrumbList","@id":"https:\/\/ornet.eu\/ornet-pathology\/pathology-training\/#breadcrumb","itemListElement":[{"@type":"ListItem","position":1,"name":"Home","item":"https:\/\/ornet.eu\/"},{"@type":"ListItem","position":2,"name":"ORNet Pathology","item":"https:\/\/ornet.eu\/da\/?page_id=763"},{"@type":"ListItem","position":3,"name":"Pathology training"}]},{"@type":"WebSite","@id":"https:\/\/ornet.eu\/#website","url":"https:\/\/ornet.eu\/","name":"ORNet","description":"Medical Imaging &amp; Device Management Solutions","publisher":{"@id":"https:\/\/ornet.eu\/#organization"},"potentialAction":[{"@type":"SearchAction","target":{"@type":"EntryPoint","urlTemplate":"https:\/\/ornet.eu\/?s={search_term_string}"},"query-input":{"@type":"PropertyValueSpecification","valueRequired":true,"valueName":"search_term_string"}}],"inLanguage":"sv-SE"},{"@type":"Organization","@id":"https:\/\/ornet.eu\/#organization","name":"Bait Partner O\u00dc","url":"https:\/\/ornet.eu\/","logo":{"@type":"ImageObject","inLanguage":"sv-SE","@id":"https:\/\/ornet.eu\/#\/schema\/logo\/image\/","url":"https:\/\/ornet.eu\/wp-content\/uploads\/2022\/03\/BAIT-PARTNER-logo-in-square-format.jpg","contentUrl":"https:\/\/ornet.eu\/wp-content\/uploads\/2022\/03\/BAIT-PARTNER-logo-in-square-format.jpg","width":520,"height":520,"caption":"Bait Partner O\u00dc"},"image":{"@id":"https:\/\/ornet.eu\/#\/schema\/logo\/image\/"},"sameAs":["https:\/\/www.facebook.com\/baitpartner","https:\/\/x.com\/BaitPartner","https:\/\/www.instagram.com\/baitpartner\/","https:\/\/www.linkedin.com\/company\/bait-partner-o-\/"]}]}},"post_mailing_queue_ids":[],"_links":{"self":[{"href":"https:\/\/ornet.eu\/sv\/wp-json\/wp\/v2\/pages\/1389","targetHints":{"allow":["GET"]}}],"collection":[{"href":"https:\/\/ornet.eu\/sv\/wp-json\/wp\/v2\/pages"}],"about":[{"href":"https:\/\/ornet.eu\/sv\/wp-json\/wp\/v2\/types\/page"}],"author":[{"embeddable":true,"href":"https:\/\/ornet.eu\/sv\/wp-json\/wp\/v2\/users\/1"}],"replies":[{"embeddable":true,"href":"https:\/\/ornet.eu\/sv\/wp-json\/wp\/v2\/comments?post=1389"}],"version-history":[{"count":5,"href":"https:\/\/ornet.eu\/sv\/wp-json\/wp\/v2\/pages\/1389\/revisions"}],"predecessor-version":[{"id":4997,"href":"https:\/\/ornet.eu\/sv\/wp-json\/wp\/v2\/pages\/1389\/revisions\/4997"}],"up":[{"embeddable":true,"href":"https:\/\/ornet.eu\/sv\/wp-json\/wp\/v2\/pages\/763"}],"wp:attachment":[{"href":"https:\/\/ornet.eu\/sv\/wp-json\/wp\/v2\/media?parent=1389"}],"curies":[{"name":"wp","href":"https:\/\/api.w.org\/{rel}","templated":true}]}}