{"id":1443,"date":"2017-04-25T16:54:39","date_gmt":"2017-04-25T13:54:39","guid":{"rendered":"http:\/\/ornet.eu\/?page_id=1443"},"modified":"2023-01-31T11:45:05","modified_gmt":"2023-01-31T09:45:05","slug":"sample-management","status":"publish","type":"page","link":"https:\/\/ornet.eu\/sv\/ornet-pathology\/sample-management\/","title":{"rendered":"Provhantering"},"content":{"rendered":"<div id=\"pl-1443\"  class=\"panel-layout\" ><div id=\"pg-1443-0\"  class=\"panel-grid panel-has-style\" ><div style=\"padding: 0px 0; \" data-overlay=\"true\" data-overlay-color=\"#000000\" class=\"panel-row-style panel-row-style-for-1443-0\" ><div id=\"pgc-1443-0-0\"  class=\"panel-grid-cell\" ><div id=\"panel-1443-0-0-0\" class=\"so-panel widget widget_text panel-first-child panel-last-child\" data-index=\"0\" ><div style=\"text-align: left;\" data-title-color=\"#443f3f\" data-headings-color=\"#443f3f\" class=\"panel-widget-style panel-widget-style-for-1443-0-0-0\" ><h3 class=\"widget-title\">PROVHANTERING<\/h3>\t\t\t<div class=\"textwidget\"><p>ORNet Pathology \u00e4r l\u00e4mplig f\u00f6r att dokumentera alla typer av prover. Det kan fungera som en frist\u00e5ende l\u00f6sning f\u00f6r makroavbildning eller kan integreras i laboratoriesystemet.<\/p>\n<p>I frist\u00e5ende l\u00f6sningar \u00e4r m\u00e4rkning av beh\u00e5llare och kassetter manuell, antingen genom att skriva in data eller l\u00e4sa informationen med en streckkodsl\u00e4sare som kommer med systemet. Om systemet \u00e4r integrerat med befintlig LIS kommer patientdata, beh\u00e5llar- och kassettnummer automatiskt fr\u00e5n LIS. ORNet kan verifiera data (j\u00e4mf\u00f6r givna nummer med data som l\u00e4ses med skannrar) och efter att proceduren \u00e4r dokumenterad skickas verifierad information tillbaka till LIS.<\/p>\n<p>Dessutom g\u00f6r ORNet det m\u00f6jligt att l\u00e4gga till nya beh\u00e5llare och kassetter enligt angivet numreringsformat, ta bort oanv\u00e4nda beh\u00e5llare &amp; kassetter som lagts till manuellt och anv\u00e4nda kassetter utan n\u00e5gra ritningar. Anv\u00e4ndare kan ocks\u00e5 integrera en kassettskrivare och skriva ut alla kassetter f\u00f6r studien eller skriva ut ytterligare v\u00e4vnadskassetter vid behov.<\/p>\n<\/div>\n\t\t<\/div><\/div><\/div><div id=\"pgc-1443-0-1\"  class=\"panel-grid-cell\" ><div id=\"panel-1443-0-1-0\" class=\"so-panel widget widget_sow-image panel-first-child panel-last-child\" data-index=\"1\" ><div style=\"text-align: left;\" data-title-color=\"#443f3f\" data-headings-color=\"#443f3f\" class=\"panel-widget-style panel-widget-style-for-1443-0-1-0\" ><div\n\t\t\t\n\t\t\tclass=\"so-widget-sow-image so-widget-sow-image-default-c4f6304fc136-1443\"\n\t\t\t\n\t\t>\n<div class=\"sow-image-container\">\n\t\t<img \n\tsrc=\"https:\/\/ornet.eu\/wp-content\/uploads\/2017\/03\/Barcode-scanners.png\" width=\"103\" height=\"102\" srcset=\"https:\/\/ornet.eu\/wp-content\/uploads\/2017\/03\/Barcode-scanners.png 103w, https:\/\/ornet.eu\/wp-content\/uploads\/2017\/03\/Barcode-scanners-45x45.png 45w\" sizes=\"(max-width: 103px) 100vw, 103px\" title=\"Barcode scanners\" alt=\"\" \t\tclass=\"so-widget-image\"\/>\n\t<\/div>\n\n<\/div><\/div><\/div><\/div><\/div><\/div><\/div>","protected":false},"excerpt":{"rendered":"<p>ORNet Pathology is suitable for documenting all types of samples. It can work as a<\/p>","protected":false},"author":1,"featured_media":0,"parent":763,"menu_order":0,"comment_status":"closed","ping_status":"closed","template":"","meta":{"_eb_attr":"","om_disable_all_campaigns":false,"_uf_show_specific_survey":0,"_uf_disable_surveys":false,"two_page_speed":[],"footnotes":""},"class_list":["post-1443","page","type-page","status-publish","hentry"],"yoast_head":"<!-- This site is optimized with the Yoast SEO plugin v27.4 - https:\/\/yoast.com\/product\/yoast-seo-wordpress\/ -->\n<title>ORNet Sample management - medical imaging and device management<\/title>\n<meta name=\"robots\" content=\"index, follow, max-snippet:-1, max-image-preview:large, max-video-preview:-1\" \/>\n<link rel=\"canonical\" href=\"https:\/\/ornet.eu\/sv\/ornet-pathology\/sample-management\/\" \/>\n<meta property=\"og:locale\" content=\"sv_SE\" \/>\n<meta property=\"og:type\" content=\"article\" \/>\n<meta property=\"og:title\" content=\"ORNet Sample management - medical imaging and device management\" \/>\n<meta property=\"og:description\" content=\"ORNet Pathology is suitable for documenting all types of samples. It can work as a\" \/>\n<meta property=\"og:url\" content=\"https:\/\/ornet.eu\/sv\/ornet-pathology\/sample-management\/\" \/>\n<meta property=\"og:site_name\" content=\"ORNet\" \/>\n<meta property=\"article:publisher\" content=\"https:\/\/www.facebook.com\/baitpartner\" \/>\n<meta property=\"article:modified_time\" content=\"2023-01-31T09:45:05+00:00\" \/>\n<meta name=\"twitter:card\" content=\"summary_large_image\" \/>\n<meta name=\"twitter:site\" content=\"@BaitPartner\" \/>\n<meta name=\"twitter:label1\" content=\"Ber\u00e4knad l\u00e4stid\" \/>\n\t<meta name=\"twitter:data1\" content=\"2 minuter\" \/>\n<script type=\"application\/ld+json\" class=\"yoast-schema-graph\">{\"@context\":\"https:\\\/\\\/schema.org\",\"@graph\":[{\"@type\":\"WebPage\",\"@id\":\"https:\\\/\\\/ornet.eu\\\/sv\\\/ornet-pathology\\\/sample-management\\\/\",\"url\":\"https:\\\/\\\/ornet.eu\\\/sv\\\/ornet-pathology\\\/sample-management\\\/\",\"name\":\"ORNet Sample management - medical imaging and device management\",\"isPartOf\":{\"@id\":\"https:\\\/\\\/ornet.eu\\\/sv\\\/#website\"},\"datePublished\":\"2017-04-25T13:54:39+00:00\",\"dateModified\":\"2023-01-31T09:45:05+00:00\",\"breadcrumb\":{\"@id\":\"https:\\\/\\\/ornet.eu\\\/sv\\\/ornet-pathology\\\/sample-management\\\/#breadcrumb\"},\"inLanguage\":\"sv-SE\",\"potentialAction\":[{\"@type\":\"ReadAction\",\"target\":[\"https:\\\/\\\/ornet.eu\\\/sv\\\/ornet-pathology\\\/sample-management\\\/\"]}]},{\"@type\":\"BreadcrumbList\",\"@id\":\"https:\\\/\\\/ornet.eu\\\/sv\\\/ornet-pathology\\\/sample-management\\\/#breadcrumb\",\"itemListElement\":[{\"@type\":\"ListItem\",\"position\":1,\"name\":\"Home\",\"item\":\"https:\\\/\\\/ornet.eu\\\/sv\\\/\"},{\"@type\":\"ListItem\",\"position\":2,\"name\":\"ORNet Pathology\",\"item\":\"https:\\\/\\\/ornet.eu\\\/sv\\\/?page_id=763\"},{\"@type\":\"ListItem\",\"position\":3,\"name\":\"Sample management\"}]},{\"@type\":\"WebSite\",\"@id\":\"https:\\\/\\\/ornet.eu\\\/sv\\\/#website\",\"url\":\"https:\\\/\\\/ornet.eu\\\/sv\\\/\",\"name\":\"ORNet\",\"description\":\"Medical Imaging &amp; Device Management Solutions\",\"publisher\":{\"@id\":\"https:\\\/\\\/ornet.eu\\\/sv\\\/#organization\"},\"potentialAction\":[{\"@type\":\"SearchAction\",\"target\":{\"@type\":\"EntryPoint\",\"urlTemplate\":\"https:\\\/\\\/ornet.eu\\\/sv\\\/?s={search_term_string}\"},\"query-input\":{\"@type\":\"PropertyValueSpecification\",\"valueRequired\":true,\"valueName\":\"search_term_string\"}}],\"inLanguage\":\"sv-SE\"},{\"@type\":\"Organization\",\"@id\":\"https:\\\/\\\/ornet.eu\\\/sv\\\/#organization\",\"name\":\"Bait Partner O\u00dc\",\"url\":\"https:\\\/\\\/ornet.eu\\\/sv\\\/\",\"logo\":{\"@type\":\"ImageObject\",\"inLanguage\":\"sv-SE\",\"@id\":\"https:\\\/\\\/ornet.eu\\\/sv\\\/#\\\/schema\\\/logo\\\/image\\\/\",\"url\":\"https:\\\/\\\/ornet.eu\\\/wp-content\\\/uploads\\\/2022\\\/03\\\/BAIT-PARTNER-logo-in-square-format.jpg\",\"contentUrl\":\"https:\\\/\\\/ornet.eu\\\/wp-content\\\/uploads\\\/2022\\\/03\\\/BAIT-PARTNER-logo-in-square-format.jpg\",\"width\":520,\"height\":520,\"caption\":\"Bait Partner O\u00dc\"},\"image\":{\"@id\":\"https:\\\/\\\/ornet.eu\\\/sv\\\/#\\\/schema\\\/logo\\\/image\\\/\"},\"sameAs\":[\"https:\\\/\\\/www.facebook.com\\\/baitpartner\",\"https:\\\/\\\/x.com\\\/BaitPartner\",\"https:\\\/\\\/www.instagram.com\\\/baitpartner\\\/\",\"https:\\\/\\\/www.linkedin.com\\\/company\\\/bait-partner-o-\\\/\"]}]}<\/script>\n<!-- \/ Yoast SEO plugin. -->","yoast_head_json":{"title":"ORNet Sample management - medical imaging and device management","robots":{"index":"index","follow":"follow","max-snippet":"max-snippet:-1","max-image-preview":"max-image-preview:large","max-video-preview":"max-video-preview:-1"},"canonical":"https:\/\/ornet.eu\/sv\/ornet-pathology\/sample-management\/","og_locale":"sv_SE","og_type":"article","og_title":"ORNet Sample management - medical imaging and device management","og_description":"ORNet Pathology is suitable for documenting all types of samples. It can work as a","og_url":"https:\/\/ornet.eu\/sv\/ornet-pathology\/sample-management\/","og_site_name":"ORNet","article_publisher":"https:\/\/www.facebook.com\/baitpartner","article_modified_time":"2023-01-31T09:45:05+00:00","twitter_card":"summary_large_image","twitter_site":"@BaitPartner","twitter_misc":{"Ber\u00e4knad l\u00e4stid":"2 minuter"},"schema":{"@context":"https:\/\/schema.org","@graph":[{"@type":"WebPage","@id":"https:\/\/ornet.eu\/sv\/ornet-pathology\/sample-management\/","url":"https:\/\/ornet.eu\/sv\/ornet-pathology\/sample-management\/","name":"ORNet Sample management - medical imaging and device management","isPartOf":{"@id":"https:\/\/ornet.eu\/sv\/#website"},"datePublished":"2017-04-25T13:54:39+00:00","dateModified":"2023-01-31T09:45:05+00:00","breadcrumb":{"@id":"https:\/\/ornet.eu\/sv\/ornet-pathology\/sample-management\/#breadcrumb"},"inLanguage":"sv-SE","potentialAction":[{"@type":"ReadAction","target":["https:\/\/ornet.eu\/sv\/ornet-pathology\/sample-management\/"]}]},{"@type":"BreadcrumbList","@id":"https:\/\/ornet.eu\/sv\/ornet-pathology\/sample-management\/#breadcrumb","itemListElement":[{"@type":"ListItem","position":1,"name":"Home","item":"https:\/\/ornet.eu\/sv\/"},{"@type":"ListItem","position":2,"name":"ORNet Pathology","item":"https:\/\/ornet.eu\/sv\/?page_id=763"},{"@type":"ListItem","position":3,"name":"Sample management"}]},{"@type":"WebSite","@id":"https:\/\/ornet.eu\/sv\/#website","url":"https:\/\/ornet.eu\/sv\/","name":"ORNet","description":"Medical Imaging &amp; Device Management Solutions","publisher":{"@id":"https:\/\/ornet.eu\/sv\/#organization"},"potentialAction":[{"@type":"SearchAction","target":{"@type":"EntryPoint","urlTemplate":"https:\/\/ornet.eu\/sv\/?s={search_term_string}"},"query-input":{"@type":"PropertyValueSpecification","valueRequired":true,"valueName":"search_term_string"}}],"inLanguage":"sv-SE"},{"@type":"Organization","@id":"https:\/\/ornet.eu\/sv\/#organization","name":"Bait Partner O\u00dc","url":"https:\/\/ornet.eu\/sv\/","logo":{"@type":"ImageObject","inLanguage":"sv-SE","@id":"https:\/\/ornet.eu\/sv\/#\/schema\/logo\/image\/","url":"https:\/\/ornet.eu\/wp-content\/uploads\/2022\/03\/BAIT-PARTNER-logo-in-square-format.jpg","contentUrl":"https:\/\/ornet.eu\/wp-content\/uploads\/2022\/03\/BAIT-PARTNER-logo-in-square-format.jpg","width":520,"height":520,"caption":"Bait Partner O\u00dc"},"image":{"@id":"https:\/\/ornet.eu\/sv\/#\/schema\/logo\/image\/"},"sameAs":["https:\/\/www.facebook.com\/baitpartner","https:\/\/x.com\/BaitPartner","https:\/\/www.instagram.com\/baitpartner\/","https:\/\/www.linkedin.com\/company\/bait-partner-o-\/"]}]}},"post_mailing_queue_ids":[],"_links":{"self":[{"href":"https:\/\/ornet.eu\/sv\/wp-json\/wp\/v2\/pages\/1443","targetHints":{"allow":["GET"]}}],"collection":[{"href":"https:\/\/ornet.eu\/sv\/wp-json\/wp\/v2\/pages"}],"about":[{"href":"https:\/\/ornet.eu\/sv\/wp-json\/wp\/v2\/types\/page"}],"author":[{"embeddable":true,"href":"https:\/\/ornet.eu\/sv\/wp-json\/wp\/v2\/users\/1"}],"replies":[{"embeddable":true,"href":"https:\/\/ornet.eu\/sv\/wp-json\/wp\/v2\/comments?post=1443"}],"version-history":[{"count":5,"href":"https:\/\/ornet.eu\/sv\/wp-json\/wp\/v2\/pages\/1443\/revisions"}],"predecessor-version":[{"id":5041,"href":"https:\/\/ornet.eu\/sv\/wp-json\/wp\/v2\/pages\/1443\/revisions\/5041"}],"up":[{"embeddable":true,"href":"https:\/\/ornet.eu\/sv\/wp-json\/wp\/v2\/pages\/763"}],"wp:attachment":[{"href":"https:\/\/ornet.eu\/sv\/wp-json\/wp\/v2\/media?parent=1443"}],"curies":[{"name":"wp","href":"https:\/\/api.w.org\/{rel}","templated":true}]}}