{"id":4891,"date":"2023-01-17T16:32:48","date_gmt":"2023-01-17T14:32:48","guid":{"rendered":"https:\/\/ornet.eu\/?page_id=4891"},"modified":"2023-01-25T13:24:39","modified_gmt":"2023-01-25T11:24:39","slug":"user-interface","status":"publish","type":"page","link":"https:\/\/ornet.eu\/sv\/ornet-capture\/user-interface\/","title":{"rendered":"User Interface"},"content":{"rendered":"<div id=\"pl-gb4891-69d2ac721c5df\"  class=\"panel-layout\" ><div id=\"pg-gb4891-69d2ac721c5df-0\"  class=\"panel-grid panel-has-style\" ><div style=\"padding: 0px 0; \" data-overlay=\"true\" data-overlay-color=\"#000000\" class=\"panel-row-style panel-row-style-for-gb4891-69d2ac721c5df-0\" ><div id=\"pgc-gb4891-69d2ac721c5df-0-0\"  class=\"panel-grid-cell\" ><div id=\"panel-gb4891-69d2ac721c5df-0-0-0\" class=\"so-panel widget widget_text panel-first-child panel-last-child\" data-index=\"0\" ><div style=\"text-align: left;\" data-title-color=\"#443f3f\" data-headings-color=\"#443f3f\" class=\"panel-widget-style panel-widget-style-for-gb4891-69d2ac721c5df-0-0-0\" ><h3 class=\"widget-title\">Anv\u00e4ndargr\u00e4nssnitt<\/h3>\t\t\t<div class=\"textwidget\"><p>ORNet Capture har ett mycket intuitivt anv\u00e4ndargr\u00e4nssnitt som till\u00e5ter en knapptryckskontroll av alla funktioner f\u00f6r smidig drift. Lokaliserade spr\u00e5kalternativ med ikoner och nyckelord. F\u00f6r n\u00e4rvarande \u00e4r det m\u00f6jligt att v\u00e4lja mellan engelska, svenska, finska och estniska och det \u00e4r enkelt att anpassa det till ditt eget spr\u00e5k.<\/p>\n<\/div>\n\t\t<\/div><\/div><\/div><div id=\"pgc-gb4891-69d2ac721c5df-0-1\"  class=\"panel-grid-cell\" ><div id=\"panel-gb4891-69d2ac721c5df-0-1-0\" class=\"so-panel widget widget_sow-image panel-first-child panel-last-child\" data-index=\"1\" ><div style=\"text-align: left;\" data-title-color=\"#443f3f\" data-headings-color=\"#443f3f\" class=\"panel-widget-style panel-widget-style-for-gb4891-69d2ac721c5df-0-1-0\" ><div\n\t\t\t\n\t\t\tclass=\"so-widget-sow-image so-widget-sow-image-default-c4f6304fc136-4891\"\n\t\t\t\n\t\t>\n<div class=\"sow-image-container\">\n\t\t<img \n\tsrc=\"https:\/\/ornet.eu\/wp-content\/uploads\/2017\/03\/user-interface.png\" width=\"159\" height=\"159\" srcset=\"https:\/\/ornet.eu\/wp-content\/uploads\/2017\/03\/user-interface.png 159w, https:\/\/ornet.eu\/wp-content\/uploads\/2017\/03\/user-interface-150x150.png 150w, https:\/\/ornet.eu\/wp-content\/uploads\/2017\/03\/user-interface-45x45.png 45w, https:\/\/ornet.eu\/wp-content\/uploads\/2017\/03\/elementor\/thumbs\/user-interface-nd26547n0zmxgozd11ty7l0z7gudv2do9yaxfxekuc.png 90w\" sizes=\"(max-width: 159px) 100vw, 159px\" title=\"user interface\" alt=\"intuitive user interface\" \t\tclass=\"so-widget-image\"\/>\n\t<\/div>\n\n<\/div><\/div><\/div><\/div><\/div><\/div><\/div>","protected":false},"excerpt":{"rendered":"<p>ORNet Capture features a highly intuitive user interface that allows one touch control of all<\/p>","protected":false},"author":1,"featured_media":0,"parent":760,"menu_order":0,"comment_status":"closed","ping_status":"closed","template":"page-templates\/page_fullwidth.php","meta":{"_eb_attr":"","om_disable_all_campaigns":false,"_uf_show_specific_survey":0,"_uf_disable_surveys":false,"two_page_speed":[],"footnotes":""},"class_list":["post-4891","page","type-page","status-publish","hentry"],"yoast_head":"<!-- This site is optimized with the Yoast SEO plugin v27.3 - https:\/\/yoast.com\/product\/yoast-seo-wordpress\/ -->\n<title>User Interface &#8211; ORNet<\/title>\n<meta name=\"robots\" content=\"index, follow, max-snippet:-1, max-image-preview:large, max-video-preview:-1\" \/>\n<link rel=\"canonical\" href=\"https:\/\/www.ornet.eu\/sv\/ornet-capture\/user-interface\/\" \/>\n<meta property=\"og:locale\" content=\"sv_SE\" \/>\n<meta property=\"og:type\" content=\"article\" \/>\n<meta property=\"og:title\" content=\"User Interface &#8211; ORNet\" \/>\n<meta property=\"og:description\" content=\"ORNet Capture features a highly intuitive user interface that allows one touch control of all\" \/>\n<meta property=\"og:url\" content=\"https:\/\/www.ornet.eu\/sv\/ornet-capture\/user-interface\/\" \/>\n<meta property=\"og:site_name\" content=\"ORNet\" \/>\n<meta property=\"article:publisher\" content=\"https:\/\/www.facebook.com\/baitpartner\" \/>\n<meta property=\"article:modified_time\" content=\"2023-01-25T11:24:39+00:00\" \/>\n<meta property=\"og:image\" content=\"https:\/\/ornet.eu\/wp-content\/uploads\/2017\/03\/user-interface.png\" \/>\n<meta name=\"twitter:card\" content=\"summary_large_image\" \/>\n<meta name=\"twitter:site\" content=\"@BaitPartner\" \/>\n<meta name=\"twitter:label1\" content=\"Ber\u00e4knad l\u00e4stid\" \/>\n\t<meta name=\"twitter:data1\" content=\"1 minut\" \/>\n<script type=\"application\/ld+json\" class=\"yoast-schema-graph\">{\"@context\":\"https:\\\/\\\/schema.org\",\"@graph\":[{\"@type\":\"WebPage\",\"@id\":\"https:\\\/\\\/www.ornet.eu\\\/sv\\\/ornet-capture\\\/user-interface\\\/\",\"url\":\"https:\\\/\\\/www.ornet.eu\\\/sv\\\/ornet-capture\\\/user-interface\\\/\",\"name\":\"User Interface &#8211; ORNet\",\"isPartOf\":{\"@id\":\"https:\\\/\\\/ornet.eu\\\/#website\"},\"primaryImageOfPage\":{\"@id\":\"https:\\\/\\\/www.ornet.eu\\\/sv\\\/ornet-capture\\\/user-interface\\\/#primaryimage\"},\"image\":{\"@id\":\"https:\\\/\\\/www.ornet.eu\\\/sv\\\/ornet-capture\\\/user-interface\\\/#primaryimage\"},\"thumbnailUrl\":\"https:\\\/\\\/ornet.eu\\\/wp-content\\\/uploads\\\/2017\\\/03\\\/user-interface.png\",\"datePublished\":\"2023-01-17T14:32:48+00:00\",\"dateModified\":\"2023-01-25T11:24:39+00:00\",\"breadcrumb\":{\"@id\":\"https:\\\/\\\/www.ornet.eu\\\/sv\\\/ornet-capture\\\/user-interface\\\/#breadcrumb\"},\"inLanguage\":\"sv-SE\",\"potentialAction\":[{\"@type\":\"ReadAction\",\"target\":[\"https:\\\/\\\/www.ornet.eu\\\/sv\\\/ornet-capture\\\/user-interface\\\/\"]}]},{\"@type\":\"ImageObject\",\"inLanguage\":\"sv-SE\",\"@id\":\"https:\\\/\\\/www.ornet.eu\\\/sv\\\/ornet-capture\\\/user-interface\\\/#primaryimage\",\"url\":\"https:\\\/\\\/ornet.eu\\\/wp-content\\\/uploads\\\/2017\\\/03\\\/user-interface.png\",\"contentUrl\":\"https:\\\/\\\/ornet.eu\\\/wp-content\\\/uploads\\\/2017\\\/03\\\/user-interface.png\"},{\"@type\":\"BreadcrumbList\",\"@id\":\"https:\\\/\\\/www.ornet.eu\\\/sv\\\/ornet-capture\\\/user-interface\\\/#breadcrumb\",\"itemListElement\":[{\"@type\":\"ListItem\",\"position\":1,\"name\":\"Home\",\"item\":\"https:\\\/\\\/ornet.eu\\\/\"},{\"@type\":\"ListItem\",\"position\":2,\"name\":\"ORNet Capture\",\"item\":\"https:\\\/\\\/www.ornet.eu\\\/ornet-capture\\\/\"},{\"@type\":\"ListItem\",\"position\":3,\"name\":\"User Interface\"}]},{\"@type\":\"WebSite\",\"@id\":\"https:\\\/\\\/ornet.eu\\\/#website\",\"url\":\"https:\\\/\\\/ornet.eu\\\/\",\"name\":\"ORNet\",\"description\":\"Medical Imaging &amp; Device Management Solutions\",\"publisher\":{\"@id\":\"https:\\\/\\\/ornet.eu\\\/#organization\"},\"potentialAction\":[{\"@type\":\"SearchAction\",\"target\":{\"@type\":\"EntryPoint\",\"urlTemplate\":\"https:\\\/\\\/ornet.eu\\\/?s={search_term_string}\"},\"query-input\":{\"@type\":\"PropertyValueSpecification\",\"valueRequired\":true,\"valueName\":\"search_term_string\"}}],\"inLanguage\":\"sv-SE\"},{\"@type\":\"Organization\",\"@id\":\"https:\\\/\\\/ornet.eu\\\/#organization\",\"name\":\"Bait Partner O\u00dc\",\"url\":\"https:\\\/\\\/ornet.eu\\\/\",\"logo\":{\"@type\":\"ImageObject\",\"inLanguage\":\"sv-SE\",\"@id\":\"https:\\\/\\\/ornet.eu\\\/#\\\/schema\\\/logo\\\/image\\\/\",\"url\":\"https:\\\/\\\/ornet.eu\\\/wp-content\\\/uploads\\\/2022\\\/03\\\/BAIT-PARTNER-logo-in-square-format.jpg\",\"contentUrl\":\"https:\\\/\\\/ornet.eu\\\/wp-content\\\/uploads\\\/2022\\\/03\\\/BAIT-PARTNER-logo-in-square-format.jpg\",\"width\":520,\"height\":520,\"caption\":\"Bait Partner O\u00dc\"},\"image\":{\"@id\":\"https:\\\/\\\/ornet.eu\\\/#\\\/schema\\\/logo\\\/image\\\/\"},\"sameAs\":[\"https:\\\/\\\/www.facebook.com\\\/baitpartner\",\"https:\\\/\\\/x.com\\\/BaitPartner\",\"https:\\\/\\\/www.instagram.com\\\/baitpartner\\\/\",\"https:\\\/\\\/www.linkedin.com\\\/company\\\/bait-partner-o-\\\/\"]}]}<\/script>\n<!-- \/ Yoast SEO plugin. -->","yoast_head_json":{"title":"User Interface &#8211; ORNet","robots":{"index":"index","follow":"follow","max-snippet":"max-snippet:-1","max-image-preview":"max-image-preview:large","max-video-preview":"max-video-preview:-1"},"canonical":"https:\/\/www.ornet.eu\/sv\/ornet-capture\/user-interface\/","og_locale":"sv_SE","og_type":"article","og_title":"User Interface &#8211; ORNet","og_description":"ORNet Capture features a highly intuitive user interface that allows one touch control of all","og_url":"https:\/\/www.ornet.eu\/sv\/ornet-capture\/user-interface\/","og_site_name":"ORNet","article_publisher":"https:\/\/www.facebook.com\/baitpartner","article_modified_time":"2023-01-25T11:24:39+00:00","og_image":[{"url":"https:\/\/ornet.eu\/wp-content\/uploads\/2017\/03\/user-interface.png","type":"","width":"","height":""}],"twitter_card":"summary_large_image","twitter_site":"@BaitPartner","twitter_misc":{"Ber\u00e4knad l\u00e4stid":"1 minut"},"schema":{"@context":"https:\/\/schema.org","@graph":[{"@type":"WebPage","@id":"https:\/\/www.ornet.eu\/sv\/ornet-capture\/user-interface\/","url":"https:\/\/www.ornet.eu\/sv\/ornet-capture\/user-interface\/","name":"User Interface &#8211; ORNet","isPartOf":{"@id":"https:\/\/ornet.eu\/#website"},"primaryImageOfPage":{"@id":"https:\/\/www.ornet.eu\/sv\/ornet-capture\/user-interface\/#primaryimage"},"image":{"@id":"https:\/\/www.ornet.eu\/sv\/ornet-capture\/user-interface\/#primaryimage"},"thumbnailUrl":"https:\/\/ornet.eu\/wp-content\/uploads\/2017\/03\/user-interface.png","datePublished":"2023-01-17T14:32:48+00:00","dateModified":"2023-01-25T11:24:39+00:00","breadcrumb":{"@id":"https:\/\/www.ornet.eu\/sv\/ornet-capture\/user-interface\/#breadcrumb"},"inLanguage":"sv-SE","potentialAction":[{"@type":"ReadAction","target":["https:\/\/www.ornet.eu\/sv\/ornet-capture\/user-interface\/"]}]},{"@type":"ImageObject","inLanguage":"sv-SE","@id":"https:\/\/www.ornet.eu\/sv\/ornet-capture\/user-interface\/#primaryimage","url":"https:\/\/ornet.eu\/wp-content\/uploads\/2017\/03\/user-interface.png","contentUrl":"https:\/\/ornet.eu\/wp-content\/uploads\/2017\/03\/user-interface.png"},{"@type":"BreadcrumbList","@id":"https:\/\/www.ornet.eu\/sv\/ornet-capture\/user-interface\/#breadcrumb","itemListElement":[{"@type":"ListItem","position":1,"name":"Home","item":"https:\/\/ornet.eu\/"},{"@type":"ListItem","position":2,"name":"ORNet Capture","item":"https:\/\/www.ornet.eu\/ornet-capture\/"},{"@type":"ListItem","position":3,"name":"User Interface"}]},{"@type":"WebSite","@id":"https:\/\/ornet.eu\/#website","url":"https:\/\/ornet.eu\/","name":"ORNet","description":"Medical Imaging &amp; Device Management Solutions","publisher":{"@id":"https:\/\/ornet.eu\/#organization"},"potentialAction":[{"@type":"SearchAction","target":{"@type":"EntryPoint","urlTemplate":"https:\/\/ornet.eu\/?s={search_term_string}"},"query-input":{"@type":"PropertyValueSpecification","valueRequired":true,"valueName":"search_term_string"}}],"inLanguage":"sv-SE"},{"@type":"Organization","@id":"https:\/\/ornet.eu\/#organization","name":"Bait Partner O\u00dc","url":"https:\/\/ornet.eu\/","logo":{"@type":"ImageObject","inLanguage":"sv-SE","@id":"https:\/\/ornet.eu\/#\/schema\/logo\/image\/","url":"https:\/\/ornet.eu\/wp-content\/uploads\/2022\/03\/BAIT-PARTNER-logo-in-square-format.jpg","contentUrl":"https:\/\/ornet.eu\/wp-content\/uploads\/2022\/03\/BAIT-PARTNER-logo-in-square-format.jpg","width":520,"height":520,"caption":"Bait Partner O\u00dc"},"image":{"@id":"https:\/\/ornet.eu\/#\/schema\/logo\/image\/"},"sameAs":["https:\/\/www.facebook.com\/baitpartner","https:\/\/x.com\/BaitPartner","https:\/\/www.instagram.com\/baitpartner\/","https:\/\/www.linkedin.com\/company\/bait-partner-o-\/"]}]}},"post_mailing_queue_ids":[],"_links":{"self":[{"href":"https:\/\/ornet.eu\/sv\/wp-json\/wp\/v2\/pages\/4891","targetHints":{"allow":["GET"]}}],"collection":[{"href":"https:\/\/ornet.eu\/sv\/wp-json\/wp\/v2\/pages"}],"about":[{"href":"https:\/\/ornet.eu\/sv\/wp-json\/wp\/v2\/types\/page"}],"author":[{"embeddable":true,"href":"https:\/\/ornet.eu\/sv\/wp-json\/wp\/v2\/users\/1"}],"replies":[{"embeddable":true,"href":"https:\/\/ornet.eu\/sv\/wp-json\/wp\/v2\/comments?post=4891"}],"version-history":[{"count":3,"href":"https:\/\/ornet.eu\/sv\/wp-json\/wp\/v2\/pages\/4891\/revisions"}],"predecessor-version":[{"id":5019,"href":"https:\/\/ornet.eu\/sv\/wp-json\/wp\/v2\/pages\/4891\/revisions\/5019"}],"up":[{"embeddable":true,"href":"https:\/\/ornet.eu\/sv\/wp-json\/wp\/v2\/pages\/760"}],"wp:attachment":[{"href":"https:\/\/ornet.eu\/sv\/wp-json\/wp\/v2\/media?parent=4891"}],"curies":[{"name":"wp","href":"https:\/\/api.w.org\/{rel}","templated":true}]}}