{"id":559,"date":"2017-03-07T15:40:53","date_gmt":"2017-03-07T13:40:53","guid":{"rendered":"http:\/\/ornet.eu\/?page_id=559"},"modified":"2023-01-31T11:27:29","modified_gmt":"2023-01-31T09:27:29","slug":"image-sources-processing-and-management","status":"publish","type":"page","link":"https:\/\/ornet.eu\/sv\/ornet-surgery-2\/image-sources-processing-and-management\/","title":{"rendered":"Bearbetning och hantering av bildk\u00e4lla"},"content":{"rendered":"<div id=\"pl-559\"  class=\"panel-layout\" ><div id=\"pg-559-0\"  class=\"panel-grid panel-has-style\" ><div style=\"padding: 0px 0; \" data-overlay=\"true\" data-overlay-color=\"#000000\" class=\"panel-row-style panel-row-style-for-559-0\" ><div id=\"pgc-559-0-0\"  class=\"panel-grid-cell\" ><div id=\"panel-559-0-0-0\" class=\"so-panel widget widget_text panel-first-child panel-last-child\" data-index=\"0\" ><div style=\"text-align: left;\" data-title-color=\"#443f3f\" data-headings-color=\"#443f3f\" class=\"panel-widget-style panel-widget-style-for-559-0-0-0\" ><h3 class=\"widget-title\">Bearbetning och hantering av bildk\u00e4lla<\/h3>\t\t\t<div class=\"textwidget\"><p>Hantera olika typer av videok\u00e4llor fr\u00e5n en enda anv\u00e4ndningsplats, inklusive endoskopikameror, kirurgiska ljuskameror, USB-headsetkameror, ONVIF och allm\u00e4nna rumskameror. Utf\u00f6r \u00e5tg\u00e4rder som zooma in\/ut, fokusera, etc. Anslut och visa upp till 6 ing\u00e5ngsk\u00e4llor samtidigt med m\u00f6jlighet att l\u00e4gga till fler baserat p\u00e5 dina behov.<\/p>\n<p>Systemet g\u00f6r det m\u00f6jligt att l\u00e4gga till en extra bildsk\u00e4rm, som kan vara en diagnostisk eller peksk\u00e4rm. Idealisk f\u00f6r att arbeta med en assistent.<\/p>\n<p>Bilder fr\u00e5n k\u00e4llor kan ses och lagras i 4K-kvalitet. ORNet Surgery till\u00e5ter anv\u00e4ndare att spela in fr\u00e5n upp till 4 videok\u00e4llor samtidigt.<\/p>\n<p>Stillbilder kan tas, markeras f\u00f6r prover och lagras samtidigt med videor. I f\u00f6rinst\u00e4llningarna best\u00e4ms om videor spelas in med ljud eller inte. Ljudfiler kan ocks\u00e5 l\u00e4ggas till patientfiler.<\/p>\n<\/div>\n\t\t<\/div><\/div><\/div><div id=\"pgc-559-0-1\"  class=\"panel-grid-cell\" ><div id=\"panel-559-0-1-0\" class=\"so-panel widget widget_sow-image panel-first-child panel-last-child\" data-index=\"1\" ><div style=\"text-align: left;\" data-title-color=\"#443f3f\" data-headings-color=\"#443f3f\" class=\"panel-widget-style panel-widget-style-for-559-0-1-0\" ><div\n\t\t\t\n\t\t\tclass=\"so-widget-sow-image so-widget-sow-image-default-c67d20f9f743-559\"\n\t\t\t\n\t\t>\n<div class=\"sow-image-container\">\n\t\t<img fetchpriority=\"high\" \n\tsrc=\"https:\/\/ornet.eu\/wp-content\/uploads\/2023\/01\/ORNet-Surgery-Newsletter-images-4-e1673514921632.png\" width=\"877\" height=\"477\" srcset=\"https:\/\/ornet.eu\/wp-content\/uploads\/2023\/01\/ORNet-Surgery-Newsletter-images-4-e1673514921632.png 877w, https:\/\/ornet.eu\/wp-content\/uploads\/2023\/01\/ORNet-Surgery-Newsletter-images-4-e1673514921632-300x163.png 300w, https:\/\/ornet.eu\/wp-content\/uploads\/2023\/01\/ORNet-Surgery-Newsletter-images-4-e1673514921632-768x418.png 768w, https:\/\/ornet.eu\/wp-content\/uploads\/2023\/01\/ORNet-Surgery-Newsletter-images-4-e1673514921632-18x10.png 18w, https:\/\/ornet.eu\/wp-content\/uploads\/2023\/01\/ORNet-Surgery-Newsletter-images-4-e1673514921632-230x125.png 230w, https:\/\/ornet.eu\/wp-content\/uploads\/2023\/01\/ORNet-Surgery-Newsletter-images-4-e1673514921632-350x190.png 350w, https:\/\/ornet.eu\/wp-content\/uploads\/2023\/01\/ORNet-Surgery-Newsletter-images-4-e1673514921632-480x261.png 480w, https:\/\/ornet.eu\/wp-content\/uploads\/2023\/01\/ORNet-Surgery-Newsletter-images-4-e1673514921632-600x326.png 600w\" sizes=\"(max-width: 877px) 100vw, 877px\" title=\"ORNet Surgery Newsletter images (4)\" alt=\"ORNet operating room integration &amp; management system with 4K video\" \t\tclass=\"so-widget-image\"\/>\n\t<\/div>\n\n<\/div><\/div><\/div><\/div><\/div><\/div><\/div>","protected":false},"excerpt":{"rendered":"<p>Handle different types of video sources from a single point of use including endoscopy cameras,<\/p>","protected":false},"author":1,"featured_media":0,"parent":473,"menu_order":0,"comment_status":"closed","ping_status":"closed","template":"page-templates\/page_fullwidth.php","meta":{"_eb_attr":"","om_disable_all_campaigns":false,"_uf_show_specific_survey":0,"_uf_disable_surveys":false,"two_page_speed":[],"footnotes":""},"class_list":["post-559","page","type-page","status-publish","hentry"],"yoast_head":"<!-- This site is optimized with the Yoast SEO plugin v27.3 - https:\/\/yoast.com\/product\/yoast-seo-wordpress\/ -->\n<title>Image sources processing and management &#8211; ORNet<\/title>\n<meta name=\"robots\" content=\"index, follow, max-snippet:-1, max-image-preview:large, max-video-preview:-1\" \/>\n<link rel=\"canonical\" href=\"https:\/\/www.ornet.eu\/fi\/ornet-surgery-2\/image-sources-processing-and-management\/\" \/>\n<meta property=\"og:locale\" content=\"sv_SE\" \/>\n<meta property=\"og:type\" content=\"article\" \/>\n<meta property=\"og:title\" content=\"Image sources processing and management &#8211; ORNet\" \/>\n<meta property=\"og:description\" content=\"Handle different types of video sources from a single point of use including endoscopy cameras,\" \/>\n<meta property=\"og:url\" content=\"https:\/\/www.ornet.eu\/fi\/ornet-surgery-2\/image-sources-processing-and-management\/\" \/>\n<meta property=\"og:site_name\" content=\"ORNet\" \/>\n<meta property=\"article:publisher\" content=\"https:\/\/www.facebook.com\/baitpartner\" \/>\n<meta property=\"article:modified_time\" content=\"2023-01-31T09:27:29+00:00\" \/>\n<meta name=\"twitter:card\" content=\"summary_large_image\" \/>\n<meta name=\"twitter:site\" content=\"@BaitPartner\" \/>\n<meta name=\"twitter:label1\" content=\"Ber\u00e4knad l\u00e4stid\" \/>\n\t<meta name=\"twitter:data1\" content=\"1 minut\" \/>\n<script type=\"application\/ld+json\" class=\"yoast-schema-graph\">{\"@context\":\"https:\\\/\\\/schema.org\",\"@graph\":[{\"@type\":\"WebPage\",\"@id\":\"https:\\\/\\\/www.ornet.eu\\\/fi\\\/ornet-surgery-2\\\/image-sources-processing-and-management\\\/\",\"url\":\"https:\\\/\\\/www.ornet.eu\\\/fi\\\/ornet-surgery-2\\\/image-sources-processing-and-management\\\/\",\"name\":\"Image sources processing and management &#8211; ORNet\",\"isPartOf\":{\"@id\":\"https:\\\/\\\/ornet.eu\\\/#website\"},\"datePublished\":\"2017-03-07T13:40:53+00:00\",\"dateModified\":\"2023-01-31T09:27:29+00:00\",\"breadcrumb\":{\"@id\":\"https:\\\/\\\/www.ornet.eu\\\/fi\\\/ornet-surgery-2\\\/image-sources-processing-and-management\\\/#breadcrumb\"},\"inLanguage\":\"sv-SE\",\"potentialAction\":[{\"@type\":\"ReadAction\",\"target\":[\"https:\\\/\\\/www.ornet.eu\\\/fi\\\/ornet-surgery-2\\\/image-sources-processing-and-management\\\/\"]}]},{\"@type\":\"BreadcrumbList\",\"@id\":\"https:\\\/\\\/www.ornet.eu\\\/fi\\\/ornet-surgery-2\\\/image-sources-processing-and-management\\\/#breadcrumb\",\"itemListElement\":[{\"@type\":\"ListItem\",\"position\":1,\"name\":\"Home\",\"item\":\"https:\\\/\\\/ornet.eu\\\/\"},{\"@type\":\"ListItem\",\"position\":2,\"name\":\"ORNet Surgery\",\"item\":\"https:\\\/\\\/www.ornet.eu\\\/et\\\/ornet-surgery-2\\\/\"},{\"@type\":\"ListItem\",\"position\":3,\"name\":\"Image sources processing and management\"}]},{\"@type\":\"WebSite\",\"@id\":\"https:\\\/\\\/ornet.eu\\\/#website\",\"url\":\"https:\\\/\\\/ornet.eu\\\/\",\"name\":\"ORNet\",\"description\":\"Medical Imaging &amp; Device Management Solutions\",\"publisher\":{\"@id\":\"https:\\\/\\\/ornet.eu\\\/#organization\"},\"potentialAction\":[{\"@type\":\"SearchAction\",\"target\":{\"@type\":\"EntryPoint\",\"urlTemplate\":\"https:\\\/\\\/ornet.eu\\\/?s={search_term_string}\"},\"query-input\":{\"@type\":\"PropertyValueSpecification\",\"valueRequired\":true,\"valueName\":\"search_term_string\"}}],\"inLanguage\":\"sv-SE\"},{\"@type\":\"Organization\",\"@id\":\"https:\\\/\\\/ornet.eu\\\/#organization\",\"name\":\"Bait Partner O\u00dc\",\"url\":\"https:\\\/\\\/ornet.eu\\\/\",\"logo\":{\"@type\":\"ImageObject\",\"inLanguage\":\"sv-SE\",\"@id\":\"https:\\\/\\\/ornet.eu\\\/#\\\/schema\\\/logo\\\/image\\\/\",\"url\":\"https:\\\/\\\/ornet.eu\\\/wp-content\\\/uploads\\\/2022\\\/03\\\/BAIT-PARTNER-logo-in-square-format.jpg\",\"contentUrl\":\"https:\\\/\\\/ornet.eu\\\/wp-content\\\/uploads\\\/2022\\\/03\\\/BAIT-PARTNER-logo-in-square-format.jpg\",\"width\":520,\"height\":520,\"caption\":\"Bait Partner O\u00dc\"},\"image\":{\"@id\":\"https:\\\/\\\/ornet.eu\\\/#\\\/schema\\\/logo\\\/image\\\/\"},\"sameAs\":[\"https:\\\/\\\/www.facebook.com\\\/baitpartner\",\"https:\\\/\\\/x.com\\\/BaitPartner\",\"https:\\\/\\\/www.instagram.com\\\/baitpartner\\\/\",\"https:\\\/\\\/www.linkedin.com\\\/company\\\/bait-partner-o-\\\/\"]}]}<\/script>\n<!-- \/ Yoast SEO plugin. -->","yoast_head_json":{"title":"Image sources processing and management &#8211; ORNet","robots":{"index":"index","follow":"follow","max-snippet":"max-snippet:-1","max-image-preview":"max-image-preview:large","max-video-preview":"max-video-preview:-1"},"canonical":"https:\/\/www.ornet.eu\/fi\/ornet-surgery-2\/image-sources-processing-and-management\/","og_locale":"sv_SE","og_type":"article","og_title":"Image sources processing and management &#8211; ORNet","og_description":"Handle different types of video sources from a single point of use including endoscopy cameras,","og_url":"https:\/\/www.ornet.eu\/fi\/ornet-surgery-2\/image-sources-processing-and-management\/","og_site_name":"ORNet","article_publisher":"https:\/\/www.facebook.com\/baitpartner","article_modified_time":"2023-01-31T09:27:29+00:00","twitter_card":"summary_large_image","twitter_site":"@BaitPartner","twitter_misc":{"Ber\u00e4knad l\u00e4stid":"1 minut"},"schema":{"@context":"https:\/\/schema.org","@graph":[{"@type":"WebPage","@id":"https:\/\/www.ornet.eu\/fi\/ornet-surgery-2\/image-sources-processing-and-management\/","url":"https:\/\/www.ornet.eu\/fi\/ornet-surgery-2\/image-sources-processing-and-management\/","name":"Image sources processing and management &#8211; ORNet","isPartOf":{"@id":"https:\/\/ornet.eu\/#website"},"datePublished":"2017-03-07T13:40:53+00:00","dateModified":"2023-01-31T09:27:29+00:00","breadcrumb":{"@id":"https:\/\/www.ornet.eu\/fi\/ornet-surgery-2\/image-sources-processing-and-management\/#breadcrumb"},"inLanguage":"sv-SE","potentialAction":[{"@type":"ReadAction","target":["https:\/\/www.ornet.eu\/fi\/ornet-surgery-2\/image-sources-processing-and-management\/"]}]},{"@type":"BreadcrumbList","@id":"https:\/\/www.ornet.eu\/fi\/ornet-surgery-2\/image-sources-processing-and-management\/#breadcrumb","itemListElement":[{"@type":"ListItem","position":1,"name":"Home","item":"https:\/\/ornet.eu\/"},{"@type":"ListItem","position":2,"name":"ORNet Surgery","item":"https:\/\/www.ornet.eu\/et\/ornet-surgery-2\/"},{"@type":"ListItem","position":3,"name":"Image sources processing and management"}]},{"@type":"WebSite","@id":"https:\/\/ornet.eu\/#website","url":"https:\/\/ornet.eu\/","name":"ORNet","description":"Medical Imaging &amp; Device Management Solutions","publisher":{"@id":"https:\/\/ornet.eu\/#organization"},"potentialAction":[{"@type":"SearchAction","target":{"@type":"EntryPoint","urlTemplate":"https:\/\/ornet.eu\/?s={search_term_string}"},"query-input":{"@type":"PropertyValueSpecification","valueRequired":true,"valueName":"search_term_string"}}],"inLanguage":"sv-SE"},{"@type":"Organization","@id":"https:\/\/ornet.eu\/#organization","name":"Bait Partner O\u00dc","url":"https:\/\/ornet.eu\/","logo":{"@type":"ImageObject","inLanguage":"sv-SE","@id":"https:\/\/ornet.eu\/#\/schema\/logo\/image\/","url":"https:\/\/ornet.eu\/wp-content\/uploads\/2022\/03\/BAIT-PARTNER-logo-in-square-format.jpg","contentUrl":"https:\/\/ornet.eu\/wp-content\/uploads\/2022\/03\/BAIT-PARTNER-logo-in-square-format.jpg","width":520,"height":520,"caption":"Bait Partner O\u00dc"},"image":{"@id":"https:\/\/ornet.eu\/#\/schema\/logo\/image\/"},"sameAs":["https:\/\/www.facebook.com\/baitpartner","https:\/\/x.com\/BaitPartner","https:\/\/www.instagram.com\/baitpartner\/","https:\/\/www.linkedin.com\/company\/bait-partner-o-\/"]}]}},"post_mailing_queue_ids":[],"_links":{"self":[{"href":"https:\/\/ornet.eu\/sv\/wp-json\/wp\/v2\/pages\/559","targetHints":{"allow":["GET"]}}],"collection":[{"href":"https:\/\/ornet.eu\/sv\/wp-json\/wp\/v2\/pages"}],"about":[{"href":"https:\/\/ornet.eu\/sv\/wp-json\/wp\/v2\/types\/page"}],"author":[{"embeddable":true,"href":"https:\/\/ornet.eu\/sv\/wp-json\/wp\/v2\/users\/1"}],"replies":[{"embeddable":true,"href":"https:\/\/ornet.eu\/sv\/wp-json\/wp\/v2\/comments?post=559"}],"version-history":[{"count":5,"href":"https:\/\/ornet.eu\/sv\/wp-json\/wp\/v2\/pages\/559\/revisions"}],"predecessor-version":[{"id":5037,"href":"https:\/\/ornet.eu\/sv\/wp-json\/wp\/v2\/pages\/559\/revisions\/5037"}],"up":[{"embeddable":true,"href":"https:\/\/ornet.eu\/sv\/wp-json\/wp\/v2\/pages\/473"}],"wp:attachment":[{"href":"https:\/\/ornet.eu\/sv\/wp-json\/wp\/v2\/media?parent=559"}],"curies":[{"name":"wp","href":"https:\/\/api.w.org\/{rel}","templated":true}]}}