{"id":723,"date":"2017-03-08T13:47:29","date_gmt":"2017-03-08T11:47:29","guid":{"rendered":"http:\/\/ornet.eu\/?page_id=723"},"modified":"2023-01-19T14:51:03","modified_gmt":"2023-01-19T12:51:03","slug":"lights-management","status":"publish","type":"page","link":"https:\/\/ornet.eu\/sv\/ornet-surgery-2\/lights-management\/","title":{"rendered":"Ljushantering"},"content":{"rendered":"<div id=\"pl-723\"  class=\"panel-layout\" ><div id=\"pg-723-0\"  class=\"panel-grid panel-has-style\" ><div style=\"padding: 0px 0; \" data-overlay=\"true\" data-overlay-color=\"#000000\" class=\"panel-row-style panel-row-style-for-723-0\" ><div id=\"pgc-723-0-0\"  class=\"panel-grid-cell\" ><div id=\"panel-723-0-0-0\" class=\"so-panel widget widget_text panel-first-child panel-last-child\" data-index=\"0\" ><div style=\"text-align: left;\" data-title-color=\"#443f3f\" data-headings-color=\"#443f3f\" class=\"panel-widget-style panel-widget-style-for-723-0-0-0\" ><h3 class=\"widget-title\">Ljushantering<\/h3>\t\t\t<div class=\"textwidget\">Anslut en m\u00e4ngd olika ljusk\u00e4llor inklusive allm\u00e4nljus, kirurgiska lampor, endoskopiska lampor och bl\u00e5, gr\u00f6na och satellitljus. Hantera och kontrollera dem alla fr\u00e5n en centraliserad anv\u00e4ndningsplats. L\u00e4gg till och v\u00e4lj f\u00f6rinst\u00e4llningar f\u00f6r din \u00f6nskade ljusinst\u00e4llning och kontrollera funktioner som str\u00f6m p\u00e5\/av, storlek p\u00e5 ljusf\u00e4ltet etc. f\u00f6r ett smidigt arbetsfl\u00f6de under proceduren. \n\n<\/div>\n\t\t<\/div><\/div><\/div><div id=\"pgc-723-0-1\"  class=\"panel-grid-cell\" ><div id=\"panel-723-0-1-0\" class=\"so-panel widget widget_sow-image panel-first-child panel-last-child\" data-index=\"1\" ><div style=\"text-align: left;\" data-title-color=\"#443f3f\" data-headings-color=\"#443f3f\" class=\"panel-widget-style panel-widget-style-for-723-0-1-0\" ><div\n\t\t\t\n\t\t\tclass=\"so-widget-sow-image so-widget-sow-image-default-8b5b6f678277-723\"\n\t\t\t\n\t\t>\n<div class=\"sow-image-container\">\n\t\t<img fetchpriority=\"high\" \n\tsrc=\"https:\/\/ornet.eu\/wp-content\/uploads\/2017\/03\/lights-graphic.png\" width=\"815\" height=\"597\" srcset=\"https:\/\/ornet.eu\/wp-content\/uploads\/2017\/03\/lights-graphic.png 815w, https:\/\/ornet.eu\/wp-content\/uploads\/2017\/03\/lights-graphic-300x220.png 300w, https:\/\/ornet.eu\/wp-content\/uploads\/2017\/03\/lights-graphic-768x563.png 768w, https:\/\/ornet.eu\/wp-content\/uploads\/2017\/03\/lights-graphic-230x168.png 230w, https:\/\/ornet.eu\/wp-content\/uploads\/2017\/03\/lights-graphic-350x256.png 350w, https:\/\/ornet.eu\/wp-content\/uploads\/2017\/03\/lights-graphic-480x352.png 480w\" sizes=\"(max-width: 815px) 100vw, 815px\" title=\"Ljushantering\" alt=\"\" \t\tclass=\"so-widget-image\"\/>\n\t<\/div>\n\n<\/div><\/div><\/div><\/div><\/div><\/div><\/div>","protected":false},"excerpt":{"rendered":"<p>Connect a variety of light sources including general lights, surgical lamps, endoscopic lights, and blue,<\/p>","protected":false},"author":1,"featured_media":0,"parent":473,"menu_order":0,"comment_status":"closed","ping_status":"closed","template":"page-templates\/page_fullwidth.php","meta":{"_eb_attr":"","om_disable_all_campaigns":false,"_uf_show_specific_survey":0,"_uf_disable_surveys":false,"two_page_speed":[],"footnotes":""},"class_list":["post-723","page","type-page","status-publish","hentry"],"yoast_head":"<!-- This site is optimized with the Yoast SEO plugin v27.4 - https:\/\/yoast.com\/product\/yoast-seo-wordpress\/ -->\n<title>ORNet Lights Management - Medical imaging and device management<\/title>\n<meta name=\"description\" content=\"Control and pre-set of general lighting from 1 point. Control of any specified light source, including endoscopic lights.\" \/>\n<meta name=\"robots\" content=\"index, follow, max-snippet:-1, max-image-preview:large, max-video-preview:-1\" \/>\n<link rel=\"canonical\" href=\"https:\/\/ornet.eu\/sv\/ornet-surgery-2\/lights-management\/\" \/>\n<meta property=\"og:locale\" content=\"sv_SE\" \/>\n<meta property=\"og:type\" content=\"article\" \/>\n<meta property=\"og:title\" content=\"ORNet Lights Management - Medical imaging and device management\" \/>\n<meta property=\"og:description\" content=\"Control and pre-set of general lighting from 1 point. Control of any specified light source, including endoscopic lights.\" \/>\n<meta property=\"og:url\" content=\"https:\/\/ornet.eu\/sv\/ornet-surgery-2\/lights-management\/\" \/>\n<meta property=\"og:site_name\" content=\"ORNet\" \/>\n<meta property=\"article:publisher\" content=\"https:\/\/www.facebook.com\/baitpartner\" \/>\n<meta property=\"article:modified_time\" content=\"2023-01-19T12:51:03+00:00\" \/>\n<meta name=\"twitter:card\" content=\"summary_large_image\" \/>\n<meta name=\"twitter:site\" content=\"@BaitPartner\" \/>\n<meta name=\"twitter:label1\" content=\"Ber\u00e4knad l\u00e4stid\" \/>\n\t<meta name=\"twitter:data1\" content=\"1 minut\" \/>\n<script type=\"application\/ld+json\" class=\"yoast-schema-graph\">{\"@context\":\"https:\\\/\\\/schema.org\",\"@graph\":[{\"@type\":\"WebPage\",\"@id\":\"https:\\\/\\\/ornet.eu\\\/ornet-surgery-2\\\/lights-management\\\/\",\"url\":\"https:\\\/\\\/ornet.eu\\\/ornet-surgery-2\\\/lights-management\\\/\",\"name\":\"ORNet Lights Management - Medical imaging and device management\",\"isPartOf\":{\"@id\":\"https:\\\/\\\/ornet.eu\\\/#website\"},\"datePublished\":\"2017-03-08T11:47:29+00:00\",\"dateModified\":\"2023-01-19T12:51:03+00:00\",\"description\":\"Control and pre-set of general lighting from 1 point. Control of any specified light source, including endoscopic lights.\",\"breadcrumb\":{\"@id\":\"https:\\\/\\\/ornet.eu\\\/ornet-surgery-2\\\/lights-management\\\/#breadcrumb\"},\"inLanguage\":\"sv-SE\",\"potentialAction\":[{\"@type\":\"ReadAction\",\"target\":[\"https:\\\/\\\/ornet.eu\\\/ornet-surgery-2\\\/lights-management\\\/\"]}]},{\"@type\":\"BreadcrumbList\",\"@id\":\"https:\\\/\\\/ornet.eu\\\/ornet-surgery-2\\\/lights-management\\\/#breadcrumb\",\"itemListElement\":[{\"@type\":\"ListItem\",\"position\":1,\"name\":\"Home\",\"item\":\"https:\\\/\\\/ornet.eu\\\/\"},{\"@type\":\"ListItem\",\"position\":2,\"name\":\"ORNet Surgery\",\"item\":\"https:\\\/\\\/ornet.eu\\\/ornet-surgery-2\\\/\"},{\"@type\":\"ListItem\",\"position\":3,\"name\":\"Lights management\"}]},{\"@type\":\"WebSite\",\"@id\":\"https:\\\/\\\/ornet.eu\\\/#website\",\"url\":\"https:\\\/\\\/ornet.eu\\\/\",\"name\":\"ORNet\",\"description\":\"Medical Imaging &amp; Device Management Solutions\",\"publisher\":{\"@id\":\"https:\\\/\\\/ornet.eu\\\/#organization\"},\"potentialAction\":[{\"@type\":\"SearchAction\",\"target\":{\"@type\":\"EntryPoint\",\"urlTemplate\":\"https:\\\/\\\/ornet.eu\\\/?s={search_term_string}\"},\"query-input\":{\"@type\":\"PropertyValueSpecification\",\"valueRequired\":true,\"valueName\":\"search_term_string\"}}],\"inLanguage\":\"sv-SE\"},{\"@type\":\"Organization\",\"@id\":\"https:\\\/\\\/ornet.eu\\\/#organization\",\"name\":\"Bait Partner O\u00dc\",\"url\":\"https:\\\/\\\/ornet.eu\\\/\",\"logo\":{\"@type\":\"ImageObject\",\"inLanguage\":\"sv-SE\",\"@id\":\"https:\\\/\\\/ornet.eu\\\/#\\\/schema\\\/logo\\\/image\\\/\",\"url\":\"https:\\\/\\\/ornet.eu\\\/wp-content\\\/uploads\\\/2022\\\/03\\\/BAIT-PARTNER-logo-in-square-format.jpg\",\"contentUrl\":\"https:\\\/\\\/ornet.eu\\\/wp-content\\\/uploads\\\/2022\\\/03\\\/BAIT-PARTNER-logo-in-square-format.jpg\",\"width\":520,\"height\":520,\"caption\":\"Bait Partner O\u00dc\"},\"image\":{\"@id\":\"https:\\\/\\\/ornet.eu\\\/#\\\/schema\\\/logo\\\/image\\\/\"},\"sameAs\":[\"https:\\\/\\\/www.facebook.com\\\/baitpartner\",\"https:\\\/\\\/x.com\\\/BaitPartner\",\"https:\\\/\\\/www.instagram.com\\\/baitpartner\\\/\",\"https:\\\/\\\/www.linkedin.com\\\/company\\\/bait-partner-o-\\\/\"]}]}<\/script>\n<!-- \/ Yoast SEO plugin. -->","yoast_head_json":{"title":"ORNet Lights Management - Medical imaging and device management","description":"Control and pre-set of general lighting from 1 point. Control of any specified light source, including endoscopic lights.","robots":{"index":"index","follow":"follow","max-snippet":"max-snippet:-1","max-image-preview":"max-image-preview:large","max-video-preview":"max-video-preview:-1"},"canonical":"https:\/\/ornet.eu\/sv\/ornet-surgery-2\/lights-management\/","og_locale":"sv_SE","og_type":"article","og_title":"ORNet Lights Management - Medical imaging and device management","og_description":"Control and pre-set of general lighting from 1 point. Control of any specified light source, including endoscopic lights.","og_url":"https:\/\/ornet.eu\/sv\/ornet-surgery-2\/lights-management\/","og_site_name":"ORNet","article_publisher":"https:\/\/www.facebook.com\/baitpartner","article_modified_time":"2023-01-19T12:51:03+00:00","twitter_card":"summary_large_image","twitter_site":"@BaitPartner","twitter_misc":{"Ber\u00e4knad l\u00e4stid":"1 minut"},"schema":{"@context":"https:\/\/schema.org","@graph":[{"@type":"WebPage","@id":"https:\/\/ornet.eu\/ornet-surgery-2\/lights-management\/","url":"https:\/\/ornet.eu\/ornet-surgery-2\/lights-management\/","name":"ORNet Lights Management - Medical imaging and device management","isPartOf":{"@id":"https:\/\/ornet.eu\/#website"},"datePublished":"2017-03-08T11:47:29+00:00","dateModified":"2023-01-19T12:51:03+00:00","description":"Control and pre-set of general lighting from 1 point. Control of any specified light source, including endoscopic lights.","breadcrumb":{"@id":"https:\/\/ornet.eu\/ornet-surgery-2\/lights-management\/#breadcrumb"},"inLanguage":"sv-SE","potentialAction":[{"@type":"ReadAction","target":["https:\/\/ornet.eu\/ornet-surgery-2\/lights-management\/"]}]},{"@type":"BreadcrumbList","@id":"https:\/\/ornet.eu\/ornet-surgery-2\/lights-management\/#breadcrumb","itemListElement":[{"@type":"ListItem","position":1,"name":"Home","item":"https:\/\/ornet.eu\/"},{"@type":"ListItem","position":2,"name":"ORNet Surgery","item":"https:\/\/ornet.eu\/ornet-surgery-2\/"},{"@type":"ListItem","position":3,"name":"Lights management"}]},{"@type":"WebSite","@id":"https:\/\/ornet.eu\/#website","url":"https:\/\/ornet.eu\/","name":"ORNet","description":"Medical Imaging &amp; Device Management Solutions","publisher":{"@id":"https:\/\/ornet.eu\/#organization"},"potentialAction":[{"@type":"SearchAction","target":{"@type":"EntryPoint","urlTemplate":"https:\/\/ornet.eu\/?s={search_term_string}"},"query-input":{"@type":"PropertyValueSpecification","valueRequired":true,"valueName":"search_term_string"}}],"inLanguage":"sv-SE"},{"@type":"Organization","@id":"https:\/\/ornet.eu\/#organization","name":"Bait Partner O\u00dc","url":"https:\/\/ornet.eu\/","logo":{"@type":"ImageObject","inLanguage":"sv-SE","@id":"https:\/\/ornet.eu\/#\/schema\/logo\/image\/","url":"https:\/\/ornet.eu\/wp-content\/uploads\/2022\/03\/BAIT-PARTNER-logo-in-square-format.jpg","contentUrl":"https:\/\/ornet.eu\/wp-content\/uploads\/2022\/03\/BAIT-PARTNER-logo-in-square-format.jpg","width":520,"height":520,"caption":"Bait Partner O\u00dc"},"image":{"@id":"https:\/\/ornet.eu\/#\/schema\/logo\/image\/"},"sameAs":["https:\/\/www.facebook.com\/baitpartner","https:\/\/x.com\/BaitPartner","https:\/\/www.instagram.com\/baitpartner\/","https:\/\/www.linkedin.com\/company\/bait-partner-o-\/"]}]}},"post_mailing_queue_ids":[],"_links":{"self":[{"href":"https:\/\/ornet.eu\/sv\/wp-json\/wp\/v2\/pages\/723","targetHints":{"allow":["GET"]}}],"collection":[{"href":"https:\/\/ornet.eu\/sv\/wp-json\/wp\/v2\/pages"}],"about":[{"href":"https:\/\/ornet.eu\/sv\/wp-json\/wp\/v2\/types\/page"}],"author":[{"embeddable":true,"href":"https:\/\/ornet.eu\/sv\/wp-json\/wp\/v2\/users\/1"}],"replies":[{"embeddable":true,"href":"https:\/\/ornet.eu\/sv\/wp-json\/wp\/v2\/comments?post=723"}],"version-history":[{"count":5,"href":"https:\/\/ornet.eu\/sv\/wp-json\/wp\/v2\/pages\/723\/revisions"}],"predecessor-version":[{"id":4955,"href":"https:\/\/ornet.eu\/sv\/wp-json\/wp\/v2\/pages\/723\/revisions\/4955"}],"up":[{"embeddable":true,"href":"https:\/\/ornet.eu\/sv\/wp-json\/wp\/v2\/pages\/473"}],"wp:attachment":[{"href":"https:\/\/ornet.eu\/sv\/wp-json\/wp\/v2\/media?parent=723"}],"curies":[{"name":"wp","href":"https:\/\/api.w.org\/{rel}","templated":true}]}}