{"id":7932,"date":"2024-04-08T15:34:26","date_gmt":"2024-04-08T12:34:26","guid":{"rendered":"https:\/\/ornet.eu\/?page_id=7932"},"modified":"2024-04-08T15:35:26","modified_gmt":"2024-04-08T12:35:26","slug":"feedback-form","status":"publish","type":"page","link":"https:\/\/ornet.eu\/sv\/feedback-form\/","title":{"rendered":"Feedback form"},"content":{"rendered":"\t\t<div data-elementor-type=\"wp-page\" data-elementor-id=\"7932\" class=\"elementor elementor-7932\">\n\t\t\t\t\t\t<section class=\"elementor-section elementor-top-section elementor-element elementor-element-cacbf52 elementor-section-boxed elementor-section-height-default elementor-section-height-default wpr-particle-no wpr-jarallax-no wpr-parallax-no wpr-sticky-section-no wpr-equal-height-no\" data-id=\"cacbf52\" data-element_type=\"section\" data-e-type=\"section\">\n\t\t\t\t\t\t<div class=\"elementor-container elementor-column-gap-default\">\n\t\t\t\t\t<div class=\"elementor-column elementor-col-100 elementor-top-column elementor-element elementor-element-29fbc42\" data-id=\"29fbc42\" data-element_type=\"column\" data-e-type=\"column\">\n\t\t\t<div class=\"elementor-widget-wrap elementor-element-populated\">\n\t\t\t\t\t\t<div class=\"elementor-element elementor-element-d1ed715 elementor-widget elementor-widget-shortcode\" data-id=\"d1ed715\" data-element_type=\"widget\" data-e-type=\"widget\" data-widget_type=\"shortcode.default\">\n\t\t\t\t<div class=\"elementor-widget-container\">\n\t\t\t\t\t\t\t<div class=\"elementor-shortcode\"><style id=\"wpforms-css-vars-7927\">\n\t\t\t\t#wpforms-7927 {\n\t\t\t\t--wpforms-container-padding: 0px;\n--wpforms-container-border-width: 1px;\n--wpforms-container-border-radius: 3px;\n--wpforms-background-color: rgba(0, 0, 0, 0);\n--wpforms-field-size-input-height: 43px;\n--wpforms-field-size-input-spacing: 15px;\n--wpforms-field-size-font-size: 16px;\n--wpforms-field-size-line-height: 19px;\n--wpforms-field-size-padding-h: 14px;\n--wpforms-field-size-checkbox-size: 16px;\n--wpforms-field-size-sublabel-spacing: 5px;\n--wpforms-field-size-icon-size: 1;\n--wpforms-label-size-font-size: 16px;\n--wpforms-label-size-line-height: 19px;\n--wpforms-label-size-sublabel-font-size: 14px;\n--wpforms-label-size-sublabel-line-height: 17px;\n--wpforms-button-size-font-size: 17px;\n--wpforms-button-size-height: 41px;\n--wpforms-button-size-padding-h: 15px;\n--wpforms-button-size-margin-top: 10px;\n--wpforms-container-shadow-size-box-shadow: none;\n\t\t\t}\n\t\t\t<\/style>\r\n<style type=\"text\/css\">\r\n\r\n\r\n\r\n\r\n\r\n\r\n\r\n\r\n\r\n\tbody #wpforms-7927 .wpforms-form .wpforms-field input[type=text],\r\n\tbody #wpforms-7927 .wpforms-form .wpforms-field input[type=email],\r\n\tbody #wpforms-7927 .wpforms-form .wpforms-field input[type=tel],\r\n\tbody #wpforms-7927 .wpforms-form .wpforms-field input[type=url],\r\n\tbody #wpforms-7927 .wpforms-form .wpforms-field input[type=password],\r\n\tbody #wpforms-7927 .wpforms-form .wpforms-field input[type=number]\r\n\t{\r\n\t\tborder-color:#0a0000 ;\t\tborder-width: 1px;\t}\r\n\r\n\tbody #wpforms-7927 .wpforms-form .wpforms-field .wpforms-field-row\r\n\t{\r\n\t\t\t}\r\n\r\n\tbody #wpforms-7927 .wpforms-form .wpforms-field-layout.wpforms-field input[type=text],\r\n\tbody #wpforms-7927 .wpforms-form .wpforms-field-layout.wpforms-field input[type=email],\r\n\tbody #wpforms-7927 .wpforms-form .wpforms-field-layout.wpforms-field input[type=tel],\r\n\tbody #wpforms-7927 .wpforms-form .wpforms-field-layout.wpforms-field input[type=url],\r\n\tbody #wpforms-7927 .wpforms-form .wpforms-field-layout.wpforms-field input[type=password],\r\n\tbody #wpforms-7927 .wpforms-form .wpforms-field-layout.wpforms-field input[type=number]{\r\n\t\twidth: 100%;\r\n\t}\r\n\r\n\tbody #wpforms-7927 .wpforms-form .wpforms-field .wpforms-field-row input[type=text]{\r\n\t\twidth: 100%;\r\n\t}\r\n\r\n\r\n\r\n\r\n\r\n\tbody #wpforms-7927 .wpforms-form .wpforms-field textarea {\r\n\t\tborder-color:#000000 ;\t\t\tborder-width: 1px;\t}\r\n\r\n \r\n\r\n\tbody #wpforms-7927 .wpforms-form .wpforms-field select {\r\n\r\n\t\tborder-color:#000000 ;\r\n\t\tborder-width: 1px;\t}\r\n\r\n\t\/* dropdown styles on modern background *\/\r\n\tbody #wpforms-7927 .wpforms-form .wpforms-field-select-style-modern .choices__inner{\r\n\t\tborder-color:#000000 ;\t\t\r\n\t}\r\n\r\n\t\/* background color on modern dropdown *\/\r\n\t\r\n\r\n \r\n\tbody #wpforms-7927 .wpforms-form .wpforms-field label.wpforms-field-label,\r\n\tbody #wpforms-7927 .wpforms-form .wpforms-field .wpforms-field-label {\r\n\t\t\t}\r\n\r\n\r\n\/* Styling for Tablets *\/\r\n@media only screen and (max-width: 800px) and (min-width:481px) {\r\n\t\r\n\r\n\r\n\r\n}\r\n\r\n@media only screen and (max-width: 480px){\r\n\t\r\n\r\n\r\n\r\n}\r\n\/*Option to add custom CSS *\/\r\n\r\n\r\n\r\n\t\t<\/style>\r\n\t\t<div class=\"wpforms-container wpforms-container-full wpforms-render-modern\" id=\"wpforms-7927\"><form id=\"wpforms-form-7927\" class=\"wpforms-validate wpforms-form wpforms-ajax-form\" data-formid=\"7927\" method=\"post\" enctype=\"multipart\/form-data\" action=\"\/sv\/wp-json\/wp\/v2\/pages\/7932\" data-token=\"6762bcb569ec0e9ace542f339bb80a8c\" data-token-time=\"1776604109\"><noscript class=\"wpforms-error-noscript\">Aktivera JavaScript i din webbl\u00e4sare f\u00f6r att fylla i formul\u00e4ret.<\/noscript><div id=\"wpforms-error-noscript\" style=\"display: none;\">Aktivera JavaScript i din webbl\u00e4sare f\u00f6r att fylla i formul\u00e4ret.<\/div><div class=\"wpforms-field-container\"><div id=\"wpforms-7927-field_0-container\" class=\"wpforms-field wpforms-field-name\" data-field-id=\"0\"><label class=\"wpforms-field-label\" for=\"wpforms-7927-field_0\">Name <span class=\"wpforms-required-label\" aria-hidden=\"true\">*<\/span><\/label><input type=\"text\" id=\"wpforms-7927-field_0\" class=\"wpforms-field-medium wpforms-field-required\" name=\"wpforms[fields][0]\" aria-errormessage=\"wpforms-7927-field_0-error\" required><\/div><div id=\"wpforms-7927-field_1-container\" class=\"wpforms-field wpforms-field-email\" data-field-id=\"1\"><label class=\"wpforms-field-label\" for=\"wpforms-7927-field_1\">Email <span class=\"wpforms-required-label\" aria-hidden=\"true\">*<\/span><\/label><input type=\"email\" id=\"wpforms-7927-field_1\" class=\"wpforms-field-medium wpforms-field-required\" name=\"wpforms[fields][1]\" spellcheck=\"false\" aria-errormessage=\"wpforms-7927-field_1-error\" required><\/div><div id=\"wpforms-7927-field_3-container\" class=\"wpforms-field wpforms-field-text\" data-field-id=\"3\"><label class=\"wpforms-field-label\" for=\"wpforms-7927-field_3\">Your organization <span class=\"wpforms-required-label\" aria-hidden=\"true\">*<\/span><\/label><input type=\"text\" id=\"wpforms-7927-field_3\" class=\"wpforms-field-medium wpforms-field-required\" name=\"wpforms[fields][3]\" placeholder=\"HUS\" aria-errormessage=\"wpforms-7927-field_3-error\" required><\/div>\t\t<div id=\"wpforms-7927-field_4-container\"\n\t\t\tclass=\"wpforms-field wpforms-field-text\"\n\t\t\tdata-field-type=\"text\"\n\t\t\tdata-field-id=\"4\"\n\t\t\t>\n\t\t\t<label class=\"wpforms-field-label\" for=\"wpforms-7927-field_4\" >Explanation organization Request<\/label>\n\t\t\t<input type=\"text\" id=\"wpforms-7927-field_4\" class=\"wpforms-field-medium\" name=\"wpforms[fields][4]\" >\n\t\t<\/div>\n\t\t<div id=\"wpforms-7927-field_7-container\" class=\"wpforms-field wpforms-field-text\" data-field-id=\"7\"><label class=\"wpforms-field-label\" for=\"wpforms-7927-field_7\">Product<\/label><input type=\"text\" id=\"wpforms-7927-field_7\" class=\"wpforms-field-medium\" name=\"wpforms[fields][7]\" placeholder=\"ORNet Pathology\" aria-errormessage=\"wpforms-7927-field_7-error\" ><\/div><div id=\"wpforms-7927-field_5-container\" class=\"wpforms-field wpforms-field-select wpforms-field-select-style-classic\" data-field-id=\"5\"><label class=\"wpforms-field-label\" for=\"wpforms-7927-field_5\">Request Type <span class=\"wpforms-required-label\" aria-hidden=\"true\">*<\/span><\/label><select id=\"wpforms-7927-field_5\" class=\"wpforms-field-medium wpforms-field-required\" name=\"wpforms[fields][5]\" required=\"required\"><option value=\"Bug\"  class=\"choice-1 depth-1\"  >Bug<\/option><option value=\"Suggestion\"  class=\"choice-2 depth-1\"  >Suggestion<\/option><option value=\"Another\"  class=\"choice-3 depth-1\"  >Another<\/option><\/select><\/div><div id=\"wpforms-7927-field_2-container\" class=\"wpforms-field wpforms-field-textarea\" data-field-id=\"2\"><label class=\"wpforms-field-label\" for=\"wpforms-7927-field_2\">Explanation <span class=\"wpforms-required-label\" aria-hidden=\"true\">*<\/span><\/label><textarea id=\"wpforms-7927-field_2\" class=\"wpforms-field-medium wpforms-field-required\" name=\"wpforms[fields][2]\" aria-errormessage=\"wpforms-7927-field_2-error\" required><\/textarea><\/div><div id=\"wpforms-7927-field_6-container\" class=\"wpforms-field wpforms-field-textarea invisible\" data-field-id=\"6\"><label class=\"wpforms-field-label\" for=\"wpforms-7927-field_6\">Versions<\/label><textarea id=\"wpforms-7927-field_6\" class=\"wpforms-field-medium\" name=\"wpforms[fields][6]\" aria-errormessage=\"wpforms-7927-field_6-error\" ><\/textarea><\/div><script>\n\t\t\t\t( function() {\n\t\t\t\t\tconst style = document.createElement( 'style' );\n\t\t\t\t\tstyle.appendChild( document.createTextNode( '#wpforms-7927-field_4-container { position: absolute !important; overflow: hidden !important; display: inline !important; height: 1px !important; width: 1px !important; z-index: -1000 !important; padding: 0 !important; } #wpforms-7927-field_4-container input { visibility: hidden; } #wpforms-conversational-form-page #wpforms-7927-field_4-container label { counter-increment: none; }' ) );\n\t\t\t\t\tdocument.head.appendChild( style );\n\t\t\t\t\tdocument.currentScript?.remove();\n\t\t\t\t} )();\n\t\t\t<\/script><\/div><!-- .wpforms-field-container --><input type=\"text\" name=\"JrYiw\" value=\"\" style=\"display: none !important;\" \/><div class=\"wpforms-recaptcha-container wpforms-is-recaptcha wpforms-is-recaptcha-type-v3\" ><input type=\"hidden\" name=\"wpforms[recaptcha]\" value=\"\"><\/div><div class=\"wpforms-submit-container\" ><input type=\"hidden\" name=\"wpforms[id]\" value=\"7927\"><input type=\"hidden\" name=\"page_title\" value=\"\"><input type=\"hidden\" name=\"page_url\" value=\"https:\/\/ornet.eu\/sv\/wp-json\/wp\/v2\/pages\/7932\"><input type=\"hidden\" name=\"url_referer\" value=\"\"><button type=\"submit\" name=\"wpforms[submit]\" id=\"wpforms-submit-7927\" class=\"wpforms-submit\" data-alt-text=\"Sending...\" data-submit-text=\"Submit\" aria-live=\"assertive\" value=\"wpforms-submit\">Submit<\/button><img decoding=\"async\" src=\"https:\/\/ornet.eu\/wp-content\/plugins\/wpforms-lite\/assets\/images\/submit-spin.svg\" class=\"wpforms-submit-spinner\" style=\"display: none;\" width=\"26\" height=\"26\" alt=\"Laddar\"><\/div><\/form><\/div>  <!-- .wpforms-container -->\t<\/div>\n\t\t\t\t\t\t<\/div>\n\t\t\t\t<\/div>\n\t\t\t\t\t<\/div>\n\t\t<\/div>\n\t\t\t\t\t<\/div>\n\t\t<\/section>\n\t\t\t\t<\/div>\n\t\t","protected":false},"excerpt":{"rendered":"","protected":false},"author":1,"featured_media":0,"parent":0,"menu_order":0,"comment_status":"closed","ping_status":"closed","template":"","meta":{"_eb_attr":"","om_disable_all_campaigns":false,"_uf_show_specific_survey":0,"_uf_disable_surveys":false,"two_page_speed":[],"footnotes":""},"class_list":["post-7932","page","type-page","status-publish","hentry"],"yoast_head":"<!-- This site is optimized with the Yoast SEO plugin v27.4 - https:\/\/yoast.com\/product\/yoast-seo-wordpress\/ -->\n<title>Feedback form &#8211; ORNet<\/title>\n<meta name=\"robots\" content=\"index, follow, max-snippet:-1, max-image-preview:large, max-video-preview:-1\" \/>\n<link rel=\"canonical\" href=\"https:\/\/www.ornet.eu\/sv\/feedback-form\/\" \/>\n<meta property=\"og:locale\" content=\"sv_SE\" \/>\n<meta property=\"og:type\" content=\"article\" \/>\n<meta property=\"og:title\" content=\"Feedback form &#8211; ORNet\" \/>\n<meta property=\"og:url\" content=\"https:\/\/www.ornet.eu\/sv\/feedback-form\/\" \/>\n<meta property=\"og:site_name\" content=\"ORNet\" \/>\n<meta property=\"article:publisher\" content=\"https:\/\/www.facebook.com\/baitpartner\" \/>\n<meta property=\"article:modified_time\" content=\"2024-04-08T12:35:26+00:00\" \/>\n<meta name=\"twitter:card\" content=\"summary_large_image\" \/>\n<meta name=\"twitter:site\" content=\"@BaitPartner\" \/>\n<script type=\"application\/ld+json\" class=\"yoast-schema-graph\">{\"@context\":\"https:\\\/\\\/schema.org\",\"@graph\":[{\"@type\":\"WebPage\",\"@id\":\"https:\\\/\\\/www.ornet.eu\\\/sv\\\/feedback-form\\\/\",\"url\":\"https:\\\/\\\/www.ornet.eu\\\/sv\\\/feedback-form\\\/\",\"name\":\"Feedback form &#8211; ORNet\",\"isPartOf\":{\"@id\":\"https:\\\/\\\/www.ornet.eu\\\/fi\\\/#website\"},\"datePublished\":\"2024-04-08T12:34:26+00:00\",\"dateModified\":\"2024-04-08T12:35:26+00:00\",\"breadcrumb\":{\"@id\":\"https:\\\/\\\/www.ornet.eu\\\/sv\\\/feedback-form\\\/#breadcrumb\"},\"inLanguage\":\"sv-SE\",\"potentialAction\":[{\"@type\":\"ReadAction\",\"target\":[\"https:\\\/\\\/www.ornet.eu\\\/sv\\\/feedback-form\\\/\"]}]},{\"@type\":\"BreadcrumbList\",\"@id\":\"https:\\\/\\\/www.ornet.eu\\\/sv\\\/feedback-form\\\/#breadcrumb\",\"itemListElement\":[{\"@type\":\"ListItem\",\"position\":1,\"name\":\"Home\",\"item\":\"https:\\\/\\\/www.ornet.eu\\\/fi\\\/\"},{\"@type\":\"ListItem\",\"position\":2,\"name\":\"Feedback form\"}]},{\"@type\":\"WebSite\",\"@id\":\"https:\\\/\\\/www.ornet.eu\\\/fi\\\/#website\",\"url\":\"https:\\\/\\\/www.ornet.eu\\\/fi\\\/\",\"name\":\"ORNet\",\"description\":\"Medical Imaging &amp; Device Management Solutions\",\"publisher\":{\"@id\":\"https:\\\/\\\/www.ornet.eu\\\/fi\\\/#organization\"},\"potentialAction\":[{\"@type\":\"SearchAction\",\"target\":{\"@type\":\"EntryPoint\",\"urlTemplate\":\"https:\\\/\\\/www.ornet.eu\\\/fi\\\/?s={search_term_string}\"},\"query-input\":{\"@type\":\"PropertyValueSpecification\",\"valueRequired\":true,\"valueName\":\"search_term_string\"}}],\"inLanguage\":\"sv-SE\"},{\"@type\":\"Organization\",\"@id\":\"https:\\\/\\\/www.ornet.eu\\\/fi\\\/#organization\",\"name\":\"Bait Partner O\u00dc\",\"url\":\"https:\\\/\\\/www.ornet.eu\\\/fi\\\/\",\"logo\":{\"@type\":\"ImageObject\",\"inLanguage\":\"sv-SE\",\"@id\":\"https:\\\/\\\/www.ornet.eu\\\/fi\\\/#\\\/schema\\\/logo\\\/image\\\/\",\"url\":\"https:\\\/\\\/ornet.eu\\\/wp-content\\\/uploads\\\/2022\\\/03\\\/BAIT-PARTNER-logo-in-square-format.jpg\",\"contentUrl\":\"https:\\\/\\\/ornet.eu\\\/wp-content\\\/uploads\\\/2022\\\/03\\\/BAIT-PARTNER-logo-in-square-format.jpg\",\"width\":520,\"height\":520,\"caption\":\"Bait Partner O\u00dc\"},\"image\":{\"@id\":\"https:\\\/\\\/www.ornet.eu\\\/fi\\\/#\\\/schema\\\/logo\\\/image\\\/\"},\"sameAs\":[\"https:\\\/\\\/www.facebook.com\\\/baitpartner\",\"https:\\\/\\\/x.com\\\/BaitPartner\",\"https:\\\/\\\/www.instagram.com\\\/baitpartner\\\/\",\"https:\\\/\\\/www.linkedin.com\\\/company\\\/bait-partner-o-\\\/\"]}]}<\/script>\n<!-- \/ Yoast SEO plugin. -->","yoast_head_json":{"title":"Feedback form &#8211; ORNet","robots":{"index":"index","follow":"follow","max-snippet":"max-snippet:-1","max-image-preview":"max-image-preview:large","max-video-preview":"max-video-preview:-1"},"canonical":"https:\/\/www.ornet.eu\/sv\/feedback-form\/","og_locale":"sv_SE","og_type":"article","og_title":"Feedback form &#8211; ORNet","og_url":"https:\/\/www.ornet.eu\/sv\/feedback-form\/","og_site_name":"ORNet","article_publisher":"https:\/\/www.facebook.com\/baitpartner","article_modified_time":"2024-04-08T12:35:26+00:00","twitter_card":"summary_large_image","twitter_site":"@BaitPartner","schema":{"@context":"https:\/\/schema.org","@graph":[{"@type":"WebPage","@id":"https:\/\/www.ornet.eu\/sv\/feedback-form\/","url":"https:\/\/www.ornet.eu\/sv\/feedback-form\/","name":"Feedback form &#8211; ORNet","isPartOf":{"@id":"https:\/\/www.ornet.eu\/fi\/#website"},"datePublished":"2024-04-08T12:34:26+00:00","dateModified":"2024-04-08T12:35:26+00:00","breadcrumb":{"@id":"https:\/\/www.ornet.eu\/sv\/feedback-form\/#breadcrumb"},"inLanguage":"sv-SE","potentialAction":[{"@type":"ReadAction","target":["https:\/\/www.ornet.eu\/sv\/feedback-form\/"]}]},{"@type":"BreadcrumbList","@id":"https:\/\/www.ornet.eu\/sv\/feedback-form\/#breadcrumb","itemListElement":[{"@type":"ListItem","position":1,"name":"Home","item":"https:\/\/www.ornet.eu\/fi\/"},{"@type":"ListItem","position":2,"name":"Feedback form"}]},{"@type":"WebSite","@id":"https:\/\/www.ornet.eu\/fi\/#website","url":"https:\/\/www.ornet.eu\/fi\/","name":"ORNet","description":"Medical Imaging &amp; Device Management Solutions","publisher":{"@id":"https:\/\/www.ornet.eu\/fi\/#organization"},"potentialAction":[{"@type":"SearchAction","target":{"@type":"EntryPoint","urlTemplate":"https:\/\/www.ornet.eu\/fi\/?s={search_term_string}"},"query-input":{"@type":"PropertyValueSpecification","valueRequired":true,"valueName":"search_term_string"}}],"inLanguage":"sv-SE"},{"@type":"Organization","@id":"https:\/\/www.ornet.eu\/fi\/#organization","name":"Bait Partner O\u00dc","url":"https:\/\/www.ornet.eu\/fi\/","logo":{"@type":"ImageObject","inLanguage":"sv-SE","@id":"https:\/\/www.ornet.eu\/fi\/#\/schema\/logo\/image\/","url":"https:\/\/ornet.eu\/wp-content\/uploads\/2022\/03\/BAIT-PARTNER-logo-in-square-format.jpg","contentUrl":"https:\/\/ornet.eu\/wp-content\/uploads\/2022\/03\/BAIT-PARTNER-logo-in-square-format.jpg","width":520,"height":520,"caption":"Bait Partner O\u00dc"},"image":{"@id":"https:\/\/www.ornet.eu\/fi\/#\/schema\/logo\/image\/"},"sameAs":["https:\/\/www.facebook.com\/baitpartner","https:\/\/x.com\/BaitPartner","https:\/\/www.instagram.com\/baitpartner\/","https:\/\/www.linkedin.com\/company\/bait-partner-o-\/"]}]}},"post_mailing_queue_ids":[],"_links":{"self":[{"href":"https:\/\/ornet.eu\/sv\/wp-json\/wp\/v2\/pages\/7932","targetHints":{"allow":["GET"]}}],"collection":[{"href":"https:\/\/ornet.eu\/sv\/wp-json\/wp\/v2\/pages"}],"about":[{"href":"https:\/\/ornet.eu\/sv\/wp-json\/wp\/v2\/types\/page"}],"author":[{"embeddable":true,"href":"https:\/\/ornet.eu\/sv\/wp-json\/wp\/v2\/users\/1"}],"replies":[{"embeddable":true,"href":"https:\/\/ornet.eu\/sv\/wp-json\/wp\/v2\/comments?post=7932"}],"version-history":[{"count":4,"href":"https:\/\/ornet.eu\/sv\/wp-json\/wp\/v2\/pages\/7932\/revisions"}],"predecessor-version":[{"id":7936,"href":"https:\/\/ornet.eu\/sv\/wp-json\/wp\/v2\/pages\/7932\/revisions\/7936"}],"wp:attachment":[{"href":"https:\/\/ornet.eu\/sv\/wp-json\/wp\/v2\/media?parent=7932"}],"curies":[{"name":"wp","href":"https:\/\/api.w.org\/{rel}","templated":true}]}}